{"id":42,"date":"2024-08-27T16:56:29","date_gmt":"2024-08-27T19:56:29","guid":{"rendered":"https:\/\/departamentos.uel.br\/geografia\/?page_id=42"},"modified":"2024-10-08T11:16:51","modified_gmt":"2024-10-08T14:16:51","slug":"contatos","status":"publish","type":"page","link":"https:\/\/departamentos.uel.br\/geografia\/contatos\/","title":{"rendered":"Contatos"},"content":{"rendered":"\n<p><strong>Chefe do Departamento de Geografia<\/strong><br>Carlos Alberto Hirata<br>cahirata@uel.br<\/p>\n\n\n\n<p>Fone: (043) 3371 4154<\/p>\n\n\n\n<p><strong>Vice-Chefe do Departamento de Geografia<\/strong><br>Marciel Lohmann<br>marciel@uel.br<\/p>\n\n\n\n<p><strong>Coordena\u00e7\u00e3o do Colegiado<\/strong><br>Jaqueline Thelma Vercezi<br>jaqvercezi@uel.br<\/p>\n\n\n\n<p><strong>Vice-Coordenadora do Colegiado<\/strong><br>Patr\u00edcia Fernandes Paula Shinobu<br>pfpaula@uel.br<\/p>\n\n\n\n<p><strong>Coordenador de Est\u00e1gio<\/strong><br>Margarida de Cassia Campos (Licenciatura)<br>mcassiacampos@uel.br<\/p>\n\n\n\n<p>Edineia Vilanova Grizio Orita (Bacharelado)<br>edineia@uel.br<\/p>\n\n\n\n<p><strong>Coordenador de&nbsp;TCC<\/strong><br>Nilson Cesar Fraga<br>ncfraga@uel.br<\/p>\n\n\n\n<p><strong>Coordenador de AEX<br><\/strong>Maico Eduardo Dias Dias<br>maico.eduardo.dias@uel.br<\/p>\n\n\n\n<p><strong>Coordenadora do Curso de Especializa\u00e7\u00e3o em Ensino de Geografia<\/strong><br>Eloiza Cristiane Torres<br>elotorres@uel.br<\/p>\n\n\n\n<p><strong>Coordenadora do N\u00facleo Docente Estruturante (NDE)<\/strong><br>Patr\u00edcia Fernandes Paula-Shinobu<br>pfpaula@uel.br<\/p>\n\n\n\n<p><strong>Coordenadora do Curso de Especializa\u00e7\u00e3o em Ensino de Geografia<\/strong><br>Eloiza Cristiane Torres<br>elotorres@uel.br<\/p>\n\n\n\n<p><strong>Coordenadora do Programa de P\u00f3s-Gradua\u00e7\u00e3o em Geografia<\/strong><br>Jeani Delgado Paschoal Moura<br>jeanimoura@uel.br<\/p>\n\n\n\n<p><strong>Vice-Coordenadora do Programa de P\u00f3s-Gradua\u00e7\u00e3o em Geografia<\/strong><br>Ideni Terezinha Antonello<br>antonello@uel.br<\/p>\n\n\n\n<p><\/p>\n","protected":false},"excerpt":{"rendered":"<p>Chefe do Departamento de GeografiaCarlos Alberto Hiratacahirata@uel.br Fone: (043) 3371 4154 Vice-Chefe do Departamento de GeografiaMarciel Lohmannmarciel@uel.br Coordena\u00e7\u00e3o do ColegiadoJaqueline Thelma Vercezijaqvercezi@uel.br Vice-Coordenadora do ColegiadoPatr\u00edcia Fernandes Paula Shinobupfpaula@uel.br Coordenador de Est\u00e1gioMargarida de Cassia Campos (Licenciatura)mcassiacampos@uel.br Edineia Vilanova Grizio Orita (Bacharelado)edineia@uel.br Coordenador de&nbsp;TCCNilson Cesar Fragancfraga@uel.br Coordenador de AEXMaico Eduardo Dias Diasmaico.eduardo.dias@uel.br Coordenadora do Curso de Especializa\u00e7\u00e3o [&hellip;]<\/p>\n","protected":false},"author":6,"featured_media":0,"parent":0,"menu_order":0,"comment_status":"closed","ping_status":"closed","template":"","meta":{"_acf_changed":false,"_themeisle_gutenberg_block_has_review":false,"footnotes":""},"class_list":["post-42","page","type-page","status-publish","hentry"],"acf":[],"_links":{"self":[{"href":"https:\/\/departamentos.uel.br\/geografia\/wp-json\/wp\/v2\/pages\/42","targetHints":{"allow":["GET"]}}],"collection":[{"href":"https:\/\/departamentos.uel.br\/geografia\/wp-json\/wp\/v2\/pages"}],"about":[{"href":"https:\/\/departamentos.uel.br\/geografia\/wp-json\/wp\/v2\/types\/page"}],"author":[{"embeddable":true,"href":"https:\/\/departamentos.uel.br\/geografia\/wp-json\/wp\/v2\/users\/6"}],"replies":[{"embeddable":true,"href":"https:\/\/departamentos.uel.br\/geografia\/wp-json\/wp\/v2\/comments?post=42"}],"version-history":[{"count":11,"href":"https:\/\/departamentos.uel.br\/geografia\/wp-json\/wp\/v2\/pages\/42\/revisions"}],"predecessor-version":[{"id":173,"href":"https:\/\/departamentos.uel.br\/geografia\/wp-json\/wp\/v2\/pages\/42\/revisions\/173"}],"wp:attachment":[{"href":"https:\/\/departamentos.uel.br\/geografia\/wp-json\/wp\/v2\/media?parent=42"}],"curies":[{"name":"wp","href":"https:\/\/api.w.org\/{rel}","templated":true}]}}