{"id":40,"date":"2024-08-27T16:55:12","date_gmt":"2024-08-27T19:55:12","guid":{"rendered":"https:\/\/departamentos.uel.br\/geografia\/?page_id=40"},"modified":"2024-08-28T14:41:43","modified_gmt":"2024-08-28T17:41:43","slug":"sobre-o-departamento","status":"publish","type":"page","link":"https:\/\/departamentos.uel.br\/geografia\/sobre-o-departamento\/","title":{"rendered":"Sobre o Departamento"},"content":{"rendered":"\n<p>O Departamento de Geografia localiza-se no Centro de Ci\u00eancias Exatas da UEL (CCE), ocupando dois pr\u00e9dios pr\u00f3prios, dotados de oito salas de aula, sendo que quatro delas funcionam tamb\u00e9m como laborat\u00f3rios e uma \u00e9 de uso exclusivo do curso de Mestrado, 12 (doze) salas de perman\u00eancia de professores e os seguintes Laborat\u00f3rios: Inform\u00e1tica e Sensoriamento Remoto; Inform\u00e1tica e Geoprocessamento; Aerofoto; Topografia; Cartografia; Pesquisas Urbanas e Regionais; Geografia F\u00edsica; Estudos Agr\u00e1rios; Pedologia; Mineralogia; Microscopia e prepara\u00e7\u00e3o de amostras e o de Ensino de Geografia.<\/p>\n\n\n\n<p>Conta ainda com uma Biblioteca de Geologia, uma sala onde funciona o grupo PET Programa Especial de Treinamento, uma sala ocupada pela se\u00e7\u00e3o Local da AGB Associa\u00e7\u00e3o dos Ge\u00f3grafos Brasileiros e uma sala que \u00e9 a sede do NEMA \u2013 N\u00facleo de Estudos em Meio Ambiente. Conta com 7 funcion\u00e1rios para o atendimento a 3218 alunos.<\/p>\n\n\n\n<p><br>Oferece Disciplinas a outros sete cursos da Universidade: Hist\u00f3ria, Ci\u00eancias Sociais, Qu\u00edmica, Agronomia, Ci\u00eancias Biol\u00f3gicas, Engenharia Civil e Arquitetura.<br>Oferece os seguintes cursos de p\u00f3s-gradua\u00e7\u00e3o:<\/p>\n\n\n\n<p><br>&#8211; <strong>Lato sensu<\/strong>: Especializa\u00e7\u00e3o no Ensino de Geografia e Especializa\u00e7\u00e3o em An\u00e1lise Ambiental em Ci\u00eancias da Terra;<\/p>\n\n\n\n<p><br>&#8211; <strong>Stricto sensu<\/strong>: Mestrado em Geografia, Meio Ambiente e Desenvolvimento.<\/p>\n\n\n\n<p><br>Seu corpo docente \u00e9 composto por 39 professores de diferentes forma\u00e7\u00f5es: Ge\u00f3grafos, Ge\u00f3logos, Agr\u00f4nomos e Engenheiros Civis. A qualifica\u00e7\u00e3o de seu corpo docente tem sido uma das metas do Departamento, visando a melhoria do curso bem como a sua expans\u00e3o vertical e horizontal, (TSUKAMOTO,1989), fato corroborado pela instala\u00e7\u00e3o e funcionamento dos cursos de P\u00f3s-gradua\u00e7\u00e3o acima referidos e pela titula\u00e7\u00e3o de seus professores: 04 p\u00f3s doutores, 02 p\u00f3s doutorandos, 23 doutores, 2 doutorandos, 6 mestres, 1 especialista e 1 graduado.<\/p>\n\n\n\n<div class=\"wp-block-columns is-layout-flex wp-container-core-columns-is-layout-9d6595d7 wp-block-columns-is-layout-flex\">\n<div class=\"wp-block-column is-layout-flow wp-block-column-is-layout-flow\"><\/div>\n<\/div>\n","protected":false},"excerpt":{"rendered":"<p>O Departamento de Geografia localiza-se no Centro de Ci\u00eancias Exatas da UEL (CCE), ocupando dois pr\u00e9dios pr\u00f3prios, dotados de oito salas de aula, sendo que quatro delas funcionam tamb\u00e9m como laborat\u00f3rios e uma \u00e9 de uso exclusivo do curso de Mestrado, 12 (doze) salas de perman\u00eancia de professores e os seguintes Laborat\u00f3rios: Inform\u00e1tica e Sensoriamento [&hellip;]<\/p>\n","protected":false},"author":6,"featured_media":0,"parent":0,"menu_order":0,"comment_status":"closed","ping_status":"closed","template":"","meta":{"_acf_changed":false,"_themeisle_gutenberg_block_has_review":false,"footnotes":""},"class_list":["post-40","page","type-page","status-publish","hentry"],"acf":[],"_links":{"self":[{"href":"https:\/\/departamentos.uel.br\/geografia\/wp-json\/wp\/v2\/pages\/40","targetHints":{"allow":["GET"]}}],"collection":[{"href":"https:\/\/departamentos.uel.br\/geografia\/wp-json\/wp\/v2\/pages"}],"about":[{"href":"https:\/\/departamentos.uel.br\/geografia\/wp-json\/wp\/v2\/types\/page"}],"author":[{"embeddable":true,"href":"https:\/\/departamentos.uel.br\/geografia\/wp-json\/wp\/v2\/users\/6"}],"replies":[{"embeddable":true,"href":"https:\/\/departamentos.uel.br\/geografia\/wp-json\/wp\/v2\/comments?post=40"}],"version-history":[{"count":5,"href":"https:\/\/departamentos.uel.br\/geografia\/wp-json\/wp\/v2\/pages\/40\/revisions"}],"predecessor-version":[{"id":60,"href":"https:\/\/departamentos.uel.br\/geografia\/wp-json\/wp\/v2\/pages\/40\/revisions\/60"}],"wp:attachment":[{"href":"https:\/\/departamentos.uel.br\/geografia\/wp-json\/wp\/v2\/media?parent=40"}],"curies":[{"name":"wp","href":"https:\/\/api.w.org\/{rel}","templated":true}]}}