{"id":30,"date":"2024-08-27T16:28:45","date_gmt":"2024-08-27T19:28:45","guid":{"rendered":"https:\/\/departamentos.uel.br\/geografia\/?page_id=30"},"modified":"2024-09-11T10:09:12","modified_gmt":"2024-09-11T13:09:12","slug":"eventos","status":"publish","type":"page","link":"https:\/\/departamentos.uel.br\/geografia\/eventos\/","title":{"rendered":"Eventos"},"content":{"rendered":"\n<div id=\"wp-block-themeisle-blocks-accordion-037ede13\" class=\"wp-block-themeisle-blocks-accordion exclusive\">\n<details class=\"wp-block-themeisle-blocks-accordion-item\"><summary class=\"wp-block-themeisle-blocks-accordion-item__title\"><div><strong>2024 &#8211; 39\u00aa Semana de Geografia vai discutir din\u00e2micas socioambientais<\/strong><\/div><\/summary><div class=\"wp-block-themeisle-blocks-accordion-item__content\">\n<p>O Departamento de Geoci\u00eancias (CCE) da UEL vai promover a <strong>XXXIX Semana de Geografia (Semageo) entre os dias 25 e 28 de outubro<\/strong>. O evento contar\u00e1 com atividades presenciais e online, voltadas a estudantes do curso de Geografia. O tema deste ano \u00e9 \u201cDin\u00e2micas Socioambientais no S\u00e9culo XXI\u201d. As inscri\u00e7\u00f5es para participar j\u00e1 est\u00e3o abertas e v\u00e3o at\u00e9 o dia 6 de outubro\u00a0<a href=\"https:\/\/www.sistemasweb.uel.br\/index.php?contents=system\/insc\/index.php&amp;pagina=view\/inscricoes\/seleciona_evento.php&amp;cod_evento=8430\" target=\"_blank\" rel=\"noreferrer noopener\"><strong>neste link<\/strong><\/a>.<\/p>\n<\/div><\/details>\n<\/div>\n\n\n\n<div id=\"wp-block-themeisle-blocks-accordion-bb050ebf\" class=\"wp-block-themeisle-blocks-accordion exclusive\">\n<details class=\"wp-block-themeisle-blocks-accordion-item\"><summary class=\"wp-block-themeisle-blocks-accordion-item__title\"><div><strong>2023 &#8211;<\/strong> <strong>I Encontro Internacional de Metodologias Qualitativas de Pesquisa e\/ou A\u00e7\u00e3o<\/strong><\/div><\/summary><div class=\"wp-block-themeisle-blocks-accordion-item__content\">\n<div class=\"wp-block-columns is-layout-flex wp-container-core-columns-is-layout-9d6595d7 wp-block-columns-is-layout-flex\">\n<div class=\"wp-block-column is-layout-flow wp-block-column-is-layout-flow\">\n<figure class=\"wp-block-image size-full\"><img loading=\"lazy\" decoding=\"async\" width=\"539\" height=\"236\" src=\"https:\/\/departamentos.uel.br\/geografia\/wp-content\/uploads\/2024\/08\/evento.png\" alt=\"\" class=\"wp-image-91\" srcset=\"https:\/\/departamentos.uel.br\/geografia\/wp-content\/uploads\/2024\/08\/evento.png 539w, https:\/\/departamentos.uel.br\/geografia\/wp-content\/uploads\/2024\/08\/evento-300x131.png 300w\" sizes=\"auto, (max-width: 539px) 100vw, 539px\" \/><\/figure>\n<\/div>\n\n\n\n<div class=\"wp-block-column is-layout-flow wp-block-column-is-layout-flow\">\n<p>O Programa de P\u00f3s-Gradua\u00e7\u00e3o em Geografia (PPGEO-UEL) convida seus estudantes e a toda a comunidade, para participarem do&nbsp;Evento que ocorrer\u00e1 entre os dias&nbsp;<strong>25 e 27 de maio de 2023<\/strong>, em Montevid\u00e9u no Uruguai.<\/p>\n\n\n\n<p>O evento tem como tema&nbsp;<em>\u201cDesenvolvimento sustent\u00e1vel rural-urbano\u201d<\/em>&nbsp;e prazo para o envio de propostas de trabalhos segue aberto at\u00e9 o dia&nbsp;<strong>28 de fevereiro de 2023<\/strong>.<\/p>\n\n\n\n<p>Maiores informa\u00e7\u00f5es sobre o evento podem ser encontradas no site:&nbsp;<a rel=\"noreferrer noopener\" href=\"https:\/\/encontromqpa.wixsite.com\/encontromqpa\" target=\"_blank\">https:\/\/encontromqpa.wixsite.com\/encontromqpa<\/a><\/p>\n<\/div>\n<\/div>\n<\/div><\/details>\n<\/div>\n","protected":false},"excerpt":{"rendered":"","protected":false},"author":6,"featured_media":0,"parent":0,"menu_order":0,"comment_status":"closed","ping_status":"closed","template":"","meta":{"_acf_changed":false,"_themeisle_gutenberg_block_has_review":false,"footnotes":""},"class_list":["post-30","page","type-page","status-publish","hentry"],"acf":[],"_links":{"self":[{"href":"https:\/\/departamentos.uel.br\/geografia\/wp-json\/wp\/v2\/pages\/30","targetHints":{"allow":["GET"]}}],"collection":[{"href":"https:\/\/departamentos.uel.br\/geografia\/wp-json\/wp\/v2\/pages"}],"about":[{"href":"https:\/\/departamentos.uel.br\/geografia\/wp-json\/wp\/v2\/types\/page"}],"author":[{"embeddable":true,"href":"https:\/\/departamentos.uel.br\/geografia\/wp-json\/wp\/v2\/users\/6"}],"replies":[{"embeddable":true,"href":"https:\/\/departamentos.uel.br\/geografia\/wp-json\/wp\/v2\/comments?post=30"}],"version-history":[{"count":10,"href":"https:\/\/departamentos.uel.br\/geografia\/wp-json\/wp\/v2\/pages\/30\/revisions"}],"predecessor-version":[{"id":158,"href":"https:\/\/departamentos.uel.br\/geografia\/wp-json\/wp\/v2\/pages\/30\/revisions\/158"}],"wp:attachment":[{"href":"https:\/\/departamentos.uel.br\/geografia\/wp-json\/wp\/v2\/media?parent=30"}],"curies":[{"name":"wp","href":"https:\/\/api.w.org\/{rel}","templated":true}]}}