{"id":618,"date":"2024-10-18T10:50:31","date_gmt":"2024-10-18T13:50:31","guid":{"rendered":"https:\/\/departamentos.uel.br\/fisioterapia\/?page_id=618"},"modified":"2024-10-18T11:08:04","modified_gmt":"2024-10-18T14:08:04","slug":"sobre-o-departamento","status":"publish","type":"page","link":"https:\/\/departamentos.uel.br\/fisioterapia\/sobre-o-departamento\/","title":{"rendered":"Sobre o Departamento"},"content":{"rendered":"\n<p>Nossa miss\u00e3o \u00e9 formar fisioterapeutas altamente capacitados, com uma s\u00f3lida base cient\u00edfica e \u00e9tica, preparados para atuar nas diversas \u00e1reas da fisioterapia, promovendo a sa\u00fade, prevenindo doen\u00e7as e reabilitando pacientes.<\/p>\n\n\n\n<p>Contamos com uma equipe de professores qualificados e dedicados, com experi\u00eancia acad\u00eamica e pr\u00e1tica em diferentes especialidades da fisioterapia, proporcionando um ensino de excel\u00eancia. <\/p>\n\n\n\n<p>Nossos programas de gradua\u00e7\u00e3o e p\u00f3s-gradua\u00e7\u00e3o oferecem uma forma\u00e7\u00e3o abrangente e atualizada, combinando teoria e pr\u00e1tica para garantir o desenvolvimento de compet\u00eancias t\u00e9cnicas, cient\u00edficas e humanas. <\/p>\n\n\n\n<p>Estamos comprometidos em fomentar a pesquisa e a inova\u00e7\u00e3o, contribuindo para o avan\u00e7o da fisioterapia e para a melhoria da qualidade de vida da popula\u00e7\u00e3o.<\/p>\n\n\n\n<p>Seja como aluno, pesquisador ou profissional da \u00e1rea, o Departamento de Fisioterapia da UEL est\u00e1 de portas abertas para voc\u00ea. <\/p>\n\n\n\n<p>Junte-se a n\u00f3s e fa\u00e7a parte de uma comunidade acad\u00eamica que valoriza a ci\u00eancia, a \u00e9tica e o cuidado com o ser humano.<\/p>\n","protected":false},"excerpt":{"rendered":"<p>Nossa miss\u00e3o \u00e9 formar fisioterapeutas altamente capacitados, com uma s\u00f3lida base cient\u00edfica e \u00e9tica, preparados para atuar nas diversas \u00e1reas da fisioterapia, promovendo a sa\u00fade, prevenindo doen\u00e7as e reabilitando pacientes. Contamos com uma equipe de professores qualificados e dedicados, com experi\u00eancia acad\u00eamica e pr\u00e1tica em diferentes especialidades da fisioterapia, proporcionando um ensino de excel\u00eancia. Nossos [&hellip;]<\/p>\n","protected":false},"author":11,"featured_media":0,"parent":0,"menu_order":0,"comment_status":"closed","ping_status":"closed","template":"","meta":{"_acf_changed":false,"_themeisle_gutenberg_block_has_review":false,"footnotes":""},"class_list":["post-618","page","type-page","status-publish","hentry"],"acf":[],"_links":{"self":[{"href":"https:\/\/departamentos.uel.br\/fisioterapia\/wp-json\/wp\/v2\/pages\/618","targetHints":{"allow":["GET"]}}],"collection":[{"href":"https:\/\/departamentos.uel.br\/fisioterapia\/wp-json\/wp\/v2\/pages"}],"about":[{"href":"https:\/\/departamentos.uel.br\/fisioterapia\/wp-json\/wp\/v2\/types\/page"}],"author":[{"embeddable":true,"href":"https:\/\/departamentos.uel.br\/fisioterapia\/wp-json\/wp\/v2\/users\/11"}],"replies":[{"embeddable":true,"href":"https:\/\/departamentos.uel.br\/fisioterapia\/wp-json\/wp\/v2\/comments?post=618"}],"version-history":[{"count":4,"href":"https:\/\/departamentos.uel.br\/fisioterapia\/wp-json\/wp\/v2\/pages\/618\/revisions"}],"predecessor-version":[{"id":640,"href":"https:\/\/departamentos.uel.br\/fisioterapia\/wp-json\/wp\/v2\/pages\/618\/revisions\/640"}],"wp:attachment":[{"href":"https:\/\/departamentos.uel.br\/fisioterapia\/wp-json\/wp\/v2\/media?parent=618"}],"curies":[{"name":"wp","href":"https:\/\/api.w.org\/{rel}","templated":true}]}}