{"id":218,"date":"2023-02-17T14:44:45","date_gmt":"2023-02-17T17:44:45","guid":{"rendered":"https:\/\/departamentos.uel.br\/fisioterapia\/?page_id=218"},"modified":"2023-03-11T15:18:13","modified_gmt":"2023-03-11T18:18:13","slug":"o-curso","status":"publish","type":"page","link":"https:\/\/departamentos.uel.br\/fisioterapia\/o-curso\/","title":{"rendered":"O Curso"},"content":{"rendered":"\n<p>O Curso de Fisioterapia da UEL foi implantado em 1979 e tem como objetivo formar profissionais com compet\u00eancia para elaborar diagn\u00f3stico f\u00edsico e funcional, tra\u00e7ar objetivos para prevenir, intervir, tratar, restaurar e recuperar disfun\u00e7\u00f5es cin\u00e9ticas.<br>As aulas s\u00e3o te\u00f3ricas e pr\u00e1ticas, com metodologias diferenciadas e corpo docente altamente qualificado. O est\u00e1gio \u00e9 obrigat\u00f3rio e realizado no Hospital Universit\u00e1rio (enfermarias e ambulat\u00f3rios) e Unidade B\u00e1sica de Sa\u00fade. Tamb\u00e9m s\u00e3o desenvolvidos projetos de ensino, pesquisa e extens\u00e3o que fortalecem a intera\u00e7\u00e3o teoria e pr\u00e1tica e melhor resultado no processo de ensino e aprendizagem do futuro profissional fisioterapeuta.<\/p>\n\n\n\n<p>Na P\u00f3s-Gradua\u00e7\u00e3o lato sensu, modalidade Resid\u00eancia, de forma pioneira destaca-se como a primeira do Brasil, implantada em 1997. A Resid\u00eancia \u00e9 voltada \u00e0 pr\u00e1tica profissional com treinamento em servi\u00e7o, sob a supervis\u00e3o direta, orienta\u00e7\u00e3o de docentes qualificados nas seguintes \u00e1reas:<\/p>\n\n\n\n<p>Fisioterapia Neurofuncional<br>Fisioterapia Pedi\u00e1trica e Neonatal<br>Fisioterapia Cardiorrespirat\u00f3ria, Urg\u00eancia, Emerg\u00eancia e Terapia Intensiva<br>Fisioterapia Traumato-Ortop\u00e9dica Funcional<br>Fisioterapia em Uroginecologia, Obstetr\u00edcia e Mastologia.<\/p>\n\n\n\n<p>O Programa de P\u00f3s-Gradua\u00e7\u00e3o stricto sensu em Ci\u00eancias da Reabilita\u00e7\u00e3o foi implantado em 2010 e \u00e9 fruto de uma iniciativa in\u00e9dita de associa\u00e7\u00e3o entre universidades p\u00fablica (UEL) e privada (Universidade Pit\u00e1goras-UNOPAR). Tem a finalidade de conduzir \u00e0 obten\u00e7\u00e3o do t\u00edtulo acad\u00eamico de Mestre ou Doutor em Ci\u00eancias da Reabilita\u00e7\u00e3o. O programa faz parte da \u00e1rea 21 da CAPES e apresenta nota 5.<\/p>\n","protected":false},"excerpt":{"rendered":"<p>O Curso de Fisioterapia da UEL foi implantado em 1979 e tem como objetivo formar profissionais com compet\u00eancia para elaborar diagn\u00f3stico f\u00edsico e funcional, tra\u00e7ar objetivos para prevenir, intervir, tratar, restaurar e recuperar disfun\u00e7\u00f5es cin\u00e9ticas.As aulas s\u00e3o te\u00f3ricas e pr\u00e1ticas, com metodologias diferenciadas e corpo docente altamente qualificado. O est\u00e1gio \u00e9 obrigat\u00f3rio e realizado no [&hellip;]<\/p>\n","protected":false},"author":6,"featured_media":0,"parent":0,"menu_order":0,"comment_status":"closed","ping_status":"closed","template":"","meta":{"_acf_changed":false,"_themeisle_gutenberg_block_has_review":false,"footnotes":""},"class_list":["post-218","page","type-page","status-publish","hentry"],"acf":[],"_links":{"self":[{"href":"https:\/\/departamentos.uel.br\/fisioterapia\/wp-json\/wp\/v2\/pages\/218","targetHints":{"allow":["GET"]}}],"collection":[{"href":"https:\/\/departamentos.uel.br\/fisioterapia\/wp-json\/wp\/v2\/pages"}],"about":[{"href":"https:\/\/departamentos.uel.br\/fisioterapia\/wp-json\/wp\/v2\/types\/page"}],"author":[{"embeddable":true,"href":"https:\/\/departamentos.uel.br\/fisioterapia\/wp-json\/wp\/v2\/users\/6"}],"replies":[{"embeddable":true,"href":"https:\/\/departamentos.uel.br\/fisioterapia\/wp-json\/wp\/v2\/comments?post=218"}],"version-history":[{"count":2,"href":"https:\/\/departamentos.uel.br\/fisioterapia\/wp-json\/wp\/v2\/pages\/218\/revisions"}],"predecessor-version":[{"id":271,"href":"https:\/\/departamentos.uel.br\/fisioterapia\/wp-json\/wp\/v2\/pages\/218\/revisions\/271"}],"wp:attachment":[{"href":"https:\/\/departamentos.uel.br\/fisioterapia\/wp-json\/wp\/v2\/media?parent=218"}],"curies":[{"name":"wp","href":"https:\/\/api.w.org\/{rel}","templated":true}]}}