{"id":104,"date":"2024-11-28T14:49:52","date_gmt":"2024-11-28T17:49:52","guid":{"rendered":"https:\/\/departamentos.uel.br\/estruturas\/?page_id=104"},"modified":"2024-11-28T16:03:05","modified_gmt":"2024-11-28T19:03:05","slug":"corpo-tecnico","status":"publish","type":"page","link":"https:\/\/departamentos.uel.br\/estruturas\/corpo-tecnico\/","title":{"rendered":"Corpo T\u00e9cnico"},"content":{"rendered":"\n<p class=\"has-cinza-escuro-color has-text-color\"><strong>Secretaria<\/strong><br>(43) 3371-4545<img decoding=\"async\" class=\"wp-image-178\" style=\"width: 25px\" src=\"https:\/\/sites.uel.br\/dau\/wp-content\/uploads\/2023\/07\/image-3.png\" alt=\"\"> | (43) 3371-4455<img decoding=\"async\" class=\"wp-image-178\" style=\"width: 25px\" src=\"https:\/\/sites.uel.br\/dau\/wp-content\/uploads\/2023\/07\/image-3.png\" alt=\"\"><br>tru@uel.br<\/p>\n\n\n\n<p><strong>Departamento<\/strong><br><strong>Chefe<\/strong>: Prof. Dr. Paulo S\u00e9rgio Bardella<br>paulo.bardella@uel.br |&nbsp;(43) 3371-4545<br><strong>Vice-Chefe<\/strong>: Prof. Dr. Jorge Bounassar Filho<br>Jbf@uel.br|&nbsp;(43) 3371-4480<\/p>\n\n\n\n<p><strong>Colegiado do Curso<\/strong><br><strong>Secretaria<\/strong>: Valeria Bis Rotunno<br>coleng-civil@uel.br |&nbsp;(43) 3371-5864<br><strong>Coordenador<\/strong>: Prof. Dr. Carlos Alberto Prado da Silva Junior |cprado@uel.br<br><strong>Vice-Coordenador<\/strong>: Prof. Dr. Andr\u00e9 Campos de Moura | andre.moura@uel.br<\/p>\n\n\n\n<p><strong>Coordena\u00e7\u00e3o de TCC<\/strong><br><strong>Coordenador<\/strong>: Prof. Dr. Carlos Henrique Maiola | maiola@uel.br<br><strong>Vice-Coordenador<\/strong>: Prof. Dr. Altibano Ortenzi Junior | ortenzi@uel.br<\/p>\n\n\n\n<p><strong>Coordena\u00e7\u00e3o de Est\u00e1gio<\/strong><br><strong>Coordenador<\/strong>: Prof. Dr. Francisco C. Morato Leite | morato@uel.br<br><strong>Vice-Coordenador<\/strong>: Prof. Dr. Manoel Denis Costa Ferreira | mdenis@uel.br<\/p>\n\n\n\n<p><strong>Coordena\u00e7\u00e3o de AEX<\/strong><br><strong>Coordenador<\/strong>: Prof. Dr. Gerson Cendes Saragosa | saragosa@uel.br<br><strong>Vice-Coordenadora<\/strong>: Profa. Dra. Wanessa Roberta Fazinga |\u00a0wanessa@uel.br<\/p>\n\n\n\n<p><strong>P\u00f3s-Gradua\u00e7\u00e3o Stricto Sensu<\/strong><br><strong>Coordenadora<\/strong>: Dra. Profa. Dra. Berenice Martins Toralles| toralles@uel.br<br><strong>Vice-Coordenador<\/strong>: Prof. Dr. Hemerson Donizete Pinheiro| hemersonpinheiro@uel.br<\/p>\n\n\n\n<p><strong>P\u00f3s-Gradua\u00e7\u00e3o Lato Sensu<\/strong><br><strong>Coordenador<\/strong>: Prof. Dr. Caio Victor Louren\u00e7o Rodrigues |\u00a0caio.rodrigues@uel.br<br><strong>Vice-Coordenadora<\/strong>: Profa. Dra. Wanessa Roberta Fazinga | wanessa@uel.br<\/p>\n","protected":false},"excerpt":{"rendered":"<p>Secretaria(43) 3371-4545 | (43) 3371-4455tru@uel.br DepartamentoChefe: Prof. Dr. Paulo S\u00e9rgio Bardellapaulo.bardella@uel.br |&nbsp;(43) 3371-4545Vice-Chefe: Prof. Dr. Jorge Bounassar FilhoJbf@uel.br|&nbsp;(43) 3371-4480 Colegiado do CursoSecretaria: Valeria Bis Rotunnocoleng-civil@uel.br |&nbsp;(43) 3371-5864Coordenador: Prof. Dr. Carlos Alberto Prado da Silva Junior |cprado@uel.brVice-Coordenador: Prof. Dr. Andr\u00e9 Campos de Moura | andre.moura@uel.br Coordena\u00e7\u00e3o de TCCCoordenador: Prof. Dr. Carlos Henrique Maiola | maiola@uel.brVice-Coordenador: Prof. [&hellip;]<\/p>\n","protected":false},"author":10,"featured_media":0,"parent":0,"menu_order":0,"comment_status":"closed","ping_status":"closed","template":"","meta":{"_acf_changed":false,"_themeisle_gutenberg_block_has_review":false,"footnotes":""},"class_list":["post-104","page","type-page","status-publish","hentry"],"acf":[],"_links":{"self":[{"href":"https:\/\/departamentos.uel.br\/estruturas\/wp-json\/wp\/v2\/pages\/104","targetHints":{"allow":["GET"]}}],"collection":[{"href":"https:\/\/departamentos.uel.br\/estruturas\/wp-json\/wp\/v2\/pages"}],"about":[{"href":"https:\/\/departamentos.uel.br\/estruturas\/wp-json\/wp\/v2\/types\/page"}],"author":[{"embeddable":true,"href":"https:\/\/departamentos.uel.br\/estruturas\/wp-json\/wp\/v2\/users\/10"}],"replies":[{"embeddable":true,"href":"https:\/\/departamentos.uel.br\/estruturas\/wp-json\/wp\/v2\/comments?post=104"}],"version-history":[{"count":17,"href":"https:\/\/departamentos.uel.br\/estruturas\/wp-json\/wp\/v2\/pages\/104\/revisions"}],"predecessor-version":[{"id":150,"href":"https:\/\/departamentos.uel.br\/estruturas\/wp-json\/wp\/v2\/pages\/104\/revisions\/150"}],"wp:attachment":[{"href":"https:\/\/departamentos.uel.br\/estruturas\/wp-json\/wp\/v2\/media?parent=104"}],"curies":[{"name":"wp","href":"https:\/\/api.w.org\/{rel}","templated":true}]}}