{"id":100,"date":"2024-11-28T14:49:30","date_gmt":"2024-11-28T17:49:30","guid":{"rendered":"https:\/\/departamentos.uel.br\/estruturas\/?page_id=100"},"modified":"2024-11-28T15:04:07","modified_gmt":"2024-11-28T18:04:07","slug":"sobre-o-departamento","status":"publish","type":"page","link":"https:\/\/departamentos.uel.br\/estruturas\/sobre-o-departamento\/","title":{"rendered":"Sobre o Departamento"},"content":{"rendered":"\n<p>O Curso de Engenharia Civil foi criado em 1971, atrav\u00e9s da Resolu\u00e7\u00e3o n\u00ba 53\/71 de 26\/10\/71 \u2013 Reconhecido pelo Decreto n\u00ba 80.53 de 10.10.77 (C. F. E.). Um dos pioneiros na cria\u00e7\u00e3o do curso de Engenharia da UEL, foi o Prof. Elias Pl\u00e1cido Vieira Cezar, tamb\u00e9m, respons\u00e1vel por obras hist\u00f3ricas na cidade de Londrina, como o Hospital Evang\u00e9lico e o Gin\u00e1sio de Esportes Moring\u00e3o. A profiss\u00e3o \u00e9 regulamentada pela Lei n\u00ba 5.194, de 24.12.66.<\/p>\n\n\n\n<p>Ao longo de sua exist\u00eancia o projeto pedag\u00f3gico do curso de gradua\u00e7\u00e3o em Engenharia Civil sofreu altera\u00e7\u00f5es nos anos 1975, 1979, 1992, 2001, 2005, 2006, 2007 e 2010. Em 1971 o curso esteve alocado no Centro de Tecnologia, em 1977 no Centro de Ci\u00eancias Rurais e de Tecnologia e a partir de 1983 no Centro de Tecnologia e Urbanismo (CTU).<\/p>\n\n\n<div class=\"wp-block-image\">\n<figure class=\"aligncenter size-full\"><img loading=\"lazy\" decoding=\"async\" width=\"579\" height=\"120\" src=\"https:\/\/departamentos.uel.br\/estruturas\/wp-content\/uploads\/2023\/07\/tru-foto-hist.jpg\" alt=\"\" class=\"wp-image-50\" srcset=\"https:\/\/departamentos.uel.br\/estruturas\/wp-content\/uploads\/2023\/07\/tru-foto-hist.jpg 579w, https:\/\/departamentos.uel.br\/estruturas\/wp-content\/uploads\/2023\/07\/tru-foto-hist-300x62.jpg 300w\" sizes=\"auto, (max-width: 579px) 100vw, 579px\" \/><\/figure>\n<\/div>\n\n\n<p><\/p>\n","protected":false},"excerpt":{"rendered":"<p>O Curso de Engenharia Civil foi criado em 1971, atrav\u00e9s da Resolu\u00e7\u00e3o n\u00ba 53\/71 de 26\/10\/71 \u2013 Reconhecido pelo Decreto n\u00ba 80.53 de 10.10.77 (C. F. E.). Um dos pioneiros na cria\u00e7\u00e3o do curso de Engenharia da UEL, foi o Prof. Elias Pl\u00e1cido Vieira Cezar, tamb\u00e9m, respons\u00e1vel por obras hist\u00f3ricas na cidade de Londrina, como [&hellip;]<\/p>\n","protected":false},"author":10,"featured_media":0,"parent":0,"menu_order":0,"comment_status":"closed","ping_status":"closed","template":"","meta":{"_acf_changed":false,"_themeisle_gutenberg_block_has_review":false,"footnotes":""},"class_list":["post-100","page","type-page","status-publish","hentry"],"acf":[],"_links":{"self":[{"href":"https:\/\/departamentos.uel.br\/estruturas\/wp-json\/wp\/v2\/pages\/100","targetHints":{"allow":["GET"]}}],"collection":[{"href":"https:\/\/departamentos.uel.br\/estruturas\/wp-json\/wp\/v2\/pages"}],"about":[{"href":"https:\/\/departamentos.uel.br\/estruturas\/wp-json\/wp\/v2\/types\/page"}],"author":[{"embeddable":true,"href":"https:\/\/departamentos.uel.br\/estruturas\/wp-json\/wp\/v2\/users\/10"}],"replies":[{"embeddable":true,"href":"https:\/\/departamentos.uel.br\/estruturas\/wp-json\/wp\/v2\/comments?post=100"}],"version-history":[{"count":4,"href":"https:\/\/departamentos.uel.br\/estruturas\/wp-json\/wp\/v2\/pages\/100\/revisions"}],"predecessor-version":[{"id":117,"href":"https:\/\/departamentos.uel.br\/estruturas\/wp-json\/wp\/v2\/pages\/100\/revisions\/117"}],"wp:attachment":[{"href":"https:\/\/departamentos.uel.br\/estruturas\/wp-json\/wp\/v2\/media?parent=100"}],"curies":[{"name":"wp","href":"https:\/\/api.w.org\/{rel}","templated":true}]}}