{"id":57,"date":"2023-08-16T15:39:43","date_gmt":"2023-08-16T18:39:43","guid":{"rendered":"https:\/\/departamentos.uel.br\/estatistica\/?page_id=57"},"modified":"2023-10-23T09:39:55","modified_gmt":"2023-10-23T12:39:55","slug":"mestrado-e-doutorado","status":"publish","type":"page","link":"https:\/\/departamentos.uel.br\/estatistica\/mestrado-e-doutorado\/","title":{"rendered":"Mestrado e Doutorado"},"content":{"rendered":"\n<div style=\"height:43px\" aria-hidden=\"true\" class=\"wp-block-spacer\"><\/div>\n\n\n\n<p><strong>Disciplinas de Estat\u00edstica em o<\/strong><strong>utros cursos de&nbsp;<\/strong><strong>P\u00f3s-Gradua\u00e7\u00e3o<\/strong><\/p>\n\n\n\n<figure class=\"wp-block-table\"><table><tbody><tr><td><strong>Curso<\/strong><\/td><td><strong>Centro<\/strong><\/td><td><strong>Departamento<\/strong><\/td><td>&nbsp;<strong><\/strong><\/td><\/tr><tr><td>Ci\u00eancia de Alimentos<\/td><td>CCA<\/td><td>Tecnologia de Alimentos<\/td><td>Mestrado<\/td><\/tr><tr><td>Agronomia<\/td><td>CCA<\/td><td>Agronomia<\/td><td>Mestrado \/ Doutorado<\/td><\/tr><tr><td>Ci\u00eancia Animal<\/td><td>CCA<\/td><td>Veterin\u00e1ria<\/td><td>Mestrado \/ Doutorado<\/td><\/tr><tr><td>Patologia Experimental<\/td><td>CCB<\/td><td>Patologia<\/td><td>Mestrado<\/td><\/tr><tr><td>Microbiologia<\/td><td>CCB<\/td><td>Microbiologia<\/td><td>Mestrado<\/td><\/tr><tr><td>Ci\u00eancias Biol\u00f3gicas<\/td><td>CCB<\/td><td>Biologia<\/td><td>Mestrado<\/td><\/tr><tr><td>Biotecnologia<\/td><td>CCB<\/td><td>Biotecnologia<\/td><td>Mestrado<\/td><\/tr><tr><td>Sa\u00fade Coletiva<\/td><td>CCS<\/td><td>Sa\u00fade Coletiva<\/td><td>Mestrado<\/td><\/tr><tr><td>Enfermagem<\/td><td>CCS<\/td><td>Enfermagem<\/td><td>Resid\u00eancia<\/td><\/tr><tr><td>Administra\u00e7\u00e3o<\/td><td>CESA<\/td><td>Administra\u00e7\u00e3o<\/td><td>Mestrado<\/td><\/tr><tr><td>Engenharia de Edif. E Saneam.<\/td><td>CTU<\/td><td>Constru\u00e7\u00e3o Civil<\/td><td>Mestrado<\/td><\/tr><\/tbody><\/table><\/figure>\n","protected":false},"excerpt":{"rendered":"<p>Disciplinas de Estat\u00edstica em outros cursos de&nbsp;P\u00f3s-Gradua\u00e7\u00e3o Curso Centro Departamento &nbsp; Ci\u00eancia de Alimentos CCA Tecnologia de Alimentos Mestrado Agronomia CCA Agronomia Mestrado \/ Doutorado Ci\u00eancia Animal CCA Veterin\u00e1ria Mestrado \/ Doutorado Patologia Experimental CCB Patologia Mestrado Microbiologia CCB Microbiologia Mestrado Ci\u00eancias Biol\u00f3gicas CCB Biologia Mestrado Biotecnologia CCB Biotecnologia Mestrado Sa\u00fade Coletiva CCS Sa\u00fade Coletiva [&hellip;]<\/p>\n","protected":false},"author":6,"featured_media":0,"parent":0,"menu_order":0,"comment_status":"closed","ping_status":"closed","template":"","meta":{"_acf_changed":false,"_themeisle_gutenberg_block_has_review":false,"footnotes":""},"class_list":["post-57","page","type-page","status-publish","hentry"],"acf":[],"_links":{"self":[{"href":"https:\/\/departamentos.uel.br\/estatistica\/wp-json\/wp\/v2\/pages\/57","targetHints":{"allow":["GET"]}}],"collection":[{"href":"https:\/\/departamentos.uel.br\/estatistica\/wp-json\/wp\/v2\/pages"}],"about":[{"href":"https:\/\/departamentos.uel.br\/estatistica\/wp-json\/wp\/v2\/types\/page"}],"author":[{"embeddable":true,"href":"https:\/\/departamentos.uel.br\/estatistica\/wp-json\/wp\/v2\/users\/6"}],"replies":[{"embeddable":true,"href":"https:\/\/departamentos.uel.br\/estatistica\/wp-json\/wp\/v2\/comments?post=57"}],"version-history":[{"count":2,"href":"https:\/\/departamentos.uel.br\/estatistica\/wp-json\/wp\/v2\/pages\/57\/revisions"}],"predecessor-version":[{"id":159,"href":"https:\/\/departamentos.uel.br\/estatistica\/wp-json\/wp\/v2\/pages\/57\/revisions\/159"}],"wp:attachment":[{"href":"https:\/\/departamentos.uel.br\/estatistica\/wp-json\/wp\/v2\/media?parent=57"}],"curies":[{"name":"wp","href":"https:\/\/api.w.org\/{rel}","templated":true}]}}