{"id":39,"date":"2023-08-16T14:58:51","date_gmt":"2023-08-16T17:58:51","guid":{"rendered":"https:\/\/departamentos.uel.br\/estatistica\/?page_id=39"},"modified":"2023-10-23T09:38:10","modified_gmt":"2023-10-23T12:38:10","slug":"graduacao","status":"publish","type":"page","link":"https:\/\/departamentos.uel.br\/estatistica\/graduacao\/","title":{"rendered":"Gradua\u00e7\u00e3o"},"content":{"rendered":"\n<div style=\"height:29px\" aria-hidden=\"true\" class=\"wp-block-spacer\"><\/div>\n\n\n<p><strong><span style=\"color: #008000\">Cursos de Gradua\u00e7\u00e3o atendidos pelo Departamento de Estat\u00edstica<\/span><\/strong><\/p>\n\n\n<p>Agronomia (CCA)<\/p>\n\n\n\n<p>Medicina Veterin\u00e1ria (CCA)<\/p>\n\n\n\n<p>Zootecnia (CCA)<\/p>\n\n\n\n<p>Psicologia (CCB)<\/p>\n\n\n\n<p>Biomedicina (CCB)<\/p>\n\n\n\n<p>Ci\u00eancias Biol\u00f3gicas (CCB)<\/p>\n\n\n\n<p>Ci\u00eancias da Computa\u00e7\u00e3o (CCE)<\/p>\n\n\n\n<p>Matem\u00e1tica (CCE)<\/p>\n\n\n\n<p>Qu\u00edmica (CCE)<\/p>\n\n\n\n<p>Farm\u00e1cia (CCE)<\/p>\n\n\n\n<p>Fisioterapia (CCS)<\/p>\n\n\n\n<p>Enfermagem (CCS)<\/p>\n\n\n\n<p>Odontologia (CCS)<\/p>\n\n\n\n<p>Medicina (CCS)<\/p>\n\n\n\n<p>Comunica\u00e7\u00e3o Social \/ Rela\u00e7\u00f5es P\u00fablicas (CECA)<\/p>\n\n\n\n<p>Arquivologia (CECA)<\/p>\n\n\n\n<p>Ci\u00eancias Cont\u00e1beis (CESA)<\/p>\n\n\n\n<p>Administra\u00e7\u00e3o (CESA)<\/p>\n\n\n\n<p>Ci\u00eancias Econ\u00f4micas (CESA)<\/p>\n\n\n\n<p>Engenharia El\u00e9trica (CTU)<\/p>\n\n\n\n<p>Engenharia Civil (CTU)<\/p>\n\n\n\n<p>Geografia (CCE)<\/p>\n\n\n\n<p>Ci\u00eancias Sociais (CLCH)<\/p>\n","protected":false},"excerpt":{"rendered":"<p>Cursos de Gradua\u00e7\u00e3o atendidos pelo Departamento de Estat\u00edstica Agronomia (CCA) Medicina Veterin\u00e1ria (CCA) Zootecnia (CCA) Psicologia (CCB) Biomedicina (CCB) Ci\u00eancias Biol\u00f3gicas (CCB) Ci\u00eancias da Computa\u00e7\u00e3o (CCE) Matem\u00e1tica (CCE) Qu\u00edmica (CCE) Farm\u00e1cia (CCE) Fisioterapia (CCS) Enfermagem (CCS) Odontologia (CCS) Medicina (CCS) Comunica\u00e7\u00e3o Social \/ Rela\u00e7\u00f5es P\u00fablicas (CECA) Arquivologia (CECA) Ci\u00eancias Cont\u00e1beis (CESA) Administra\u00e7\u00e3o (CESA) Ci\u00eancias Econ\u00f4micas [&hellip;]<\/p>\n","protected":false},"author":6,"featured_media":0,"parent":0,"menu_order":0,"comment_status":"closed","ping_status":"closed","template":"","meta":{"_acf_changed":false,"_themeisle_gutenberg_block_has_review":false,"footnotes":""},"class_list":["post-39","page","type-page","status-publish","hentry"],"acf":[],"_links":{"self":[{"href":"https:\/\/departamentos.uel.br\/estatistica\/wp-json\/wp\/v2\/pages\/39","targetHints":{"allow":["GET"]}}],"collection":[{"href":"https:\/\/departamentos.uel.br\/estatistica\/wp-json\/wp\/v2\/pages"}],"about":[{"href":"https:\/\/departamentos.uel.br\/estatistica\/wp-json\/wp\/v2\/types\/page"}],"author":[{"embeddable":true,"href":"https:\/\/departamentos.uel.br\/estatistica\/wp-json\/wp\/v2\/users\/6"}],"replies":[{"embeddable":true,"href":"https:\/\/departamentos.uel.br\/estatistica\/wp-json\/wp\/v2\/comments?post=39"}],"version-history":[{"count":5,"href":"https:\/\/departamentos.uel.br\/estatistica\/wp-json\/wp\/v2\/pages\/39\/revisions"}],"predecessor-version":[{"id":157,"href":"https:\/\/departamentos.uel.br\/estatistica\/wp-json\/wp\/v2\/pages\/39\/revisions\/157"}],"wp:attachment":[{"href":"https:\/\/departamentos.uel.br\/estatistica\/wp-json\/wp\/v2\/media?parent=39"}],"curies":[{"name":"wp","href":"https:\/\/api.w.org\/{rel}","templated":true}]}}