{"id":205,"date":"2024-09-18T16:46:20","date_gmt":"2024-09-18T19:46:20","guid":{"rendered":"https:\/\/departamentos.uel.br\/estatistica\/?page_id=205"},"modified":"2024-09-19T09:48:26","modified_gmt":"2024-09-19T12:48:26","slug":"links-importantes","status":"publish","type":"page","link":"https:\/\/departamentos.uel.br\/estatistica\/links-importantes\/","title":{"rendered":"Links Importantes"},"content":{"rendered":"\n<p>Seguem links importantes da \u00e1rea:<\/p>\n\n\n\n<p><a href=\"http:\/\/www.des.uem.br\/\">Departamento de Estat\u00edstica (UEM)<\/a><\/p>\n\n\n\n<p><a href=\"http:\/\/www.exatas.ufpr.br\/portal\/curso-de-graduacao-em-estatistica\/\">Departamento de Estat\u00edstica (UFPR)<\/a><\/p>\n\n\n\n<p><a href=\"http:\/\/www.lce.esalq.usp.br\/\">Departamento de Ci\u00eancias Exatas (ESALQ)<\/a><\/p>\n\n\n\n<p><a href=\"http:\/\/www.biometricsociety.org\/home\">The International Biometric Society<\/a><\/p>\n\n\n\n<p><a href=\"https:\/\/rss.org.uk\/\">Royal Statistical Society<\/a><\/p>\n\n\n\n<p><a href=\"https:\/\/support.sas.com\/en\/documentation\/documentation-for-SAS-93-and-earlier.html\">SAS<\/a><\/p>\n\n\n\n<p><a href=\"https:\/\/www.gov.br\/cnpq\/pt-br\">CNPq<\/a><\/p>\n\n\n\n<p><a href=\"https:\/\/www.gov.br\/capes\/pt-br\">CAPES<\/a><\/p>\n\n\n\n<p><strong>Manual de Identidade Visual da UEL<\/strong><\/p>\n\n\n\n<p>Ao representar a Universidade Estadual de Londrina, utilize a&nbsp;<a href=\"https:\/\/portal.uel.br\/conheca-a-uel\/pages\/marca-e-logotipo.php\" target=\"_blank\" rel=\"noreferrer noopener\">logomarca da UEL<\/a>, conforme manual abaixo:<\/p>\n\n\n\n<div data-wp-interactive=\"core\/file\" class=\"wp-block-file\"><object data-wp-bind--hidden=\"!state.hasPdfPreview\" hidden class=\"wp-block-file__embed\" data=\"https:\/\/departamentos.uel.br\/estatistica\/wp-content\/uploads\/2024\/09\/MANUAL_DE_IDENTIDADE_UEL_-_2019-1.pdf\" type=\"application\/pdf\" style=\"width:100%;height:600px\" aria-label=\"Incorporado de MANUAL_DE_IDENTIDADE_UEL_-_2019 (1).\"><\/object><a id=\"wp-block-file--media-ff63f71a-24b1-4679-975f-419f5e3afde7\" href=\"https:\/\/departamentos.uel.br\/estatistica\/wp-content\/uploads\/2024\/09\/MANUAL_DE_IDENTIDADE_UEL_-_2019-1.pdf\">MANUAL_DE_IDENTIDADE_UEL_-_2019 (1)<\/a><a href=\"https:\/\/departamentos.uel.br\/estatistica\/wp-content\/uploads\/2024\/09\/MANUAL_DE_IDENTIDADE_UEL_-_2019-1.pdf\" class=\"wp-block-file__button wp-element-button\" download aria-describedby=\"wp-block-file--media-ff63f71a-24b1-4679-975f-419f5e3afde7\">Baixar<\/a><\/div>\n","protected":false},"excerpt":{"rendered":"<p>Seguem links importantes da \u00e1rea: Departamento de Estat\u00edstica (UEM) Departamento de Estat\u00edstica (UFPR) Departamento de Ci\u00eancias Exatas (ESALQ) The International Biometric Society Royal Statistical Society SAS CNPq CAPES Manual de Identidade Visual da UEL Ao representar a Universidade Estadual de Londrina, utilize a&nbsp;logomarca da UEL, conforme manual abaixo:<\/p>\n","protected":false},"author":7,"featured_media":0,"parent":0,"menu_order":0,"comment_status":"closed","ping_status":"closed","template":"","meta":{"_acf_changed":false,"_themeisle_gutenberg_block_has_review":false,"footnotes":""},"class_list":["post-205","page","type-page","status-publish","hentry"],"acf":[],"_links":{"self":[{"href":"https:\/\/departamentos.uel.br\/estatistica\/wp-json\/wp\/v2\/pages\/205","targetHints":{"allow":["GET"]}}],"collection":[{"href":"https:\/\/departamentos.uel.br\/estatistica\/wp-json\/wp\/v2\/pages"}],"about":[{"href":"https:\/\/departamentos.uel.br\/estatistica\/wp-json\/wp\/v2\/types\/page"}],"author":[{"embeddable":true,"href":"https:\/\/departamentos.uel.br\/estatistica\/wp-json\/wp\/v2\/users\/7"}],"replies":[{"embeddable":true,"href":"https:\/\/departamentos.uel.br\/estatistica\/wp-json\/wp\/v2\/comments?post=205"}],"version-history":[{"count":6,"href":"https:\/\/departamentos.uel.br\/estatistica\/wp-json\/wp\/v2\/pages\/205\/revisions"}],"predecessor-version":[{"id":247,"href":"https:\/\/departamentos.uel.br\/estatistica\/wp-json\/wp\/v2\/pages\/205\/revisions\/247"}],"wp:attachment":[{"href":"https:\/\/departamentos.uel.br\/estatistica\/wp-json\/wp\/v2\/media?parent=205"}],"curies":[{"name":"wp","href":"https:\/\/api.w.org\/{rel}","templated":true}]}}