{"id":214,"date":"2024-11-27T16:35:51","date_gmt":"2024-11-27T19:35:51","guid":{"rendered":"https:\/\/departamentos.uel.br\/engenharia-eletrica\/?page_id=214"},"modified":"2025-08-07T09:01:37","modified_gmt":"2025-08-07T12:01:37","slug":"corpo-tecnico","status":"publish","type":"page","link":"https:\/\/departamentos.uel.br\/engenharia-eletrica\/corpo-tecnico\/","title":{"rendered":"Corpo T\u00e9cnico"},"content":{"rendered":"\n<p><strong>Secretaria<\/strong><br>(43) 3371-4545&nbsp;&nbsp;|(43) 3371-4455<br>deel@uel.br<\/p>\n\n\n\n<p><strong>Colegiado do Curso<\/strong><br>Valeria Bis Rotunno<br>coleng-eletrica@uel.br |&nbsp;(43) 3371-5864<\/p>\n\n\n\n<p><strong>Chefia do Departamento<\/strong><br><strong>Chefe<\/strong>:\u00a0Carlos Henrique Gon\u00e7alves Treviso |\u00a0treviso@uel.br\u00a0|\u00a0(43) 3371-5879<br><strong>Vice-Chefe<\/strong>:\u00a0Taufik Abr\u00e3o |\u00a0taufik@uel.br\u00a0|\u00a0\u00a0(43) 3371-5891<\/p>\n\n\n\n<p><strong>Coordenador do Colegiado<\/strong><br><strong>Coordenador<\/strong>: Jaime Laelson Jacob |\u00a0jaime.jacob@uel.br\u00a0|\u00a0\u00a0(43) 3371-5887<br><strong>Vice-Coordenador<\/strong>: D\u00e9cio Lu\u00eds Gazzoni Filho |\u00a0dgazzoni@uel.br\u00a0|\u00a0(43) 3371-5892<br><strong>Membro<\/strong>: M\u00e1rcio Roberto Covacic |\u00a0marciocovacic@uel.br\u00a0|\u00a0\u00a0(43) 3371-5889<\/p>\n\n\n\n<p><strong>Coordena\u00e7\u00e3o da P\u00f3s-Gradua\u00e7\u00e3o<\/strong><br><strong>Coordenador Mestrado:<\/strong>\u00a0Juliani Chico Piai Paiva |\u00a0jpiai@uel.br\u00a0|\u00a0(43) 3371-5890<br><strong>Suplente Mestrado:<\/strong>\u00a0Francisco Granziera J\u00fanior |\u00a0granziera@uel.br\u00a0|\u00a0(43) 3371-5890<br><strong>Coordenador Doutorado:<\/strong>\u00a0Maria Bernadete de Morais Fran\u00e7a |\u00a0mbmoraes@uel.br\u00a0|\u00a0(43) 3371-5890<br><strong>Suplente Doutorado<\/strong>:\u00a0Leonimer Flavio de Melo |\u00a0leonimer@uel.br\u00a0|\u00a0(43) 3371-5890<\/p>\n\n\n\n<p><strong>Coordena\u00e7\u00e3o de TCC<\/strong><br><strong>Coordenador<\/strong>:\u00a0Aziz Elias Demian Junior |\u00a0aziz@uel.br\u00a0|\u00a0(43) 3371-5890<br><strong>Vice-Coordenador<\/strong>:\u00a0L\u00facio dos Reis Barbosa |\u00a0lbarbosa@uel.br\u00a0|\u00a0(43) 3371-5891<\/p>\n\n\n\n<p><strong>Coordena\u00e7\u00e3o de Est\u00e1gios<\/strong><br><strong>Coordenador<\/strong>: Jos\u00e9 Alexandre de Fran\u00e7a |\u00a0josealexandre@uel.br\u00a0|\u00a0\u00a0(43) 3371-5889<br><strong>Vice-Coordenador:<\/strong> Newton da Silva |\u00a0newton.silva@uel.br\u00a0|\u00a0\u00a0(43) 3371-5889<\/p>\n\n\n\n<p><\/p>\n","protected":false},"excerpt":{"rendered":"<p>Secretaria(43) 3371-4545&nbsp;&nbsp;|(43) 3371-4455deel@uel.br Colegiado do CursoValeria Bis Rotunnocoleng-eletrica@uel.br |&nbsp;(43) 3371-5864 Chefia do DepartamentoChefe:\u00a0Carlos Henrique Gon\u00e7alves Treviso |\u00a0treviso@uel.br\u00a0|\u00a0(43) 3371-5879Vice-Chefe:\u00a0Taufik Abr\u00e3o |\u00a0taufik@uel.br\u00a0|\u00a0\u00a0(43) 3371-5891 Coordenador do ColegiadoCoordenador: Jaime Laelson Jacob |\u00a0jaime.jacob@uel.br\u00a0|\u00a0\u00a0(43) 3371-5887Vice-Coordenador: D\u00e9cio Lu\u00eds Gazzoni Filho |\u00a0dgazzoni@uel.br\u00a0|\u00a0(43) 3371-5892Membro: M\u00e1rcio Roberto Covacic |\u00a0marciocovacic@uel.br\u00a0|\u00a0\u00a0(43) 3371-5889 Coordena\u00e7\u00e3o da P\u00f3s-Gradua\u00e7\u00e3oCoordenador Mestrado:\u00a0Juliani Chico Piai Paiva |\u00a0jpiai@uel.br\u00a0|\u00a0(43) 3371-5890Suplente Mestrado:\u00a0Francisco Granziera J\u00fanior |\u00a0granziera@uel.br\u00a0|\u00a0(43) 3371-5890Coordenador Doutorado:\u00a0Maria [&hellip;]<\/p>\n","protected":false},"author":13,"featured_media":0,"parent":0,"menu_order":0,"comment_status":"closed","ping_status":"closed","template":"","meta":{"_acf_changed":false,"_themeisle_gutenberg_block_has_review":false,"footnotes":""},"class_list":["post-214","page","type-page","status-publish","hentry"],"acf":[],"_links":{"self":[{"href":"https:\/\/departamentos.uel.br\/engenharia-eletrica\/wp-json\/wp\/v2\/pages\/214","targetHints":{"allow":["GET"]}}],"collection":[{"href":"https:\/\/departamentos.uel.br\/engenharia-eletrica\/wp-json\/wp\/v2\/pages"}],"about":[{"href":"https:\/\/departamentos.uel.br\/engenharia-eletrica\/wp-json\/wp\/v2\/types\/page"}],"author":[{"embeddable":true,"href":"https:\/\/departamentos.uel.br\/engenharia-eletrica\/wp-json\/wp\/v2\/users\/13"}],"replies":[{"embeddable":true,"href":"https:\/\/departamentos.uel.br\/engenharia-eletrica\/wp-json\/wp\/v2\/comments?post=214"}],"version-history":[{"count":8,"href":"https:\/\/departamentos.uel.br\/engenharia-eletrica\/wp-json\/wp\/v2\/pages\/214\/revisions"}],"predecessor-version":[{"id":291,"href":"https:\/\/departamentos.uel.br\/engenharia-eletrica\/wp-json\/wp\/v2\/pages\/214\/revisions\/291"}],"wp:attachment":[{"href":"https:\/\/departamentos.uel.br\/engenharia-eletrica\/wp-json\/wp\/v2\/media?parent=214"}],"curies":[{"name":"wp","href":"https:\/\/api.w.org\/{rel}","templated":true}]}}