{"id":210,"date":"2024-11-27T16:35:27","date_gmt":"2024-11-27T19:35:27","guid":{"rendered":"https:\/\/departamentos.uel.br\/engenharia-eletrica\/?page_id=210"},"modified":"2024-11-27T16:44:14","modified_gmt":"2024-11-27T19:44:14","slug":"sobre-o-departamento","status":"publish","type":"page","link":"https:\/\/departamentos.uel.br\/engenharia-eletrica\/sobre-o-departamento\/","title":{"rendered":"Sobre o Departamento"},"content":{"rendered":"\n<p>Em 1996 foi realizado, pela empresa de consultoria Andersen Consulting, um estudo abrangente sobre Londrina e suas perspectivas de crescimento, procurando identificar \u00e1reas de neg\u00f3cios que seriam mais promissoras para alavancar o desenvolvimento da cidade. <\/p>\n\n\n\n<p>O estudo, encomendado pela Prefeitura e Associa\u00e7\u00e3o Comercial e Industrial de Londrina (ACIL), visava nortear as a\u00e7\u00f5es p\u00fablicas e privadas, procurando apontar os investimentos para as \u00e1reas que encontrassem uma voca\u00e7\u00e3o natural da cidade e regi\u00e3o. <\/p>\n\n\n\n<p>Uma das \u00e1reas mais bem pontuadas foi a do ramo eletroeletr\u00f4nico.<\/p>\n\n\n\n<p>A cria\u00e7\u00e3o de um curso de Engenharia El\u00e9trica viria, portanto, fomentar iniciativas e dar suporte a empresas e produtos que desejassem se desenvolver na regi\u00e3o. <\/p>\n\n\n\n<p>A Universidade Estadual de Londrina j\u00e1 vinha projetando, desde o in\u00edcio dos anos 1990, a cria\u00e7\u00e3o de um novo curso de Engenharia que contribu\u00edsse com novas iniciativas e aumentasse as op\u00e7\u00f5es de cursos ofertados na \u00e1rea tecnol\u00f3gica. <\/p>\n\n\n\n<p>O curso foi implantado em 1997 e o perfil egresso era de forma\u00e7\u00e3o focada em eletr\u00f4nica. <\/p>\n\n\n\n<p>Depois de alguns estudos e observando a experi\u00eancia de cursos semelhantes em outras cidades, optou-se por um curr\u00edculo de car\u00e1ter generalista, evitando a especializa\u00e7\u00e3o excessiva, uma vez que n\u00e3o havia ainda na regi\u00e3o um mercado consolidado de empresas, como nos grandes centros urbanos do pa\u00eds.<\/p>\n\n\n\n<p>Atualmente o Departamento de Engenharia El\u00e9trica do CTU \u2013 DEEL conta com sete\u00a0<a href=\"https:\/\/sites.uel.br\/ctu\/laboratorios-do-deel\/\" target=\"_blank\" rel=\"noreferrer noopener\">Laborat\u00f3rios<\/a>\u00a0did\u00e1ticos para o Curso de Gradua\u00e7\u00e3o. <\/p>\n\n\n\n<p>Os laborat\u00f3rios s\u00e3o:<br>\u2013 Laborat\u00f3rio de Simula\u00e7\u00e3o;<br>\u2013 Laborat\u00f3rio de Eletrot\u00e9cnica;<br>\u2013 Laborat\u00f3rio de Sistemas Digitais;<br>\u2013 Laborat\u00f3rio de Eletr\u00f4nica e Instrumenta\u00e7\u00e3o;<br>\u2013 Laborat\u00f3rio de Telecomunica\u00e7\u00f5es;<br>\u2013 Laborat\u00f3rio de Automa\u00e7\u00e3o e Controle;<br>\u2013 Laborat\u00f3rio de Circuito Impresso;<\/p>\n\n\n\n<p>Durante 2001, o Departamento de Engenharia El\u00e9trica elaborou o projeto para a implanta\u00e7\u00e3o do Curso de Mestrado em Engenharia El\u00e9trica. <\/p>\n\n\n\n<p>O projeto foi aprovado pela CAPES e o Curso de P\u00f3s-Gradua\u00e7\u00e3o Strictu Sensus foi implementado e iniciado em 14\/03\/2004, antes mesmo de formar a primeira turma de gradua\u00e7\u00e3o.<\/p>\n\n\n\n<p>Seis laborat\u00f3rios de pesquisa d\u00e3o apoio ao Curso de Mestrado e aos professores pesquisadores:<br>\u2013 Laborat\u00f3rio de Telecomunica\u00e7\u00f5es e Processamento Digital de Sinais;<br>\u2013 Laborat\u00f3rio de Computa\u00e7\u00e3o Cient\u00edfica;<br>\u2013 Laborat\u00f3rio de Eletr\u00f4nica de Pot\u00eancia e Qualidade de Energia;<br>\u2013 Laborat\u00f3rio de Engenharia Biom\u00e9dica e Instrumenta\u00e7\u00e3o;<br>\u2013 Laborat\u00f3rio de Pesquisa em Automa\u00e7\u00e3o e Controle;<br>\u2013 Laborat\u00f3rio de Microeletr\u00f4nica.<\/p>\n","protected":false},"excerpt":{"rendered":"<p>Em 1996 foi realizado, pela empresa de consultoria Andersen Consulting, um estudo abrangente sobre Londrina e suas perspectivas de crescimento, procurando identificar \u00e1reas de neg\u00f3cios que seriam mais promissoras para alavancar o desenvolvimento da cidade. O estudo, encomendado pela Prefeitura e Associa\u00e7\u00e3o Comercial e Industrial de Londrina (ACIL), visava nortear as a\u00e7\u00f5es p\u00fablicas e privadas, [&hellip;]<\/p>\n","protected":false},"author":13,"featured_media":0,"parent":0,"menu_order":0,"comment_status":"closed","ping_status":"closed","template":"","meta":{"_acf_changed":false,"_themeisle_gutenberg_block_has_review":false,"footnotes":""},"class_list":["post-210","page","type-page","status-publish","hentry"],"acf":[],"_links":{"self":[{"href":"https:\/\/departamentos.uel.br\/engenharia-eletrica\/wp-json\/wp\/v2\/pages\/210","targetHints":{"allow":["GET"]}}],"collection":[{"href":"https:\/\/departamentos.uel.br\/engenharia-eletrica\/wp-json\/wp\/v2\/pages"}],"about":[{"href":"https:\/\/departamentos.uel.br\/engenharia-eletrica\/wp-json\/wp\/v2\/types\/page"}],"author":[{"embeddable":true,"href":"https:\/\/departamentos.uel.br\/engenharia-eletrica\/wp-json\/wp\/v2\/users\/13"}],"replies":[{"embeddable":true,"href":"https:\/\/departamentos.uel.br\/engenharia-eletrica\/wp-json\/wp\/v2\/comments?post=210"}],"version-history":[{"count":2,"href":"https:\/\/departamentos.uel.br\/engenharia-eletrica\/wp-json\/wp\/v2\/pages\/210\/revisions"}],"predecessor-version":[{"id":232,"href":"https:\/\/departamentos.uel.br\/engenharia-eletrica\/wp-json\/wp\/v2\/pages\/210\/revisions\/232"}],"wp:attachment":[{"href":"https:\/\/departamentos.uel.br\/engenharia-eletrica\/wp-json\/wp\/v2\/media?parent=210"}],"curies":[{"name":"wp","href":"https:\/\/api.w.org\/{rel}","templated":true}]}}