{"id":501,"date":"2024-10-07T09:53:27","date_gmt":"2024-10-07T12:53:27","guid":{"rendered":"https:\/\/departamentos.uel.br\/enfermagem\/?page_id=501"},"modified":"2024-10-07T10:14:03","modified_gmt":"2024-10-07T13:14:03","slug":"links-importantes","status":"publish","type":"page","link":"https:\/\/departamentos.uel.br\/enfermagem\/links-importantes\/","title":{"rendered":"Links Importantes"},"content":{"rendered":"\n<p><a href=\"https:\/\/www.gov.br\/cnpq\/pt-br\">CNPq<\/a><\/p>\n\n\n\n<p><a href=\"https:\/\/www.gov.br\/capes\/pt-br\">CAPES<\/a><\/p>\n\n\n\n<p><a href=\"https:\/\/www.gov.br\/saude\/pt-br\">Minist\u00e9rio da Sa\u00fade<\/a><\/p>\n\n\n\n<p><a href=\"https:\/\/www.saude.pr.gov.br\/\">Secretaria da Sa\u00fade<\/a><\/p>\n\n\n\n<p><a href=\"https:\/\/www.gov.br\/conselho-nacional-de-saude\/pt-br\">Conselho Nacional de Sa\u00fade<\/a><\/p>\n\n\n\n<p>Ao representar o Departamento de Enfermagem, utilize a logomarca abaixo:<\/p>\n\n\n\n<figure class=\"wp-block-image size-full\"><img loading=\"lazy\" decoding=\"async\" width=\"640\" height=\"449\" src=\"https:\/\/departamentos.uel.br\/enfermagem\/wp-content\/uploads\/2024\/10\/1_Logo_Enferm__Oficial.jpg\" alt=\"\" class=\"wp-image-505\" srcset=\"https:\/\/departamentos.uel.br\/enfermagem\/wp-content\/uploads\/2024\/10\/1_Logo_Enferm__Oficial.jpg 640w, https:\/\/departamentos.uel.br\/enfermagem\/wp-content\/uploads\/2024\/10\/1_Logo_Enferm__Oficial-300x210.jpg 300w\" sizes=\"auto, (max-width: 640px) 100vw, 640px\" \/><\/figure>\n\n\n\n<p class=\"has-medium-font-size\"><strong>Manual de Identidade Visual da UEL<\/strong><\/p>\n\n\n\n<p>Ao representar a Universidade Estadual de Londrina, utilize a&nbsp;<a href=\"https:\/\/portal.uel.br\/conheca-a-uel\/pages\/marca-e-logotipo.php\" target=\"_blank\" rel=\"noreferrer noopener\">logomarca da UEL<\/a>, conforme manual abaixo:<\/p>\n\n\n\n<div data-wp-interactive=\"core\/file\" class=\"wp-block-file\"><object data-wp-bind--hidden=\"!state.hasPdfPreview\" hidden class=\"wp-block-file__embed\" data=\"https:\/\/departamentos.uel.br\/enfermagem\/wp-content\/uploads\/2024\/10\/MANUAL_DE_IDENTIDADE_UEL_-_2019-1.pdf\" type=\"application\/pdf\" style=\"width:100%;height:600px\" aria-label=\"Incorporado de MANUAL_DE_IDENTIDADE_UEL_-_2019 (1).\"><\/object><a id=\"wp-block-file--media-c7676d2f-7dd1-45e8-8dbb-51b7c647faf0\" href=\"https:\/\/departamentos.uel.br\/enfermagem\/wp-content\/uploads\/2024\/10\/MANUAL_DE_IDENTIDADE_UEL_-_2019-1.pdf\">MANUAL_DE_IDENTIDADE_UEL_-_2019 (1)<\/a><a href=\"https:\/\/departamentos.uel.br\/enfermagem\/wp-content\/uploads\/2024\/10\/MANUAL_DE_IDENTIDADE_UEL_-_2019-1.pdf\" class=\"wp-block-file__button wp-element-button\" download aria-describedby=\"wp-block-file--media-c7676d2f-7dd1-45e8-8dbb-51b7c647faf0\">Baixar<\/a><\/div>\n","protected":false},"excerpt":{"rendered":"<p>CNPq CAPES Minist\u00e9rio da Sa\u00fade Secretaria da Sa\u00fade Conselho Nacional de Sa\u00fade Ao representar o Departamento de Enfermagem, utilize a logomarca abaixo: Manual de Identidade Visual da UEL Ao representar a Universidade Estadual de Londrina, utilize a&nbsp;logomarca da UEL, conforme manual abaixo:<\/p>\n","protected":false},"author":7,"featured_media":0,"parent":0,"menu_order":0,"comment_status":"closed","ping_status":"closed","template":"","meta":{"_acf_changed":false,"_themeisle_gutenberg_block_has_review":false,"footnotes":""},"class_list":["post-501","page","type-page","status-publish","hentry"],"acf":[],"_links":{"self":[{"href":"https:\/\/departamentos.uel.br\/enfermagem\/wp-json\/wp\/v2\/pages\/501","targetHints":{"allow":["GET"]}}],"collection":[{"href":"https:\/\/departamentos.uel.br\/enfermagem\/wp-json\/wp\/v2\/pages"}],"about":[{"href":"https:\/\/departamentos.uel.br\/enfermagem\/wp-json\/wp\/v2\/types\/page"}],"author":[{"embeddable":true,"href":"https:\/\/departamentos.uel.br\/enfermagem\/wp-json\/wp\/v2\/users\/7"}],"replies":[{"embeddable":true,"href":"https:\/\/departamentos.uel.br\/enfermagem\/wp-json\/wp\/v2\/comments?post=501"}],"version-history":[{"count":6,"href":"https:\/\/departamentos.uel.br\/enfermagem\/wp-json\/wp\/v2\/pages\/501\/revisions"}],"predecessor-version":[{"id":512,"href":"https:\/\/departamentos.uel.br\/enfermagem\/wp-json\/wp\/v2\/pages\/501\/revisions\/512"}],"wp:attachment":[{"href":"https:\/\/departamentos.uel.br\/enfermagem\/wp-json\/wp\/v2\/media?parent=501"}],"curies":[{"name":"wp","href":"https:\/\/api.w.org\/{rel}","templated":true}]}}