{"id":309,"date":"2023-12-04T11:37:37","date_gmt":"2023-12-04T14:37:37","guid":{"rendered":"https:\/\/departamentos.uel.br\/enfermagem\/?page_id=309"},"modified":"2023-12-04T11:39:13","modified_gmt":"2023-12-04T14:39:13","slug":"laboratorios","status":"publish","type":"page","link":"https:\/\/departamentos.uel.br\/enfermagem\/laboratorios\/","title":{"rendered":"Laborat\u00f3rios"},"content":{"rendered":"\n<p>Al\u00e9m de salas de aulas, o curso se utiliza de estruturas de laborat\u00f3rios, para as atividades acad\u00eamicas.<\/p>\n\n\n\n<div data-wp-interactive=\"core\/file\" class=\"wp-block-file\"><object data-wp-bind--hidden=\"!state.hasPdfPreview\" hidden class=\"wp-block-file__embed\" data=\"https:\/\/departamentos.uel.br\/enfermagem\/wp-content\/uploads\/2023\/12\/estrutura_recursos.pdf\" type=\"application\/pdf\" style=\"width:100%;height:600px\" aria-label=\"Incorporado de estrutura_recursos.\"><\/object><a id=\"wp-block-file--media-772fedfc-3458-459f-b387-0d688e891205\" href=\"https:\/\/departamentos.uel.br\/enfermagem\/wp-content\/uploads\/2023\/12\/estrutura_recursos.pdf\">estrutura_recursos<\/a><a href=\"https:\/\/departamentos.uel.br\/enfermagem\/wp-content\/uploads\/2023\/12\/estrutura_recursos.pdf\" class=\"wp-block-file__button wp-element-button\" download aria-describedby=\"wp-block-file--media-772fedfc-3458-459f-b387-0d688e891205\">Baixar<\/a><\/div>\n","protected":false},"excerpt":{"rendered":"<p>Al\u00e9m de salas de aulas, o curso se utiliza de estruturas de laborat\u00f3rios, para as atividades acad\u00eamicas.<\/p>\n","protected":false},"author":7,"featured_media":0,"parent":0,"menu_order":0,"comment_status":"closed","ping_status":"closed","template":"","meta":{"_acf_changed":false,"_themeisle_gutenberg_block_has_review":false,"footnotes":""},"class_list":["post-309","page","type-page","status-publish","hentry"],"acf":[],"_links":{"self":[{"href":"https:\/\/departamentos.uel.br\/enfermagem\/wp-json\/wp\/v2\/pages\/309","targetHints":{"allow":["GET"]}}],"collection":[{"href":"https:\/\/departamentos.uel.br\/enfermagem\/wp-json\/wp\/v2\/pages"}],"about":[{"href":"https:\/\/departamentos.uel.br\/enfermagem\/wp-json\/wp\/v2\/types\/page"}],"author":[{"embeddable":true,"href":"https:\/\/departamentos.uel.br\/enfermagem\/wp-json\/wp\/v2\/users\/7"}],"replies":[{"embeddable":true,"href":"https:\/\/departamentos.uel.br\/enfermagem\/wp-json\/wp\/v2\/comments?post=309"}],"version-history":[{"count":3,"href":"https:\/\/departamentos.uel.br\/enfermagem\/wp-json\/wp\/v2\/pages\/309\/revisions"}],"predecessor-version":[{"id":314,"href":"https:\/\/departamentos.uel.br\/enfermagem\/wp-json\/wp\/v2\/pages\/309\/revisions\/314"}],"wp:attachment":[{"href":"https:\/\/departamentos.uel.br\/enfermagem\/wp-json\/wp\/v2\/media?parent=309"}],"curies":[{"name":"wp","href":"https:\/\/api.w.org\/{rel}","templated":true}]}}