{"id":20,"date":"2023-10-30T14:36:32","date_gmt":"2023-10-30T17:36:32","guid":{"rendered":"https:\/\/departamentos.uel.br\/enfermagem\/?page_id=20"},"modified":"2023-11-29T17:29:42","modified_gmt":"2023-11-29T20:29:42","slug":"comite-de-etica","status":"publish","type":"page","link":"https:\/\/departamentos.uel.br\/enfermagem\/comite-de-etica\/","title":{"rendered":"Comit\u00ea de \u00c9tica"},"content":{"rendered":"\n<p>Todos os projetos de pesquisa, cadastrados\u00a0\u00a0no Sistema UEL (<a href=\"http:\/\/www.uel.br\/\">www.uel.br<\/a>)\u00a0junto \u00e0 PROPPG dever\u00e3o\u00a0\u00a0<u>tamb\u00e9m<\/u>\u00a0ser cadastrados para\u00a0o CEP\/UEL na Plataforma Brasil (vale ressaltar que o Sistema UEL e a Plataforma Brasil s\u00e3o momentos independentes no tr\u00e2mite da pesquisa, sendo a Plataforma Brasil a \u00fanica forma\u00a0pela qual o Projeto de Pesquisa ser\u00e1 avaliado pelo Comit\u00ea de \u00c9tica). <\/p>\n\n\n\n<p><a href=\"http:\/\/www.uel.br\/comites\/cepesh\/\">CEP (Seres Humanos)<\/a><\/p>\n\n\n\n<p><a href=\"http:\/\/www.uel.br\/comites\/ceua\/\">CEUA (Animais)<\/a><\/p>\n\n\n\n<p><a href=\"http:\/\/www.uel.br\/comites\/cobio\/\">CIBio (OGMs)<\/a><\/p>\n\n\n\n<p><a href=\"https:\/\/sites.uel.br\/proppg\/patrimonio-genetico\/\">CPGEN (Patrim\u00f4nio Gen\u00e9tico)<\/a><\/p>\n\n\n\n<p><a href=\"https:\/\/sites.uel.br\/proppg\/comite-assessor-do-programa-de-iniciacao-cientifica\/\">Comit\u00ea PROIC<\/a><\/p>\n\n\n\n<p><a href=\"https:\/\/sites.uel.br\/proppg\/comite-assessor-do-programa-de-iniciacao-em-desenvolvimento-tecnologico-e-inovacao\/\">Comit\u00ea PROIT<\/a><\/p>\n","protected":false},"excerpt":{"rendered":"<p>Todos os projetos de pesquisa, cadastrados\u00a0\u00a0no Sistema UEL (www.uel.br)\u00a0junto \u00e0 PROPPG dever\u00e3o\u00a0\u00a0tamb\u00e9m\u00a0ser cadastrados para\u00a0o CEP\/UEL na Plataforma Brasil (vale ressaltar que o Sistema UEL e a Plataforma Brasil s\u00e3o momentos independentes no tr\u00e2mite da pesquisa, sendo a Plataforma Brasil a \u00fanica forma\u00a0pela qual o Projeto de Pesquisa ser\u00e1 avaliado pelo Comit\u00ea de \u00c9tica). CEP (Seres [&hellip;]<\/p>\n","protected":false},"author":7,"featured_media":0,"parent":0,"menu_order":0,"comment_status":"closed","ping_status":"closed","template":"","meta":{"_acf_changed":false,"_themeisle_gutenberg_block_has_review":false,"footnotes":""},"class_list":["post-20","page","type-page","status-publish","hentry"],"acf":[],"_links":{"self":[{"href":"https:\/\/departamentos.uel.br\/enfermagem\/wp-json\/wp\/v2\/pages\/20","targetHints":{"allow":["GET"]}}],"collection":[{"href":"https:\/\/departamentos.uel.br\/enfermagem\/wp-json\/wp\/v2\/pages"}],"about":[{"href":"https:\/\/departamentos.uel.br\/enfermagem\/wp-json\/wp\/v2\/types\/page"}],"author":[{"embeddable":true,"href":"https:\/\/departamentos.uel.br\/enfermagem\/wp-json\/wp\/v2\/users\/7"}],"replies":[{"embeddable":true,"href":"https:\/\/departamentos.uel.br\/enfermagem\/wp-json\/wp\/v2\/comments?post=20"}],"version-history":[{"count":11,"href":"https:\/\/departamentos.uel.br\/enfermagem\/wp-json\/wp\/v2\/pages\/20\/revisions"}],"predecessor-version":[{"id":248,"href":"https:\/\/departamentos.uel.br\/enfermagem\/wp-json\/wp\/v2\/pages\/20\/revisions\/248"}],"wp:attachment":[{"href":"https:\/\/departamentos.uel.br\/enfermagem\/wp-json\/wp\/v2\/media?parent=20"}],"curies":[{"name":"wp","href":"https:\/\/api.w.org\/{rel}","templated":true}]}}