{"id":39,"date":"2024-09-20T15:04:31","date_gmt":"2024-09-20T18:04:31","guid":{"rendered":"https:\/\/departamentos.uel.br\/educacao-fisica\/?page_id=39"},"modified":"2025-09-29T09:17:00","modified_gmt":"2025-09-29T12:17:00","slug":"eventos","status":"publish","type":"page","link":"https:\/\/departamentos.uel.br\/educacao-fisica\/eventos\/","title":{"rendered":"Eventos"},"content":{"rendered":"\n<p class=\"has-text-align-center has-verde-claro-color has-verde-escuro-background-color has-text-color has-background has-link-color has-large-font-size wp-elements-b246315a9874b49e9928759f42d7a943\">MESA REDONDA: Pr\u00e1ticas exitosas de atividade f\u00edsica no SUS: caminho percorrido e perspectivas<\/p>\n\n\n\n<div class=\"wp-block-columns is-layout-flex wp-container-core-columns-is-layout-9d6595d7 wp-block-columns-is-layout-flex\">\n<div class=\"wp-block-column is-layout-flow wp-block-column-is-layout-flow\">\n<figure class=\"wp-block-image size-large\"><img loading=\"lazy\" decoding=\"async\" width=\"1024\" height=\"1024\" src=\"https:\/\/departamentos.uel.br\/educacao-fisica\/wp-content\/uploads\/2025\/09\/Mesas-Redonda-Praticas-Exitosas-2-1024x1024.jpg\" alt=\"\" class=\"wp-image-258\" \/><\/figure>\n<\/div>\n\n\n\n<div class=\"wp-block-column is-layout-flow wp-block-column-is-layout-flow\">\n<p>\u2705 A mesa-redonda discutir\u00e1 a Implementa\u00e7\u00e3o das Recomenda\u00e7\u00f5es para o Desenvolvimento de Pr\u00e1ticas Exitosas de Atividade F\u00edsica em diferentes contextos da Aten\u00e7\u00e3o Prim\u00e1ria\u00a0\u00e0\u00a0Sa\u00fade; e a Elabora\u00e7\u00e3o das recomenda\u00e7\u00f5es e uso do aplicativo para identifica\u00e7\u00e3o de pr\u00e1ticas exitosas de Atividade F\u00edsica.<\/p>\n\n\n\n<p>\ud83d\udccd <strong>Local:<\/strong> YouTube<br><a href=\"https:\/\/www.youtube.com\/@Departamento.Educa%C3%A7%C3%A3oF%C3%ADsica\">https:\/\/www.youtube.com\/@Departamento.Educa\u00e7\u00e3oF\u00edsica<\/a><\/p>\n\n\n\n<p><strong>Inscri\u00e7\u00f5es:<\/strong> <a href=\"http:\/\/www.uel.br\/eventos\/sigec\/?id=11269\" target=\"_blank\" rel=\"noreferrer noopener\">http:\/\/www.uel.br\/eventos\/sigec\/?id=11269<\/a><\/p>\n\n\n\n<p>\ud83d\udccc <strong>Dura\u00e7\u00e3o:<\/strong> 1 hora<\/p>\n\n\n\n<p><strong><span class=\"highlight\">Gratuito com emiss\u00e3o de certificado<\/span><\/strong><\/p>\n<\/div>\n<\/div>\n\n\n\n<p class=\"has-text-align-center has-verde-claro-color has-verde-escuro-background-color has-text-color has-background has-link-color has-large-font-size wp-elements-f1b72d9da5cf339a7b08c6965a041247\">PALESTRA: A SOCIEDADE BRASILEIRA DE ATIVIDADE F\u00cdSICA E O FUTURO DA ATIVIDADE F\u00cdSICA<\/p>\n\n\n\n<div class=\"wp-block-columns is-layout-flex wp-container-core-columns-is-layout-9d6595d7 wp-block-columns-is-layout-flex\">\n<div class=\"wp-block-column is-layout-flow wp-block-column-is-layout-flow\">\n<figure class=\"wp-block-image size-full\"><img loading=\"lazy\" decoding=\"async\" width=\"500\" height=\"625\" src=\"https:\/\/departamentos.uel.br\/educacao-fisica\/wp-content\/uploads\/2025\/08\/image-e1754062745709.png\" alt=\"\" class=\"wp-image-242\" \/><\/figure>\n<\/div>\n\n\n\n<div class=\"wp-block-column is-layout-flow wp-block-column-is-layout-flow\">\n<p>A p\u00f3s-gradua\u00e7\u00e3o em <strong>Atividade F\u00edsica e Sa\u00fade: da Aten\u00e7\u00e3o Prim\u00e1ria ao Atendimento Hospitalar<\/strong> convida alunos, docentes e pesquisadores da \u00e1rea para a aula magna com a presidente da <strong>Sociedade Brasileira de Atividade F\u00edsica e Sa\u00fade<\/strong> (SBAFS), Dr<sup>a<\/sup>Christianne de Faria Coelho Ravagnani.<\/p>\n\n\n\n<p>Durante a palestra ser\u00e3o apresentados os desafios para o setor, a\u00e7\u00f5es estrat\u00e9gicas para a promo\u00e7\u00e3o da sa\u00fade e o fortalecimento da atua\u00e7\u00e3o multiprofissional.<\/p>\n\n\n\n<p>A palestra online marcada para o dia <strong>12\/08<\/strong>, \u00e0s <strong>19 horas<\/strong>, ser\u00e1 transmitida ao vivo pelo <strong>Youtube<\/strong>, no canal do Departamento de Educa\u00e7\u00e3o F\u00edsica da UEL.<\/p>\n\n\n\n<p><strong>GRATUITO<\/strong> com emiss\u00e3o de <strong>CERTIFICADO<\/strong><\/p>\n\n\n\n<p><strong>Inscri\u00e7\u00f5es<\/strong> <a href=\"https:\/\/www.sistemasweb.uel.br\/index.php?contents=system\/insc\/index.php&amp;pagina=view\/inscricoes\/seleciona_evento.php&amp;cod_evento=11028\">LINK<\/a><br><strong>Transmiss\u00e3o no Youtube<\/strong> <a href=\"https:\/\/www.youtube.com\/@departamento.educacaofisica\">LINK<\/a><\/p>\n<\/div>\n<\/div>\n\n\n\n<p><\/p>\n\n\n\n<p><\/p>\n\n\n\n<p class=\"has-text-align-center has-verde-claro-color has-verde-escuro-background-color has-text-color has-background has-link-color has-large-font-size wp-elements-607307f959487e4430215c0f1ac84949\">PROGRAMA\u00c7\u00c3O &#8211; TEMA LIVRE<\/p>\n\n\n\n<div class=\"wp-block-columns is-layout-flex wp-container-core-columns-is-layout-9d6595d7 wp-block-columns-is-layout-flex\">\n<div class=\"wp-block-column is-layout-flow wp-block-column-is-layout-flow\">\n<div class=\"wp-block-columns is-layout-flex wp-container-core-columns-is-layout-9d6595d7 wp-block-columns-is-layout-flex\">\n<div class=\"wp-block-column is-layout-flow wp-block-column-is-layout-flow\">\n<div data-wp-interactive=\"core\/file\" class=\"wp-block-file\"><object data-wp-bind--hidden=\"!state.hasPdfPreview\" hidden class=\"wp-block-file__embed\" data=\"https:\/\/departamentos.uel.br\/educacao-fisica\/wp-content\/uploads\/2025\/04\/PROGRAMACAO-CIENTIFICA-SITE-Remoto.pdf\" type=\"application\/pdf\" style=\"width:100%;height:600px\" aria-label=\"Incorporado de PROGRAMA\u00c7\u00c3O CIENT\u00cdFICA SITE - Remoto.\"><\/object><a id=\"wp-block-file--media-7d585681-87af-4a3f-b58c-69027c401052\" href=\"https:\/\/departamentos.uel.br\/educacao-fisica\/wp-content\/uploads\/2025\/04\/PROGRAMACAO-CIENTIFICA-SITE-Remoto.pdf\">PROGRAMA\u00c7\u00c3O CIENT\u00cdFICA SITE &#8211; Remoto<\/a><a href=\"https:\/\/departamentos.uel.br\/educacao-fisica\/wp-content\/uploads\/2025\/04\/PROGRAMACAO-CIENTIFICA-SITE-Remoto.pdf\" class=\"wp-block-file__button wp-element-button\" download aria-describedby=\"wp-block-file--media-7d585681-87af-4a3f-b58c-69027c401052\">Baixar<\/a><\/div>\n<\/div>\n\n\n\n<div class=\"wp-block-column is-layout-flow wp-block-column-is-layout-flow\">\n<div data-wp-interactive=\"core\/file\" class=\"wp-block-file\"><object data-wp-bind--hidden=\"!state.hasPdfPreview\" hidden class=\"wp-block-file__embed\" data=\"https:\/\/departamentos.uel.br\/educacao-fisica\/wp-content\/uploads\/2025\/04\/PROGRAMACAO-CIENTIFICA-SITE-EPoster.pdf\" type=\"application\/pdf\" style=\"width:100%;height:600px\" aria-label=\"Incorporado de PROGRAMA\u00c7\u00c3O CIENT\u00cdFICA SITE - EPoster.\"><\/object><a id=\"wp-block-file--media-d262701d-7615-4e83-a52f-f4b559a47bd9\" href=\"https:\/\/departamentos.uel.br\/educacao-fisica\/wp-content\/uploads\/2025\/04\/PROGRAMACAO-CIENTIFICA-SITE-EPoster.pdf\">PROGRAMA\u00c7\u00c3O CIENT\u00cdFICA SITE &#8211; EPoster<\/a><a href=\"https:\/\/departamentos.uel.br\/educacao-fisica\/wp-content\/uploads\/2025\/04\/PROGRAMACAO-CIENTIFICA-SITE-EPoster.pdf\" class=\"wp-block-file__button wp-element-button\" download aria-describedby=\"wp-block-file--media-d262701d-7615-4e83-a52f-f4b559a47bd9\">Baixar<\/a><\/div>\n<\/div>\n<\/div>\n<\/div>\n<\/div>\n\n\n\n<p class=\"has-text-align-center has-verde-claro-color has-verde-escuro-background-color has-text-color has-background has-link-color has-large-font-size wp-elements-ad584f60601a3a3cb9bf5cf1683deb78\">I SAFAS TRABALHOS APROVADOS PRESENCIAL<\/p>\n\n\n\n<div class=\"wp-block-columns is-layout-flex wp-container-core-columns-is-layout-9d6595d7 wp-block-columns-is-layout-flex\">\n<div class=\"wp-block-column is-layout-flow wp-block-column-is-layout-flow\">\n<figure class=\"wp-block-image size-large\"><img loading=\"lazy\" decoding=\"async\" width=\"682\" height=\"1024\" src=\"https:\/\/departamentos.uel.br\/educacao-fisica\/wp-content\/uploads\/2025\/04\/Trabalhos-aprovados-PRESENCIAL-3-682x1024.png\" alt=\"\" class=\"wp-image-211\" srcset=\"https:\/\/departamentos.uel.br\/educacao-fisica\/wp-content\/uploads\/2025\/04\/Trabalhos-aprovados-PRESENCIAL-3-682x1024.png 682w, https:\/\/departamentos.uel.br\/educacao-fisica\/wp-content\/uploads\/2025\/04\/Trabalhos-aprovados-PRESENCIAL-3-200x300.png 200w, https:\/\/departamentos.uel.br\/educacao-fisica\/wp-content\/uploads\/2025\/04\/Trabalhos-aprovados-PRESENCIAL-3-768x1152.png 768w, https:\/\/departamentos.uel.br\/educacao-fisica\/wp-content\/uploads\/2025\/04\/Trabalhos-aprovados-PRESENCIAL-3-1024x1536.png 1024w, https:\/\/departamentos.uel.br\/educacao-fisica\/wp-content\/uploads\/2025\/04\/Trabalhos-aprovados-PRESENCIAL-3.png 1333w\" sizes=\"auto, (max-width: 682px) 100vw, 682px\" \/><\/figure>\n<\/div>\n\n\n\n<div class=\"wp-block-column is-layout-flow wp-block-column-is-layout-flow\">\n<figure class=\"wp-block-image size-large\"><img loading=\"lazy\" decoding=\"async\" width=\"682\" height=\"1024\" src=\"https:\/\/departamentos.uel.br\/educacao-fisica\/wp-content\/uploads\/2025\/04\/Trabalhos-aprovados-PRESENCIAL-4-682x1024.png\" alt=\"\" class=\"wp-image-212\" srcset=\"https:\/\/departamentos.uel.br\/educacao-fisica\/wp-content\/uploads\/2025\/04\/Trabalhos-aprovados-PRESENCIAL-4-682x1024.png 682w, https:\/\/departamentos.uel.br\/educacao-fisica\/wp-content\/uploads\/2025\/04\/Trabalhos-aprovados-PRESENCIAL-4-200x300.png 200w, https:\/\/departamentos.uel.br\/educacao-fisica\/wp-content\/uploads\/2025\/04\/Trabalhos-aprovados-PRESENCIAL-4-768x1152.png 768w, https:\/\/departamentos.uel.br\/educacao-fisica\/wp-content\/uploads\/2025\/04\/Trabalhos-aprovados-PRESENCIAL-4-1024x1536.png 1024w, https:\/\/departamentos.uel.br\/educacao-fisica\/wp-content\/uploads\/2025\/04\/Trabalhos-aprovados-PRESENCIAL-4.png 1333w\" sizes=\"auto, (max-width: 682px) 100vw, 682px\" \/><\/figure>\n<\/div>\n<\/div>\n\n\n\n<p class=\"has-text-align-center has-verde-claro-color has-verde-escuro-background-color has-text-color has-background has-link-color has-large-font-size wp-elements-5567674b11be85dac09a7c22dfddb99b\">I SAFAS TRABALHOS APROVADOS REMOTO<\/p>\n\n\n\n<div class=\"wp-block-columns is-layout-flex wp-container-core-columns-is-layout-9d6595d7 wp-block-columns-is-layout-flex\">\n<div class=\"wp-block-column is-layout-flow wp-block-column-is-layout-flow\">\n<figure class=\"wp-block-image size-large\"><img loading=\"lazy\" decoding=\"async\" width=\"682\" height=\"1024\" src=\"https:\/\/departamentos.uel.br\/educacao-fisica\/wp-content\/uploads\/2025\/04\/Trabalhos-aprovados-REMOTO-5-682x1024.png\" alt=\"\" class=\"wp-image-220\" srcset=\"https:\/\/departamentos.uel.br\/educacao-fisica\/wp-content\/uploads\/2025\/04\/Trabalhos-aprovados-REMOTO-5-682x1024.png 682w, https:\/\/departamentos.uel.br\/educacao-fisica\/wp-content\/uploads\/2025\/04\/Trabalhos-aprovados-REMOTO-5-200x300.png 200w, https:\/\/departamentos.uel.br\/educacao-fisica\/wp-content\/uploads\/2025\/04\/Trabalhos-aprovados-REMOTO-5-768x1152.png 768w, https:\/\/departamentos.uel.br\/educacao-fisica\/wp-content\/uploads\/2025\/04\/Trabalhos-aprovados-REMOTO-5-1024x1536.png 1024w, https:\/\/departamentos.uel.br\/educacao-fisica\/wp-content\/uploads\/2025\/04\/Trabalhos-aprovados-REMOTO-5.png 1333w\" sizes=\"auto, (max-width: 682px) 100vw, 682px\" \/><\/figure>\n<\/div>\n\n\n\n<div class=\"wp-block-column is-layout-flow wp-block-column-is-layout-flow\">\n<figure class=\"wp-block-image size-large\"><img loading=\"lazy\" decoding=\"async\" width=\"682\" height=\"1024\" src=\"https:\/\/departamentos.uel.br\/educacao-fisica\/wp-content\/uploads\/2025\/04\/Trabalhos-aprovados-REMOTO-1-1-682x1024.png\" alt=\"\" class=\"wp-image-221\" srcset=\"https:\/\/departamentos.uel.br\/educacao-fisica\/wp-content\/uploads\/2025\/04\/Trabalhos-aprovados-REMOTO-1-1-682x1024.png 682w, https:\/\/departamentos.uel.br\/educacao-fisica\/wp-content\/uploads\/2025\/04\/Trabalhos-aprovados-REMOTO-1-1-200x300.png 200w, https:\/\/departamentos.uel.br\/educacao-fisica\/wp-content\/uploads\/2025\/04\/Trabalhos-aprovados-REMOTO-1-1-768x1152.png 768w, https:\/\/departamentos.uel.br\/educacao-fisica\/wp-content\/uploads\/2025\/04\/Trabalhos-aprovados-REMOTO-1-1-1024x1536.png 1024w, https:\/\/departamentos.uel.br\/educacao-fisica\/wp-content\/uploads\/2025\/04\/Trabalhos-aprovados-REMOTO-1-1.png 1333w\" sizes=\"auto, (max-width: 682px) 100vw, 682px\" \/><\/figure>\n<\/div>\n<\/div>\n\n\n\n<div class=\"wp-block-columns is-layout-flex wp-container-core-columns-is-layout-9d6595d7 wp-block-columns-is-layout-flex\">\n<div class=\"wp-block-column is-layout-flow wp-block-column-is-layout-flow\">\n<figure class=\"wp-block-image size-large\"><img loading=\"lazy\" decoding=\"async\" width=\"682\" height=\"1024\" src=\"https:\/\/departamentos.uel.br\/educacao-fisica\/wp-content\/uploads\/2025\/04\/Trabalhos-aprovados-REMOTO-2-1-682x1024.png\" alt=\"\" class=\"wp-image-222\" srcset=\"https:\/\/departamentos.uel.br\/educacao-fisica\/wp-content\/uploads\/2025\/04\/Trabalhos-aprovados-REMOTO-2-1-682x1024.png 682w, https:\/\/departamentos.uel.br\/educacao-fisica\/wp-content\/uploads\/2025\/04\/Trabalhos-aprovados-REMOTO-2-1-200x300.png 200w, https:\/\/departamentos.uel.br\/educacao-fisica\/wp-content\/uploads\/2025\/04\/Trabalhos-aprovados-REMOTO-2-1-768x1152.png 768w, https:\/\/departamentos.uel.br\/educacao-fisica\/wp-content\/uploads\/2025\/04\/Trabalhos-aprovados-REMOTO-2-1-1024x1536.png 1024w, https:\/\/departamentos.uel.br\/educacao-fisica\/wp-content\/uploads\/2025\/04\/Trabalhos-aprovados-REMOTO-2-1.png 1333w\" sizes=\"auto, (max-width: 682px) 100vw, 682px\" \/><\/figure>\n<\/div>\n\n\n\n<div class=\"wp-block-column is-layout-flow wp-block-column-is-layout-flow\">\n<figure class=\"wp-block-image size-large\"><img loading=\"lazy\" decoding=\"async\" width=\"682\" height=\"1024\" src=\"https:\/\/departamentos.uel.br\/educacao-fisica\/wp-content\/uploads\/2025\/04\/Trabalhos-aprovados-REMOTO-3-1-682x1024.png\" alt=\"\" class=\"wp-image-223\" srcset=\"https:\/\/departamentos.uel.br\/educacao-fisica\/wp-content\/uploads\/2025\/04\/Trabalhos-aprovados-REMOTO-3-1-682x1024.png 682w, https:\/\/departamentos.uel.br\/educacao-fisica\/wp-content\/uploads\/2025\/04\/Trabalhos-aprovados-REMOTO-3-1-200x300.png 200w, https:\/\/departamentos.uel.br\/educacao-fisica\/wp-content\/uploads\/2025\/04\/Trabalhos-aprovados-REMOTO-3-1-768x1152.png 768w, https:\/\/departamentos.uel.br\/educacao-fisica\/wp-content\/uploads\/2025\/04\/Trabalhos-aprovados-REMOTO-3-1-1024x1536.png 1024w, https:\/\/departamentos.uel.br\/educacao-fisica\/wp-content\/uploads\/2025\/04\/Trabalhos-aprovados-REMOTO-3-1.png 1333w\" sizes=\"auto, (max-width: 682px) 100vw, 682px\" \/><\/figure>\n<\/div>\n<\/div>\n\n\n\n<p class=\"has-verde-claro-color has-verde-escuro-background-color has-text-color has-background has-link-color has-large-font-size wp-elements-6c1d57a8bb73221ccbe2eb0d38e22361\">TEMPLATE PARA APRESENTA\u00c7\u00c3O NO I SAFAS<\/p>\n\n\n\n<div class=\"wp-block-columns is-layout-flex wp-container-core-columns-is-layout-9d6595d7 wp-block-columns-is-layout-flex\">\n<div class=\"wp-block-column is-layout-flow wp-block-column-is-layout-flow\">\n<figure class=\"wp-block-image size-large\"><a href=\"https:\/\/docs.google.com\/presentation\/d\/1hLUolEQh2SVjDwcVK1cDpEdCYa1AhtAe\/edit?usp=drive_link&amp;ouid=118190568424004686881&amp;rtpof=true&amp;sd=true\"><img loading=\"lazy\" decoding=\"async\" width=\"576\" height=\"1024\" src=\"https:\/\/departamentos.uel.br\/educacao-fisica\/wp-content\/uploads\/2025\/04\/Capa-Template-apresentacao-remota-576x1024.png\" alt=\"\" class=\"wp-image-225\" srcset=\"https:\/\/departamentos.uel.br\/educacao-fisica\/wp-content\/uploads\/2025\/04\/Capa-Template-apresentacao-remota-576x1024.png 576w, https:\/\/departamentos.uel.br\/educacao-fisica\/wp-content\/uploads\/2025\/04\/Capa-Template-apresentacao-remota-169x300.png 169w, https:\/\/departamentos.uel.br\/educacao-fisica\/wp-content\/uploads\/2025\/04\/Capa-Template-apresentacao-remota-768x1365.png 768w, https:\/\/departamentos.uel.br\/educacao-fisica\/wp-content\/uploads\/2025\/04\/Capa-Template-apresentacao-remota-864x1536.png 864w, https:\/\/departamentos.uel.br\/educacao-fisica\/wp-content\/uploads\/2025\/04\/Capa-Template-apresentacao-remota.png 1080w\" sizes=\"auto, (max-width: 576px) 100vw, 576px\" \/><\/a><\/figure>\n<\/div>\n\n\n\n<div class=\"wp-block-column is-layout-flow wp-block-column-is-layout-flow\">\n<figure class=\"wp-block-image size-large\"><a href=\"https:\/\/docs.google.com\/presentation\/d\/1GGMBGskcTVlDuaNxOAlchRcZSGu45OlU\/edit?usp=sharing&amp;ouid=118190568424004686881&amp;rtpof=true&amp;sd=true\"><img loading=\"lazy\" decoding=\"async\" width=\"576\" height=\"1024\" src=\"https:\/\/departamentos.uel.br\/educacao-fisica\/wp-content\/uploads\/2025\/04\/Capa-Template-e-poster-576x1024.png\" alt=\"\" class=\"wp-image-226\" srcset=\"https:\/\/departamentos.uel.br\/educacao-fisica\/wp-content\/uploads\/2025\/04\/Capa-Template-e-poster-576x1024.png 576w, https:\/\/departamentos.uel.br\/educacao-fisica\/wp-content\/uploads\/2025\/04\/Capa-Template-e-poster-169x300.png 169w, https:\/\/departamentos.uel.br\/educacao-fisica\/wp-content\/uploads\/2025\/04\/Capa-Template-e-poster-768x1365.png 768w, https:\/\/departamentos.uel.br\/educacao-fisica\/wp-content\/uploads\/2025\/04\/Capa-Template-e-poster-864x1536.png 864w, https:\/\/departamentos.uel.br\/educacao-fisica\/wp-content\/uploads\/2025\/04\/Capa-Template-e-poster.png 1080w\" sizes=\"auto, (max-width: 576px) 100vw, 576px\" \/><\/a><\/figure>\n<\/div>\n<\/div>\n\n\n\n<p class=\"has-verde-claro-color has-verde-escuro-background-color has-text-color has-background has-link-color has-large-font-size wp-elements-e9d76e4e698ba68e4b7d3fa93583e31f\">Vem a\u00ed&#8230;<\/p>\n\n\n\n<div class=\"wp-block-columns is-layout-flex wp-container-core-columns-is-layout-9d6595d7 wp-block-columns-is-layout-flex\">\n<div class=\"wp-block-column is-layout-flow wp-block-column-is-layout-flow\" style=\"flex-basis:100%\">\n<div class=\"wp-block-columns is-layout-flex wp-container-core-columns-is-layout-9d6595d7 wp-block-columns-is-layout-flex\">\n<div class=\"wp-block-column is-layout-flow wp-block-column-is-layout-flow\" style=\"flex-basis:66.66%\">\n<figure class=\"wp-block-image size-large\"><img decoding=\"async\" src=\"https:\/\/departamentos.uel.br\/educacao-fisica\/wp-content\/uploads\/2025\/03\/Simposio-de-Atividade-Fisica-e-Saude.png\" alt=\"\" \/><\/figure>\n<\/div>\n\n\n\n<div class=\"wp-block-column is-layout-flow wp-block-column-is-layout-flow\" style=\"flex-basis:33.33%\">\n<p>O objetivo do evento ser\u00e1 promover a integra\u00e7\u00e3o entre profissionais de sa\u00fade e acad\u00eamicos no campo da Educa\u00e7\u00e3o F\u00edsica, com foco nas pr\u00e1ticas que envolvem a promo\u00e7\u00e3o de sa\u00fade e o cuidado em diversos n\u00edveis de aten\u00e7\u00e3o \u00e0 sa\u00fade.<\/p>\n\n\n\n<p class=\"has-verde-escuro-color has-text-color has-link-color wp-elements-0298fc783d44b8de64cbe3ccc50ec0be\">Link <strong><a href=\"https:\/\/portal.uel.br\/evento\/i-simposio-de-atividade-fisica-na-atencao-a-saude\/\">INSCRI\u00c7\u00d5ES<\/a><\/strong> <\/p>\n\n\n\n<p>e-mail: saf@uel.br<\/p>\n\n\n\n<p>Link <strong><a href=\"https:\/\/departamentos.uel.br\/educacao-fisica\/simposio-de-atividade-fisica-na-atencao-a-saude\/\" data-type=\"attachment\" data-id=\"117\">Normas para submiss\u00e3o de resumos<\/a><\/strong> <\/p>\n\n\n\n<p><strong>DATAS&nbsp;E&nbsp;PRAZOS IMPORTANTES<\/strong><\/p>\n\n\n\n<p class=\"has-small-font-size\">1) Abertura do processo de submiss\u00e3o dos trabalhos:<strong>&nbsp;14 de fevereiro de 2025<\/strong><\/p>\n\n\n\n<p class=\"has-small-font-size\">2) Prazo final para submiss\u00e3o de resumos:&nbsp;<strong>28 de mar\u00e7o de 2025, 23h59min<\/strong><\/p>\n\n\n\n<p class=\"has-small-font-size\">3) Notifica\u00e7\u00e3o aos autores dos trabalhos selecionados:<strong>&nbsp;at\u00e9 04 de abril de 2025<\/strong><\/p>\n<\/div>\n<\/div>\n<\/div>\n<\/div>\n\n\n\n<div class=\"wp-block-group\"><div class=\"wp-block-group__inner-container is-layout-constrained wp-block-group-is-layout-constrained\">\n<div class=\"wp-block-columns is-layout-flex wp-container-core-columns-is-layout-9d6595d7 wp-block-columns-is-layout-flex\">\n<div class=\"wp-block-column is-layout-flow wp-block-column-is-layout-flow\" style=\"flex-basis:100%\">\n<div class=\"wp-block-columns is-layout-flex wp-container-core-columns-is-layout-9d6595d7 wp-block-columns-is-layout-flex\">\n<div class=\"wp-block-column is-layout-flow wp-block-column-is-layout-flow\">\n<figure class=\"wp-block-image size-large\"><img loading=\"lazy\" decoding=\"async\" width=\"883\" height=\"1024\" src=\"https:\/\/departamentos.uel.br\/educacao-fisica\/wp-content\/uploads\/2025\/03\/Captura-de-Tela-2025-03-15-as-11.46.47-883x1024.png\" alt=\"\" class=\"wp-image-196\" srcset=\"https:\/\/departamentos.uel.br\/educacao-fisica\/wp-content\/uploads\/2025\/03\/Captura-de-Tela-2025-03-15-as-11.46.47-883x1024.png 883w, https:\/\/departamentos.uel.br\/educacao-fisica\/wp-content\/uploads\/2025\/03\/Captura-de-Tela-2025-03-15-as-11.46.47-259x300.png 259w, https:\/\/departamentos.uel.br\/educacao-fisica\/wp-content\/uploads\/2025\/03\/Captura-de-Tela-2025-03-15-as-11.46.47-768x891.png 768w, https:\/\/departamentos.uel.br\/educacao-fisica\/wp-content\/uploads\/2025\/03\/Captura-de-Tela-2025-03-15-as-11.46.47.png 998w\" sizes=\"auto, (max-width: 883px) 100vw, 883px\" \/><\/figure>\n\n\n\n<p>Ser\u00e3o aceitos relatos de experi\u00eancia e resumos originais conclu\u00eddos&nbsp;e&nbsp;in\u00e9ditos, ou seja, que n\u00e3o tenham sido previamente apresentados em eventos cient\u00edficos nacionais ou internacionais.<\/p>\n\n\n\n<p>Link&nbsp;<strong><a href=\"https:\/\/departamentos.uel.br\/educacao-fisica\/simposio-de-atividade-fisica-na-atencao-a-saude\/\">Normas para submiss\u00e3o de resumos<\/a><\/strong><\/p>\n<\/div>\n\n\n\n<div class=\"wp-block-column is-layout-flow wp-block-column-is-layout-flow\">\n<figure class=\"wp-block-video\"><video height=\"1920\" style=\"aspect-ratio: 1080 \/ 1920;\" width=\"1080\" controls src=\"https:\/\/departamentos.uel.br\/educacao-fisica\/wp-content\/uploads\/2025\/02\/RELLS.mp4\"><\/video><\/figure>\n\n\n\n<p>O Congresso Brasileiro de Metabolismo, Nutri\u00e7\u00e3o e Exerc\u00edcio surgiu do crescente interesse em investigar os impactos do exerc\u00edcio e da dieta na sa\u00fade e no desempenho atl\u00e9tico. O evento oferece eixos tem\u00e1ticos diversificados, valoriza a apresenta\u00e7\u00e3o de pesquisas e premia os melhores trabalhos cient\u00edficos. Durante quatro dias, promove intensa troca de conhecimento entre estudantes, profissionais e pesquisadores.<\/p>\n\n\n\n<p class=\"has-verde-escuro-color has-text-color has-link-color wp-elements-3d4f1b4f32b0d8c8fc94a6b6c51c7487\"><strong><a href=\"https:\/\/conbramene.com.br\/#modal\">INSCRI\u00c7\u00d5ES<\/a><\/strong><\/p>\n<\/div>\n\n\n\n<div class=\"wp-block-column is-layout-flow wp-block-column-is-layout-flow\">\n<figure class=\"wp-block-image size-large\"><img loading=\"lazy\" decoding=\"async\" width=\"724\" height=\"1024\" src=\"https:\/\/departamentos.uel.br\/educacao-fisica\/wp-content\/uploads\/2025\/03\/WhatsApp-Image-2025-03-11-at-13.34.06-1-724x1024.jpeg\" alt=\"\" class=\"wp-image-206\" srcset=\"https:\/\/departamentos.uel.br\/educacao-fisica\/wp-content\/uploads\/2025\/03\/WhatsApp-Image-2025-03-11-at-13.34.06-1-724x1024.jpeg 724w, https:\/\/departamentos.uel.br\/educacao-fisica\/wp-content\/uploads\/2025\/03\/WhatsApp-Image-2025-03-11-at-13.34.06-1-212x300.jpeg 212w, https:\/\/departamentos.uel.br\/educacao-fisica\/wp-content\/uploads\/2025\/03\/WhatsApp-Image-2025-03-11-at-13.34.06-1-768x1086.jpeg 768w, https:\/\/departamentos.uel.br\/educacao-fisica\/wp-content\/uploads\/2025\/03\/WhatsApp-Image-2025-03-11-at-13.34.06-1.jpeg 905w\" sizes=\"auto, (max-width: 724px) 100vw, 724px\" \/><\/figure>\n\n\n\n<p>O Departamento de Educa\u00e7\u00e3o F\u00edsica da Universidade Estadual de Londrina<br>(DEF), t\u00eam a honra de convid\u00e1-lo para o <strong>I SIMP\u00d3SIO DE ATIVIDADE F\u00cdSICA NA ATEN\u00c7\u00c3O<br>\u00c0 SA\u00daDE<\/strong>, no dia <strong>11 de abril de 2025<\/strong>, na Universidade Estadual de Londrina, em<br>Londrina\/PR, Brasil.<br><br><strong>PRESENCIAL<\/strong><br> <a href=\"https:\/\/g.co\/kgs\/rqTMJ7C\">CESA UEL<\/a><br><br><strong>EVENTO H\u00cdBRIDO <\/strong><a href=\"https:\/\/www.youtube.com\/@departamento.educacaofisica\">Youtube<\/a><\/p>\n\n\n\n<p><\/p>\n<\/div>\n<\/div>\n\n\n\n<p class=\"has-verde-escuro-color has-text-color has-link-color wp-elements-62a94e616adbd4e9445618397c2ea4c5\"><\/p>\n<\/div>\n<\/div>\n<\/div><\/div>\n","protected":false},"excerpt":{"rendered":"<p>MESA REDONDA: Pr\u00e1ticas exitosas de atividade f\u00edsica no SUS: caminho percorrido e perspectivas \u2705 A mesa-redonda discutir\u00e1 a Implementa\u00e7\u00e3o das Recomenda\u00e7\u00f5es para o Desenvolvimento de Pr\u00e1ticas Exitosas de Atividade F\u00edsica em diferentes contextos da Aten\u00e7\u00e3o Prim\u00e1ria\u00a0\u00e0\u00a0Sa\u00fade; e a Elabora\u00e7\u00e3o das recomenda\u00e7\u00f5es e uso do aplicativo para identifica\u00e7\u00e3o de pr\u00e1ticas exitosas de Atividade F\u00edsica. \ud83d\udccd Local: [&hellip;]<\/p>\n","protected":false},"author":6,"featured_media":0,"parent":0,"menu_order":0,"comment_status":"closed","ping_status":"closed","template":"","meta":{"_acf_changed":false,"_themeisle_gutenberg_block_has_review":false,"footnotes":""},"class_list":["post-39","page","type-page","status-publish","hentry"],"acf":[],"_links":{"self":[{"href":"https:\/\/departamentos.uel.br\/educacao-fisica\/wp-json\/wp\/v2\/pages\/39","targetHints":{"allow":["GET"]}}],"collection":[{"href":"https:\/\/departamentos.uel.br\/educacao-fisica\/wp-json\/wp\/v2\/pages"}],"about":[{"href":"https:\/\/departamentos.uel.br\/educacao-fisica\/wp-json\/wp\/v2\/types\/page"}],"author":[{"embeddable":true,"href":"https:\/\/departamentos.uel.br\/educacao-fisica\/wp-json\/wp\/v2\/users\/6"}],"replies":[{"embeddable":true,"href":"https:\/\/departamentos.uel.br\/educacao-fisica\/wp-json\/wp\/v2\/comments?post=39"}],"version-history":[{"count":52,"href":"https:\/\/departamentos.uel.br\/educacao-fisica\/wp-json\/wp\/v2\/pages\/39\/revisions"}],"predecessor-version":[{"id":259,"href":"https:\/\/departamentos.uel.br\/educacao-fisica\/wp-json\/wp\/v2\/pages\/39\/revisions\/259"}],"wp:attachment":[{"href":"https:\/\/departamentos.uel.br\/educacao-fisica\/wp-json\/wp\/v2\/media?parent=39"}],"curies":[{"name":"wp","href":"https:\/\/api.w.org\/{rel}","templated":true}]}}