{"id":35,"date":"2024-09-20T15:04:03","date_gmt":"2024-09-20T18:04:03","guid":{"rendered":"https:\/\/departamentos.uel.br\/educacao-fisica\/?page_id=35"},"modified":"2024-09-23T11:06:18","modified_gmt":"2024-09-23T14:06:18","slug":"infraestrutura","status":"publish","type":"page","link":"https:\/\/departamentos.uel.br\/educacao-fisica\/infraestrutura\/","title":{"rendered":"Infraestrutura"},"content":{"rendered":"\n<p>O Departamento de Educa\u00e7\u00e3o F\u00edsica faz parte da estrutura administrativa e f\u00edsica do Centro de Educa\u00e7\u00e3o F\u00edsica e Esporte (CEFE).<\/p>\n\n\n\n<iframe src=\"https:\/\/www.google.com\/maps\/embed?pb=!1m18!1m12!1m3!1d3663.807775824152!2d-51.20728982483428!3d-23.32273215286841!2m3!1f0!2f0!3f0!3m2!1i1024!2i768!4f13.1!3m3!1m2!1s0x94eb5b622b9644ab%3A0x90c62d6ec6a75469!2sDepartamento%20de%20Educa%C3%A7%C3%A3o%20F%C3%ADsica!5e0!3m2!1spt-BR!2sbr!4v1727100319941!5m2!1spt-BR!2sbr\" width=\"1000\" height=\"600\" style=\"border:0;\" allowfullscreen=\"\" loading=\"lazy\" referrerpolicy=\"no-referrer-when-downgrade\"><\/iframe>\n","protected":false},"excerpt":{"rendered":"<p>O Departamento de Educa\u00e7\u00e3o F\u00edsica faz parte da estrutura administrativa e f\u00edsica do Centro de Educa\u00e7\u00e3o F\u00edsica e Esporte (CEFE).<\/p>\n","protected":false},"author":6,"featured_media":0,"parent":0,"menu_order":0,"comment_status":"closed","ping_status":"closed","template":"","meta":{"_acf_changed":false,"_themeisle_gutenberg_block_has_review":false,"footnotes":""},"class_list":["post-35","page","type-page","status-publish","hentry"],"acf":[],"_links":{"self":[{"href":"https:\/\/departamentos.uel.br\/educacao-fisica\/wp-json\/wp\/v2\/pages\/35","targetHints":{"allow":["GET"]}}],"collection":[{"href":"https:\/\/departamentos.uel.br\/educacao-fisica\/wp-json\/wp\/v2\/pages"}],"about":[{"href":"https:\/\/departamentos.uel.br\/educacao-fisica\/wp-json\/wp\/v2\/types\/page"}],"author":[{"embeddable":true,"href":"https:\/\/departamentos.uel.br\/educacao-fisica\/wp-json\/wp\/v2\/users\/6"}],"replies":[{"embeddable":true,"href":"https:\/\/departamentos.uel.br\/educacao-fisica\/wp-json\/wp\/v2\/comments?post=35"}],"version-history":[{"count":3,"href":"https:\/\/departamentos.uel.br\/educacao-fisica\/wp-json\/wp\/v2\/pages\/35\/revisions"}],"predecessor-version":[{"id":102,"href":"https:\/\/departamentos.uel.br\/educacao-fisica\/wp-json\/wp\/v2\/pages\/35\/revisions\/102"}],"wp:attachment":[{"href":"https:\/\/departamentos.uel.br\/educacao-fisica\/wp-json\/wp\/v2\/media?parent=35"}],"curies":[{"name":"wp","href":"https:\/\/api.w.org\/{rel}","templated":true}]}}