{"id":95,"date":"2026-04-15T09:23:40","date_gmt":"2026-04-15T12:23:40","guid":{"rendered":"https:\/\/departamentos.uel.br\/economia\/?page_id=95"},"modified":"2026-04-15T09:37:56","modified_gmt":"2026-04-15T12:37:56","slug":"comissao-de-ensino","status":"publish","type":"page","link":"https:\/\/departamentos.uel.br\/economia\/comissao-de-ensino\/","title":{"rendered":"Comiss\u00e3o de Ensino"},"content":{"rendered":"\n<p><strong>Comiss\u00e3o de Ensino do Departamento:<\/strong><br>a) Coordenador: Daniel da Silva Barros (dbarros@uel.br)<br>b) Suplente: Katy Maia (katymaia@uel.br)<br>c) Membro: Renato Nozaki Sugahara (sugahara@uel.br)<\/p>\n\n\n\n<p><strong>Comiss\u00e3o de P\u00f3s-Gradua\u00e7\u00e3o:<\/strong><br>a) Coordenador: Angelo Rondina Neto (angelorondina@uel.br)<br>b) Suplente: Jos\u00e9 Adrian Pintos Payeras (adrian@uel.br)<br>c) Membro: Joanna Georgios Alexopoulos (jalexopoulos@uel.br)<\/p>\n\n\n\n<p><strong>Comiss\u00e3o de Pesquisa:<\/strong><br>a) Coordenador: Jos\u00e9 Adrian Pintos Payeras (adrian@uel.br)<br>b) Suplente: Angelo Rondina Neto (angelorondina@uel.br)<br>c) Membro: Katy Maia\u00a0 (katymaia@uel.br)<br><br><strong>Comiss\u00e3o de Extens\u00e3o, Cultura e Sociedade:<\/strong><br>a) Coordenador: Emerson Guzzi Zuan Esteves (emerson.esteves@uel.br)<br>b) Suplente: Daniel da Silva Barros (dbarros@uel.br)<br>c) Membro: Umberto Antonio Sesso Filho (umasesso@uel.br)<\/p>\n","protected":false},"excerpt":{"rendered":"<p>Comiss\u00e3o de Ensino do Departamento:a) Coordenador: Daniel da Silva Barros (dbarros@uel.br)b) Suplente: Katy Maia (katymaia@uel.br)c) Membro: Renato Nozaki Sugahara (sugahara@uel.br) Comiss\u00e3o de P\u00f3s-Gradua\u00e7\u00e3o:a) Coordenador: Angelo Rondina Neto (angelorondina@uel.br)b) Suplente: Jos\u00e9 Adrian Pintos Payeras (adrian@uel.br)c) Membro: Joanna Georgios Alexopoulos (jalexopoulos@uel.br) Comiss\u00e3o de Pesquisa:a) Coordenador: Jos\u00e9 Adrian Pintos Payeras (adrian@uel.br)b) Suplente: Angelo Rondina Neto (angelorondina@uel.br)c) Membro: Katy [&hellip;]<\/p>\n","protected":false},"author":6,"featured_media":0,"parent":0,"menu_order":0,"comment_status":"closed","ping_status":"closed","template":"","meta":{"_acf_changed":false,"_themeisle_gutenberg_block_has_review":false,"footnotes":""},"class_list":["post-95","page","type-page","status-publish","hentry"],"acf":[],"_links":{"self":[{"href":"https:\/\/departamentos.uel.br\/economia\/wp-json\/wp\/v2\/pages\/95"}],"collection":[{"href":"https:\/\/departamentos.uel.br\/economia\/wp-json\/wp\/v2\/pages"}],"about":[{"href":"https:\/\/departamentos.uel.br\/economia\/wp-json\/wp\/v2\/types\/page"}],"author":[{"embeddable":true,"href":"https:\/\/departamentos.uel.br\/economia\/wp-json\/wp\/v2\/users\/6"}],"replies":[{"embeddable":true,"href":"https:\/\/departamentos.uel.br\/economia\/wp-json\/wp\/v2\/comments?post=95"}],"version-history":[{"count":5,"href":"https:\/\/departamentos.uel.br\/economia\/wp-json\/wp\/v2\/pages\/95\/revisions"}],"predecessor-version":[{"id":104,"href":"https:\/\/departamentos.uel.br\/economia\/wp-json\/wp\/v2\/pages\/95\/revisions\/104"}],"wp:attachment":[{"href":"https:\/\/departamentos.uel.br\/economia\/wp-json\/wp\/v2\/media?parent=95"}],"curies":[{"name":"wp","href":"https:\/\/api.w.org\/{rel}","templated":true}]}}