{"id":39,"date":"2024-10-25T10:50:48","date_gmt":"2024-10-25T13:50:48","guid":{"rendered":"https:\/\/departamentos.uel.br\/economia\/?page_id=39"},"modified":"2024-10-25T10:58:51","modified_gmt":"2024-10-25T13:58:51","slug":"sobre-o-departamento","status":"publish","type":"page","link":"https:\/\/departamentos.uel.br\/economia\/sobre-o-departamento\/","title":{"rendered":"Sobre o Departamento"},"content":{"rendered":"\n<p>Pesquisa inovadora e desenvolvimento de solu\u00e7\u00f5es para os desafios econ\u00f4micos globais e locais. Nossa miss\u00e3o \u00e9 formar economistas qualificados, cr\u00edticos e preparados para contribuir ativamente com a sociedade, seja no setor p\u00fablico, privado ou no terceiro setor.<\/p>\n\n\n\n<p>Com uma equipe de docentes qualificados, nosso curr\u00edculo \u00e9 constantemente atualizado para refletir as tend\u00eancias atuais da economia, al\u00e9m de incentivar o pensamento interdisciplinar e a aplica\u00e7\u00e3o de conceitos econ\u00f4micos em contextos reais.<\/p>\n\n\n\n<p>Os alunos t\u00eam a oportunidade de participar de projetos de pesquisa, ensino e extens\u00e3o em \u00e1reas como desenvolvimento econ\u00f4mico, finan\u00e7as, pol\u00edticas p\u00fablicas, economia comportamental e sustentabilidade, entre outras. <\/p>\n\n\n\n<p>Al\u00e9m disso, fomentamos o desenvolvimento profissional por meio de est\u00e1gios, programas de interc\u00e2mbio e parcerias com empresas.<\/p>\n\n\n\n<p>Seja como aluno, pesquisador ou colaborador, estamos prontos para compartilhar conhecimento e promover uma comunidade acad\u00eamica vibrante e engajada.<\/p>\n","protected":false},"excerpt":{"rendered":"<p>Pesquisa inovadora e desenvolvimento de solu\u00e7\u00f5es para os desafios econ\u00f4micos globais e locais. Nossa miss\u00e3o \u00e9 formar economistas qualificados, cr\u00edticos e preparados para contribuir ativamente com a sociedade, seja no setor p\u00fablico, privado ou no terceiro setor. Com uma equipe de docentes qualificados, nosso curr\u00edculo \u00e9 constantemente atualizado para refletir as tend\u00eancias atuais da economia, [&hellip;]<\/p>\n","protected":false},"author":6,"featured_media":0,"parent":0,"menu_order":0,"comment_status":"closed","ping_status":"closed","template":"","meta":{"_acf_changed":false,"_themeisle_gutenberg_block_has_review":false,"footnotes":""},"class_list":["post-39","page","type-page","status-publish","hentry"],"acf":[],"_links":{"self":[{"href":"https:\/\/departamentos.uel.br\/economia\/wp-json\/wp\/v2\/pages\/39"}],"collection":[{"href":"https:\/\/departamentos.uel.br\/economia\/wp-json\/wp\/v2\/pages"}],"about":[{"href":"https:\/\/departamentos.uel.br\/economia\/wp-json\/wp\/v2\/types\/page"}],"author":[{"embeddable":true,"href":"https:\/\/departamentos.uel.br\/economia\/wp-json\/wp\/v2\/users\/6"}],"replies":[{"embeddable":true,"href":"https:\/\/departamentos.uel.br\/economia\/wp-json\/wp\/v2\/comments?post=39"}],"version-history":[{"count":2,"href":"https:\/\/departamentos.uel.br\/economia\/wp-json\/wp\/v2\/pages\/39\/revisions"}],"predecessor-version":[{"id":57,"href":"https:\/\/departamentos.uel.br\/economia\/wp-json\/wp\/v2\/pages\/39\/revisions\/57"}],"wp:attachment":[{"href":"https:\/\/departamentos.uel.br\/economia\/wp-json\/wp\/v2\/media?parent=39"}],"curies":[{"name":"wp","href":"https:\/\/api.w.org\/{rel}","templated":true}]}}