{"id":38,"date":"2024-10-24T14:10:37","date_gmt":"2024-10-24T17:10:37","guid":{"rendered":"https:\/\/departamentos.uel.br\/direito-publico\/?page_id=38"},"modified":"2024-10-24T14:21:11","modified_gmt":"2024-10-24T17:21:11","slug":"sobre-o-departamento","status":"publish","type":"page","link":"https:\/\/departamentos.uel.br\/direito-publico\/sobre-o-departamento\/","title":{"rendered":"Sobre o Departamento"},"content":{"rendered":"\n<p>Nosso compromisso com a pesquisa e atua\u00e7\u00e3o na forma\u00e7\u00e3o de profissionais altamente capacitados para enfrentar os desafios contempor\u00e2neos das esferas p\u00fablica e jur\u00eddica.<\/p>\n\n\n\n<p>Nossa miss\u00e3o \u00e9 proporcionar uma forma\u00e7\u00e3o s\u00f3lida e cr\u00edtica, preparando os estudantes para atuar com responsabilidade e compet\u00eancia em \u00e1reas fundamentais como Direito Constitucional, Administrativo, Tribut\u00e1rio, Penal, Internacional P\u00fablico e Ambiental. <\/p>\n\n\n\n<p>Al\u00e9m do ensino de qualidade, o Departamento de Direito P\u00fablico se destaca pela produ\u00e7\u00e3o de pesquisas relevantes e pela promo\u00e7\u00e3o de eventos acad\u00eamicos que estimulam o pensamento cr\u00edtico e interdisciplinar. <\/p>\n\n\n\n<p>Convidamos voc\u00ea a conhecer nossas atividades e a fazer parte de um ambiente acad\u00eamico comprometido com a excel\u00eancia e com a transforma\u00e7\u00e3o social.<\/p>\n","protected":false},"excerpt":{"rendered":"<p>Nosso compromisso com a pesquisa e atua\u00e7\u00e3o na forma\u00e7\u00e3o de profissionais altamente capacitados para enfrentar os desafios contempor\u00e2neos das esferas p\u00fablica e jur\u00eddica. Nossa miss\u00e3o \u00e9 proporcionar uma forma\u00e7\u00e3o s\u00f3lida e cr\u00edtica, preparando os estudantes para atuar com responsabilidade e compet\u00eancia em \u00e1reas fundamentais como Direito Constitucional, Administrativo, Tribut\u00e1rio, Penal, Internacional P\u00fablico e Ambiental. Al\u00e9m [&hellip;]<\/p>\n","protected":false},"author":6,"featured_media":0,"parent":0,"menu_order":0,"comment_status":"closed","ping_status":"closed","template":"","meta":{"_acf_changed":false,"_themeisle_gutenberg_block_has_review":false,"footnotes":""},"class_list":["post-38","page","type-page","status-publish","hentry"],"acf":[],"_links":{"self":[{"href":"https:\/\/departamentos.uel.br\/direito-publico\/wp-json\/wp\/v2\/pages\/38","targetHints":{"allow":["GET"]}}],"collection":[{"href":"https:\/\/departamentos.uel.br\/direito-publico\/wp-json\/wp\/v2\/pages"}],"about":[{"href":"https:\/\/departamentos.uel.br\/direito-publico\/wp-json\/wp\/v2\/types\/page"}],"author":[{"embeddable":true,"href":"https:\/\/departamentos.uel.br\/direito-publico\/wp-json\/wp\/v2\/users\/6"}],"replies":[{"embeddable":true,"href":"https:\/\/departamentos.uel.br\/direito-publico\/wp-json\/wp\/v2\/comments?post=38"}],"version-history":[{"count":2,"href":"https:\/\/departamentos.uel.br\/direito-publico\/wp-json\/wp\/v2\/pages\/38\/revisions"}],"predecessor-version":[{"id":54,"href":"https:\/\/departamentos.uel.br\/direito-publico\/wp-json\/wp\/v2\/pages\/38\/revisions\/54"}],"wp:attachment":[{"href":"https:\/\/departamentos.uel.br\/direito-publico\/wp-json\/wp\/v2\/media?parent=38"}],"curies":[{"name":"wp","href":"https:\/\/api.w.org\/{rel}","templated":true}]}}