{"id":34,"date":"2024-10-24T14:08:31","date_gmt":"2024-10-24T17:08:31","guid":{"rendered":"https:\/\/departamentos.uel.br\/direito-publico\/?page_id=34"},"modified":"2024-10-25T10:14:02","modified_gmt":"2024-10-25T13:14:02","slug":"eventos","status":"publish","type":"page","link":"https:\/\/departamentos.uel.br\/direito-publico\/eventos\/","title":{"rendered":"Eventos"},"content":{"rendered":"\n<p class=\"has-medium-font-size\"><strong>2024<\/strong><\/p>\n\n\n\n<div id=\"wp-block-themeisle-blocks-accordion-b790a776\" class=\"wp-block-themeisle-blocks-accordion exclusive\">\n<details class=\"wp-block-themeisle-blocks-accordion-item\"><summary class=\"wp-block-themeisle-blocks-accordion-item__title\"><div><strong>VIII A PESQUISA E O DIREITO<\/strong><br><strong>Per\u00edodo de Realiza\u00e7\u00e3o:<\/strong><br>07\/10\/2024 a 08\/10\/2024<br><strong>Evento online<\/strong>: Link meet.google.com\/rwj-mtod-gir<\/div><\/summary><div class=\"wp-block-themeisle-blocks-accordion-item__content\">\n<p><strong>Objetivo:<\/strong><\/p>\n\n\n\n<p>Relatar experi\u00eancias pessoais de como foi o ingresso da p\u00f3s-gradua\u00e7\u00e3o. Entender de que forma \u00e9 a trajet\u00f3ria da pesquisa jur\u00eddica ao longo da gradua\u00e7\u00e3o.<\/p>\n\n\n\n<p>Para informa\u00e7\u00f5es e inscri\u00e7\u00f5es clique em <strong><a href=\"https:\/\/www.sistemasweb.uel.br\/index.php?contents=system\/insc\/index.php&amp;pagina=view\/inscricoes\/seleciona_evento.php\">saiba mais<\/a><\/strong>.<\/p>\n<\/div><\/details>\n<\/div>\n","protected":false},"excerpt":{"rendered":"<p>2024<\/p>\n","protected":false},"author":6,"featured_media":0,"parent":0,"menu_order":0,"comment_status":"closed","ping_status":"closed","template":"","meta":{"_acf_changed":false,"_themeisle_gutenberg_block_has_review":false,"footnotes":""},"class_list":["post-34","page","type-page","status-publish","hentry"],"acf":[],"_links":{"self":[{"href":"https:\/\/departamentos.uel.br\/direito-publico\/wp-json\/wp\/v2\/pages\/34","targetHints":{"allow":["GET"]}}],"collection":[{"href":"https:\/\/departamentos.uel.br\/direito-publico\/wp-json\/wp\/v2\/pages"}],"about":[{"href":"https:\/\/departamentos.uel.br\/direito-publico\/wp-json\/wp\/v2\/types\/page"}],"author":[{"embeddable":true,"href":"https:\/\/departamentos.uel.br\/direito-publico\/wp-json\/wp\/v2\/users\/6"}],"replies":[{"embeddable":true,"href":"https:\/\/departamentos.uel.br\/direito-publico\/wp-json\/wp\/v2\/comments?post=34"}],"version-history":[{"count":2,"href":"https:\/\/departamentos.uel.br\/direito-publico\/wp-json\/wp\/v2\/pages\/34\/revisions"}],"predecessor-version":[{"id":89,"href":"https:\/\/departamentos.uel.br\/direito-publico\/wp-json\/wp\/v2\/pages\/34\/revisions\/89"}],"wp:attachment":[{"href":"https:\/\/departamentos.uel.br\/direito-publico\/wp-json\/wp\/v2\/media?parent=34"}],"curies":[{"name":"wp","href":"https:\/\/api.w.org\/{rel}","templated":true}]}}