{"id":37,"date":"2024-10-24T10:23:55","date_gmt":"2024-10-24T13:23:55","guid":{"rendered":"https:\/\/departamentos.uel.br\/direito-privado\/?page_id=37"},"modified":"2024-10-24T10:32:33","modified_gmt":"2024-10-24T13:32:33","slug":"sobre-o-departamento","status":"publish","type":"page","link":"https:\/\/departamentos.uel.br\/direito-privado\/sobre-o-departamento\/","title":{"rendered":"Sobre o Departamento"},"content":{"rendered":"\n<p>O Curso de Direito foi criado originalmente sob a denomina\u00e7\u00e3o de\u00a0<em>Faculdade Estadual de Direito de Londrina<\/em>, em 04 de junho de 1956 (Decreto Estadual n\u00b0 2.781). As suas atividades foram autorizadas em 07 de mar\u00e7o de 1958 (Decreto Federal n\u00b0 43.309). <\/p>\n\n\n\n<p>A entidade que congrega os estudantes recebeu a denomina\u00e7\u00e3o de\u00a0<em>Centro Acad\u00eamico Sete de Mar\u00e7o -CASM<\/em>\u00a0em homenagem a essa data. O reconhecimento da Faculdade aconteceu atrav\u00e9s do Decreto Federal n\u00b0 49.064, de 06 de outubro de 1960.<\/p>\n\n\n\n<p>Dos bancos escolares da antiga Faculdade de Direito e do atual Curso de Direito da UEL sa\u00edram, nestas tr\u00eas d\u00e9cadas e meia de formaturas v\u00e1rias centenas de bachar\u00e9is, que se tornaram expoentes e brilhantes. <\/p>\n\n\n\n<p>Intelectuais de grande sucesso nas suas \u00e1reas profissionais de atua\u00e7\u00e3o, como advogados, ju\u00edzes estaduais nas v\u00e1rias unidades da federa\u00e7\u00e3o, ju\u00edzes federais, ju\u00edzes do trabalho, ju\u00edzes classistas, ju\u00edzes dos tribunais, desembargadores, promotores de justi\u00e7a, procuradores estaduais e federais, advogados p\u00fablicos, docentes, delegados de pol\u00edcia estaduais e federais dentre outras \u00e1reas do mundo jur\u00eddico.<\/p>\n","protected":false},"excerpt":{"rendered":"<p>O Curso de Direito foi criado originalmente sob a denomina\u00e7\u00e3o de\u00a0Faculdade Estadual de Direito de Londrina, em 04 de junho de 1956 (Decreto Estadual n\u00b0 2.781). As suas atividades foram autorizadas em 07 de mar\u00e7o de 1958 (Decreto Federal n\u00b0 43.309). A entidade que congrega os estudantes recebeu a denomina\u00e7\u00e3o de\u00a0Centro Acad\u00eamico Sete de Mar\u00e7o [&hellip;]<\/p>\n","protected":false},"author":6,"featured_media":0,"parent":0,"menu_order":0,"comment_status":"closed","ping_status":"closed","template":"","meta":{"_acf_changed":false,"_themeisle_gutenberg_block_has_review":false,"footnotes":""},"class_list":["post-37","page","type-page","status-publish","hentry"],"acf":[],"_links":{"self":[{"href":"https:\/\/departamentos.uel.br\/direito-privado\/wp-json\/wp\/v2\/pages\/37","targetHints":{"allow":["GET"]}}],"collection":[{"href":"https:\/\/departamentos.uel.br\/direito-privado\/wp-json\/wp\/v2\/pages"}],"about":[{"href":"https:\/\/departamentos.uel.br\/direito-privado\/wp-json\/wp\/v2\/types\/page"}],"author":[{"embeddable":true,"href":"https:\/\/departamentos.uel.br\/direito-privado\/wp-json\/wp\/v2\/users\/6"}],"replies":[{"embeddable":true,"href":"https:\/\/departamentos.uel.br\/direito-privado\/wp-json\/wp\/v2\/comments?post=37"}],"version-history":[{"count":2,"href":"https:\/\/departamentos.uel.br\/direito-privado\/wp-json\/wp\/v2\/pages\/37\/revisions"}],"predecessor-version":[{"id":53,"href":"https:\/\/departamentos.uel.br\/direito-privado\/wp-json\/wp\/v2\/pages\/37\/revisions\/53"}],"wp:attachment":[{"href":"https:\/\/departamentos.uel.br\/direito-privado\/wp-json\/wp\/v2\/media?parent=37"}],"curies":[{"name":"wp","href":"https:\/\/api.w.org\/{rel}","templated":true}]}}