{"id":33,"date":"2024-10-24T10:22:34","date_gmt":"2024-10-24T13:22:34","guid":{"rendered":"https:\/\/departamentos.uel.br\/direito-privado\/?page_id=33"},"modified":"2024-10-24T13:28:00","modified_gmt":"2024-10-24T16:28:00","slug":"eventos","status":"publish","type":"page","link":"https:\/\/departamentos.uel.br\/direito-privado\/eventos\/","title":{"rendered":"Eventos"},"content":{"rendered":"\n<p class=\"has-medium-font-size\"><strong>2024<\/strong><\/p>\n\n\n\n<div id=\"wp-block-themeisle-blocks-accordion-cbd653ae\" class=\"wp-block-themeisle-blocks-accordion exclusive\">\n<details class=\"wp-block-themeisle-blocks-accordion-item\"><summary class=\"wp-block-themeisle-blocks-accordion-item__title\"><div><strong>III Simp\u00f3sio Brasil-Paraguai de Direito Internacional e desenvolvimento UEL-Unican<\/strong><br>Para mais informa\u00e7\u00f5es e inscri\u00e7\u00f5es clique no <strong><a href=\"https:\/\/www.uel.br\/pos\/mestradoemdireito\/\">Link<\/a><\/strong>.<\/div><\/summary><div class=\"wp-block-themeisle-blocks-accordion-item__content\"><div class=\"wp-block-image\">\n<figure class=\"aligncenter size-full\"><img loading=\"lazy\" decoding=\"async\" width=\"296\" height=\"297\" src=\"https:\/\/departamentos.uel.br\/direito-privado\/wp-content\/uploads\/2024\/10\/EventoBrasil-Paraguai.png\" alt=\"\" class=\"wp-image-100\" srcset=\"https:\/\/departamentos.uel.br\/direito-privado\/wp-content\/uploads\/2024\/10\/EventoBrasil-Paraguai.png 296w, https:\/\/departamentos.uel.br\/direito-privado\/wp-content\/uploads\/2024\/10\/EventoBrasil-Paraguai-150x150.png 150w\" sizes=\"auto, (max-width: 296px) 100vw, 296px\" \/><\/figure>\n<\/div><\/div><\/details>\n<\/div>\n","protected":false},"excerpt":{"rendered":"<p>2024<\/p>\n","protected":false},"author":6,"featured_media":0,"parent":0,"menu_order":0,"comment_status":"closed","ping_status":"closed","template":"","meta":{"_acf_changed":false,"_themeisle_gutenberg_block_has_review":false,"footnotes":""},"class_list":["post-33","page","type-page","status-publish","hentry"],"acf":[],"_links":{"self":[{"href":"https:\/\/departamentos.uel.br\/direito-privado\/wp-json\/wp\/v2\/pages\/33","targetHints":{"allow":["GET"]}}],"collection":[{"href":"https:\/\/departamentos.uel.br\/direito-privado\/wp-json\/wp\/v2\/pages"}],"about":[{"href":"https:\/\/departamentos.uel.br\/direito-privado\/wp-json\/wp\/v2\/types\/page"}],"author":[{"embeddable":true,"href":"https:\/\/departamentos.uel.br\/direito-privado\/wp-json\/wp\/v2\/users\/6"}],"replies":[{"embeddable":true,"href":"https:\/\/departamentos.uel.br\/direito-privado\/wp-json\/wp\/v2\/comments?post=33"}],"version-history":[{"count":5,"href":"https:\/\/departamentos.uel.br\/direito-privado\/wp-json\/wp\/v2\/pages\/33\/revisions"}],"predecessor-version":[{"id":102,"href":"https:\/\/departamentos.uel.br\/direito-privado\/wp-json\/wp\/v2\/pages\/33\/revisions\/102"}],"wp:attachment":[{"href":"https:\/\/departamentos.uel.br\/direito-privado\/wp-json\/wp\/v2\/media?parent=33"}],"curies":[{"name":"wp","href":"https:\/\/api.w.org\/{rel}","templated":true}]}}