{"id":163,"date":"2024-11-26T16:39:51","date_gmt":"2024-11-26T19:39:51","guid":{"rendered":"https:\/\/departamentos.uel.br\/construcao-civil\/?page_id=163"},"modified":"2024-11-27T15:20:16","modified_gmt":"2024-11-27T18:20:16","slug":"infraestrutura","status":"publish","type":"page","link":"https:\/\/departamentos.uel.br\/construcao-civil\/infraestrutura\/","title":{"rendered":"Infraestrutura"},"content":{"rendered":"\n<p>O Departamento de Constru\u00e7\u00e3o Civil faz parte da estrutura administrativa e f\u00edsica do Centro de Arquitetura e Urbanismo (CTU).<\/p>\n\n\n\n<iframe src=\"https:\/\/www.google.com\/maps\/embed?pb=!1m18!1m12!1m3!1d3663.702392029264!2d-51.2008005248342!3d-23.326554353007474!2m3!1f0!2f0!3f0!3m2!1i1024!2i768!4f13.1!3m3!1m2!1s0x94eb5ca1a4ac05b7%3A0x9a69f996cdd1ebd2!2sDepartamento%20de%20Constru%C3%A7%C3%A3o%20Civil!5e0!3m2!1spt-BR!2sbr!4v1732731528722!5m2!1spt-BR!2sbr\" width=\"1000\" height=\"600\" style=\"border:0;\" allowfullscreen=\"\" loading=\"lazy\" referrerpolicy=\"no-referrer-when-downgrade\"><\/iframe>\n","protected":false},"excerpt":{"rendered":"<p>O Departamento de Constru\u00e7\u00e3o Civil faz parte da estrutura administrativa e f\u00edsica do Centro de Arquitetura e Urbanismo (CTU).<\/p>\n","protected":false},"author":10,"featured_media":0,"parent":0,"menu_order":0,"comment_status":"closed","ping_status":"closed","template":"","meta":{"_acf_changed":false,"_themeisle_gutenberg_block_has_review":false,"footnotes":""},"class_list":["post-163","page","type-page","status-publish","hentry"],"acf":[],"_links":{"self":[{"href":"https:\/\/departamentos.uel.br\/construcao-civil\/wp-json\/wp\/v2\/pages\/163","targetHints":{"allow":["GET"]}}],"collection":[{"href":"https:\/\/departamentos.uel.br\/construcao-civil\/wp-json\/wp\/v2\/pages"}],"about":[{"href":"https:\/\/departamentos.uel.br\/construcao-civil\/wp-json\/wp\/v2\/types\/page"}],"author":[{"embeddable":true,"href":"https:\/\/departamentos.uel.br\/construcao-civil\/wp-json\/wp\/v2\/users\/10"}],"replies":[{"embeddable":true,"href":"https:\/\/departamentos.uel.br\/construcao-civil\/wp-json\/wp\/v2\/comments?post=163"}],"version-history":[{"count":3,"href":"https:\/\/departamentos.uel.br\/construcao-civil\/wp-json\/wp\/v2\/pages\/163\/revisions"}],"predecessor-version":[{"id":232,"href":"https:\/\/departamentos.uel.br\/construcao-civil\/wp-json\/wp\/v2\/pages\/163\/revisions\/232"}],"wp:attachment":[{"href":"https:\/\/departamentos.uel.br\/construcao-civil\/wp-json\/wp\/v2\/media?parent=163"}],"curies":[{"name":"wp","href":"https:\/\/api.w.org\/{rel}","templated":true}]}}