{"id":48,"date":"2024-10-31T11:06:33","date_gmt":"2024-10-31T14:06:33","guid":{"rendered":"https:\/\/departamentos.uel.br\/comunicacao\/?page_id=48"},"modified":"2024-10-31T13:48:02","modified_gmt":"2024-10-31T16:48:02","slug":"links-importantes","status":"publish","type":"page","link":"https:\/\/departamentos.uel.br\/comunicacao\/links-importantes\/","title":{"rendered":"Links Importantes"},"content":{"rendered":"\n<h4 class=\"wp-block-heading\">Seguem links importantes da \u00e1rea:<br><br><a href=\"https:\/\/www.gov.br\/cnpq\/pt-br\"><\/a><a href=\"https:\/\/www.gov.br\/cnpq\/pt-br\">CNPq<\/a><\/h4>\n\n\n\n<p><a href=\"https:\/\/www.gov.br\/capes\/pt-br\"><strong>CAPES<\/strong><\/a><\/p>\n\n\n\n<p><a href=\"https:\/\/www.comunicacao.pr.gov.br\">SECRETARIA DA COMUNICA\u00c7\u00c3O<\/a><\/p>\n\n\n\n<p><a href=\"https:\/\/www.gov.br\/secom\/pt-br\/acesso-a-informacao\/institucional\">SECOM &#8211; SECRETARIA DE COMUNICA\u00c7\u00c3O SOCIAL<\/a><\/p>\n\n\n\n<p><strong>Manual de Identidade Visual da UEL<\/strong><\/p>\n\n\n\n<p>Ao representar a Universidade Estadual de Londrina, utilize a&nbsp;<a href=\"https:\/\/portal.uel.br\/conheca-a-uel\/pages\/marca-e-logotipo.php\" target=\"_blank\" rel=\"noreferrer noopener\">logomarca da UEL<\/a>, conforme manual abaixo:<\/p>\n\n\n\n<div data-wp-interactive=\"core\/file\" class=\"wp-block-file\"><object data-wp-bind--hidden=\"!state.hasPdfPreview\" hidden class=\"wp-block-file__embed\" data=\"https:\/\/departamentos.uel.br\/comunicacao\/wp-content\/uploads\/2024\/10\/MANUAL_DE_IDENTIDADE_UEL_-_2019-1.pdf\" type=\"application\/pdf\" style=\"width:100%;height:600px\" aria-label=\"Incorporado de MANUAL_DE_IDENTIDADE_UEL_-_2019 (1).\"><\/object><a id=\"wp-block-file--media-e98f3dae-6882-45c8-b593-a5e692644127\" href=\"https:\/\/departamentos.uel.br\/comunicacao\/wp-content\/uploads\/2024\/10\/MANUAL_DE_IDENTIDADE_UEL_-_2019-1.pdf\">MANUAL_DE_IDENTIDADE_UEL_-_2019 (1)<\/a><a href=\"https:\/\/departamentos.uel.br\/comunicacao\/wp-content\/uploads\/2024\/10\/MANUAL_DE_IDENTIDADE_UEL_-_2019-1.pdf\" class=\"wp-block-file__button wp-element-button\" download aria-describedby=\"wp-block-file--media-e98f3dae-6882-45c8-b593-a5e692644127\">Baixar<\/a><\/div>\n","protected":false},"excerpt":{"rendered":"<p>Seguem links importantes da \u00e1rea: CNPq CAPES SECRETARIA DA COMUNICA\u00c7\u00c3O SECOM &#8211; SECRETARIA DE COMUNICA\u00c7\u00c3O SOCIAL Manual de Identidade Visual da UEL Ao representar a Universidade Estadual de Londrina, utilize a&nbsp;logomarca da UEL, conforme manual abaixo:<\/p>\n","protected":false},"author":6,"featured_media":0,"parent":0,"menu_order":0,"comment_status":"closed","ping_status":"closed","template":"","meta":{"_acf_changed":false,"_themeisle_gutenberg_block_has_review":false,"footnotes":""},"class_list":["post-48","page","type-page","status-publish","hentry"],"acf":[],"_links":{"self":[{"href":"https:\/\/departamentos.uel.br\/comunicacao\/wp-json\/wp\/v2\/pages\/48","targetHints":{"allow":["GET"]}}],"collection":[{"href":"https:\/\/departamentos.uel.br\/comunicacao\/wp-json\/wp\/v2\/pages"}],"about":[{"href":"https:\/\/departamentos.uel.br\/comunicacao\/wp-json\/wp\/v2\/types\/page"}],"author":[{"embeddable":true,"href":"https:\/\/departamentos.uel.br\/comunicacao\/wp-json\/wp\/v2\/users\/6"}],"replies":[{"embeddable":true,"href":"https:\/\/departamentos.uel.br\/comunicacao\/wp-json\/wp\/v2\/comments?post=48"}],"version-history":[{"count":4,"href":"https:\/\/departamentos.uel.br\/comunicacao\/wp-json\/wp\/v2\/pages\/48\/revisions"}],"predecessor-version":[{"id":78,"href":"https:\/\/departamentos.uel.br\/comunicacao\/wp-json\/wp\/v2\/pages\/48\/revisions\/78"}],"wp:attachment":[{"href":"https:\/\/departamentos.uel.br\/comunicacao\/wp-json\/wp\/v2\/media?parent=48"}],"curies":[{"name":"wp","href":"https:\/\/api.w.org\/{rel}","templated":true}]}}