{"id":39,"date":"2024-08-30T10:54:26","date_gmt":"2024-08-30T13:54:26","guid":{"rendered":"https:\/\/departamentos.uel.br\/computacao\/?page_id=39"},"modified":"2024-09-04T13:43:12","modified_gmt":"2024-09-04T16:43:12","slug":"eventos","status":"publish","type":"page","link":"https:\/\/departamentos.uel.br\/computacao\/eventos\/","title":{"rendered":"Eventos"},"content":{"rendered":"\n<p><\/p>\n\n\n\n<p><strong>2024<\/strong><\/p>\n\n\n\n<div id=\"wp-block-themeisle-blocks-accordion-9498fefd\" class=\"wp-block-themeisle-blocks-accordion exclusive\">\n<details class=\"wp-block-themeisle-blocks-accordion-item\"><summary class=\"wp-block-themeisle-blocks-accordion-item__title\"><div><strong>19-21<\/strong> <strong>de Agosto<\/strong><\/div><\/summary><div class=\"wp-block-themeisle-blocks-accordion-item__content\">\n<div class=\"wp-block-columns is-layout-flex wp-container-core-columns-is-layout-9d6595d7 wp-block-columns-is-layout-flex\">\n<div class=\"wp-block-column is-layout-flow wp-block-column-is-layout-flow\">\n<figure class=\"wp-block-image size-full\"><img loading=\"lazy\" decoding=\"async\" width=\"721\" height=\"283\" src=\"https:\/\/departamentos.uel.br\/computacao\/wp-content\/uploads\/2024\/09\/XSecin.png\" alt=\"\" class=\"wp-image-131\" srcset=\"https:\/\/departamentos.uel.br\/computacao\/wp-content\/uploads\/2024\/09\/XSecin.png 721w, https:\/\/departamentos.uel.br\/computacao\/wp-content\/uploads\/2024\/09\/XSecin-300x118.png 300w\" sizes=\"auto, (max-width: 721px) 100vw, 721px\" \/><\/figure>\n<\/div>\n\n\n\n<div class=\"wp-block-column is-layout-flow wp-block-column-is-layout-flow\">\n<p>Esta edi\u00e7\u00e3o do SECIN tem como tema Ci\u00eancia da Informa\u00e7\u00e3o de Decolonialidade. O evento busca promover debates sobre fen\u00f4menos relacionados \u00e0 Ci\u00eancia da Informa\u00e7\u00e3o, al\u00e9m de possibilitar a intera\u00e7\u00e3o entre professores, graduandos, p\u00f3s-graduandos, pesquisadores e profissionais da \u00e1rea.&nbsp;<\/p>\n<\/div>\n<\/div>\n<\/div><\/details>\n\n\n\n<details class=\"wp-block-themeisle-blocks-accordion-item\"><summary class=\"wp-block-themeisle-blocks-accordion-item__title\"><div><strong>22-23<\/strong> <strong>de Agosto<\/strong><\/div><\/summary><div class=\"wp-block-themeisle-blocks-accordion-item__content\">\n<div class=\"wp-block-columns is-layout-flex wp-container-core-columns-is-layout-9d6595d7 wp-block-columns-is-layout-flex\">\n<div class=\"wp-block-column is-layout-flow wp-block-column-is-layout-flow\">\n<figure class=\"wp-block-image size-full\"><img loading=\"lazy\" decoding=\"async\" width=\"720\" height=\"283\" src=\"https:\/\/departamentos.uel.br\/computacao\/wp-content\/uploads\/2024\/09\/8Coaic.png\" alt=\"\" class=\"wp-image-132\" srcset=\"https:\/\/departamentos.uel.br\/computacao\/wp-content\/uploads\/2024\/09\/8Coaic.png 720w, https:\/\/departamentos.uel.br\/computacao\/wp-content\/uploads\/2024\/09\/8Coaic-300x118.png 300w\" sizes=\"auto, (max-width: 720px) 100vw, 720px\" \/><\/figure>\n<\/div>\n\n\n\n<div class=\"wp-block-column is-layout-flow wp-block-column-is-layout-flow\">\n<p>O COAIC \u00e9 um espa\u00e7o em que pesquisadores, estudantes e profissionais da Ci\u00eancia da Informa\u00e7\u00e3o e \u00e1reas relacionadas podem refletir e compartilhar pesquisas cient\u00edficas. O evento \u00e9 realizado anualmente e, nesta edi\u00e7\u00e3o, promover\u00e1 debates sobre apropria\u00e7\u00e3o da informa\u00e7\u00e3o e do conhecimento na gest\u00e3o, na organiza\u00e7\u00e3o e no compartilhamento de conte\u00fado informacional.<\/p>\n<\/div>\n<\/div>\n<\/div><\/details>\n<\/div>\n\n\n\n<div class=\"wp-block-columns is-layout-flex wp-container-core-columns-is-layout-9d6595d7 wp-block-columns-is-layout-flex\">\n<div class=\"wp-block-column is-layout-flow wp-block-column-is-layout-flow\"><\/div>\n\n\n\n<div class=\"wp-block-column is-layout-flow wp-block-column-is-layout-flow\"><\/div>\n<\/div>\n\n\n\n<div class=\"wp-block-columns is-layout-flex wp-container-core-columns-is-layout-9d6595d7 wp-block-columns-is-layout-flex\">\n<div class=\"wp-block-column is-layout-flow wp-block-column-is-layout-flow\"><\/div>\n\n\n\n<div class=\"wp-block-column is-layout-flow wp-block-column-is-layout-flow\"><\/div>\n<\/div>\n","protected":false},"excerpt":{"rendered":"<p>2024<\/p>\n","protected":false},"author":6,"featured_media":0,"parent":0,"menu_order":0,"comment_status":"closed","ping_status":"closed","template":"","meta":{"_acf_changed":false,"_themeisle_gutenberg_block_has_review":false,"footnotes":""},"class_list":["post-39","page","type-page","status-publish","hentry"],"acf":[],"_links":{"self":[{"href":"https:\/\/departamentos.uel.br\/computacao\/wp-json\/wp\/v2\/pages\/39","targetHints":{"allow":["GET"]}}],"collection":[{"href":"https:\/\/departamentos.uel.br\/computacao\/wp-json\/wp\/v2\/pages"}],"about":[{"href":"https:\/\/departamentos.uel.br\/computacao\/wp-json\/wp\/v2\/types\/page"}],"author":[{"embeddable":true,"href":"https:\/\/departamentos.uel.br\/computacao\/wp-json\/wp\/v2\/users\/6"}],"replies":[{"embeddable":true,"href":"https:\/\/departamentos.uel.br\/computacao\/wp-json\/wp\/v2\/comments?post=39"}],"version-history":[{"count":12,"href":"https:\/\/departamentos.uel.br\/computacao\/wp-json\/wp\/v2\/pages\/39\/revisions"}],"predecessor-version":[{"id":168,"href":"https:\/\/departamentos.uel.br\/computacao\/wp-json\/wp\/v2\/pages\/39\/revisions\/168"}],"wp:attachment":[{"href":"https:\/\/departamentos.uel.br\/computacao\/wp-json\/wp\/v2\/media?parent=39"}],"curies":[{"name":"wp","href":"https:\/\/api.w.org\/{rel}","templated":true}]}}