{"id":334,"date":"2026-03-31T14:30:14","date_gmt":"2026-03-31T17:30:14","guid":{"rendered":"https:\/\/departamentos.uel.br\/computacao\/?page_id=334"},"modified":"2026-03-31T15:52:12","modified_gmt":"2026-03-31T18:52:12","slug":"homenagens","status":"publish","type":"page","link":"https:\/\/departamentos.uel.br\/computacao\/apresentacao\/homenagens\/","title":{"rendered":"Homenagens"},"content":{"rendered":"\n<p class=\"has-small-font-size\">Homenagem aos profissionais que contribuiram com o Departamento de Computa\u00e7\u00e3o ao longo dos anos: <\/p>\n\n\n\n<figure class=\"wp-block-table aligncenter is-style-stripes has-small-font-size\"><table class=\"has-fixed-layout\"><tbody><tr><td class=\"has-text-align-left\" data-align=\"left\"><strong>Profissionais Aposentados<\/strong><\/td><td class=\"has-text-align-left\" data-align=\"left\"><\/td><td><strong>e-mail<\/strong><\/td><\/tr><tr><td class=\"has-text-align-left\" data-align=\"left\">Dirceu Moreira Guazzi<\/td><td class=\"has-text-align-left\" data-align=\"left\">Docente Aposentado<\/td><td>dirceu@uel.br<\/td><\/tr><tr><td class=\"has-text-align-left\" data-align=\"left\">Maria Ang\u00e9lica de O.C. Brunetto<\/td><td class=\"has-text-align-left\" data-align=\"left\">Docente Aposentada<\/td><td>angelica@uel.br<\/td><\/tr><tr><td class=\"has-text-align-left\" data-align=\"left\">Valdete Vieira Silva Matos<\/td><td class=\"has-text-align-left\" data-align=\"left\">T\u00e9cnica Administrativa Aposentada                   <\/td><td>valmatos@uel.br<\/td><\/tr><\/tbody><\/table><\/figure>\n\n\n\n<p>  <\/p>\n\n\n\n<figure class=\"wp-block-table aligncenter is-style-stripes has-small-font-size\"><table class=\"has-fixed-layout\"><tbody><tr><td class=\"has-text-align-left\" data-align=\"left\"><em><strong>In Memoriam<\/strong><\/em><\/td><td><\/td><\/tr><tr><td class=\"has-text-align-left\" data-align=\"left\">Marcos Antonio Cassiolato Batista<\/td><td><\/td><\/tr><tr><td class=\"has-text-align-left\" data-align=\"left\">Rafael Robson Negr\u00e3o<\/td><td><\/td><\/tr><tr><td class=\"has-text-align-left\" data-align=\"left\">Silvio Tadeu Canola<\/td><td><\/td><\/tr><tr><td class=\"has-text-align-left\" data-align=\"left\">Weigle Luiz Gon\u00e7alves Corr\u00eaa<\/td><td><\/td><\/tr><\/tbody><\/table><\/figure>\n\n\n\n<p><\/p>\n","protected":false},"excerpt":{"rendered":"<p>Homenagem aos profissionais que contribuiram com o Departamento de Computa\u00e7\u00e3o ao longo dos anos: Profissionais Aposentados e-mail Dirceu Moreira Guazzi Docente Aposentado dirceu@uel.br Maria Ang\u00e9lica de O.C. Brunetto Docente Aposentada angelica@uel.br Valdete Vieira Silva Matos T\u00e9cnica Administrativa Aposentada valmatos@uel.br In Memoriam Marcos Antonio Cassiolato Batista Rafael Robson Negr\u00e3o Silvio Tadeu Canola Weigle Luiz Gon\u00e7alves Corr\u00eaa<\/p>\n","protected":false},"author":6,"featured_media":0,"parent":27,"menu_order":0,"comment_status":"closed","ping_status":"closed","template":"","meta":{"_acf_changed":false,"_themeisle_gutenberg_block_has_review":false,"footnotes":""},"class_list":["post-334","page","type-page","status-publish","hentry"],"acf":[],"_links":{"self":[{"href":"https:\/\/departamentos.uel.br\/computacao\/wp-json\/wp\/v2\/pages\/334","targetHints":{"allow":["GET"]}}],"collection":[{"href":"https:\/\/departamentos.uel.br\/computacao\/wp-json\/wp\/v2\/pages"}],"about":[{"href":"https:\/\/departamentos.uel.br\/computacao\/wp-json\/wp\/v2\/types\/page"}],"author":[{"embeddable":true,"href":"https:\/\/departamentos.uel.br\/computacao\/wp-json\/wp\/v2\/users\/6"}],"replies":[{"embeddable":true,"href":"https:\/\/departamentos.uel.br\/computacao\/wp-json\/wp\/v2\/comments?post=334"}],"version-history":[{"count":5,"href":"https:\/\/departamentos.uel.br\/computacao\/wp-json\/wp\/v2\/pages\/334\/revisions"}],"predecessor-version":[{"id":344,"href":"https:\/\/departamentos.uel.br\/computacao\/wp-json\/wp\/v2\/pages\/334\/revisions\/344"}],"up":[{"embeddable":true,"href":"https:\/\/departamentos.uel.br\/computacao\/wp-json\/wp\/v2\/pages\/27"}],"wp:attachment":[{"href":"https:\/\/departamentos.uel.br\/computacao\/wp-json\/wp\/v2\/media?parent=334"}],"curies":[{"name":"wp","href":"https:\/\/api.w.org\/{rel}","templated":true}]}}