{"id":204,"date":"2024-09-04T16:31:45","date_gmt":"2024-09-04T19:31:45","guid":{"rendered":"https:\/\/departamentos.uel.br\/computacao\/?page_id=204"},"modified":"2026-03-27T14:55:35","modified_gmt":"2026-03-27T17:55:35","slug":"links-importantes","status":"publish","type":"page","link":"https:\/\/departamentos.uel.br\/computacao\/links-importantes\/","title":{"rendered":"Links Importantes"},"content":{"rendered":"\n<div style=\"height:31px\" aria-hidden=\"true\" class=\"wp-block-spacer\"><\/div>\n\n\n\n<p class=\"has-medium-font-size\"><strong>Template ABNT para TCCs e disserta\u00e7\u00f5es<\/strong><\/p>\n\n\n\n<div style=\"height:19px\" aria-hidden=\"true\" class=\"wp-block-spacer\"><\/div>\n\n\n\n<p><a href=\"https:\/\/departamentos.uel.br\/computacao\/wp-content\/uploads\/2026\/03\/Modelo_DC_UEL.zip\" data-type=\"link\" data-id=\"https:\/\/departamentos.uel.br\/computacao\/wp-content\/uploads\/2026\/03\/Modelo_DC_UEL.zip\">Template ABNT-DC-UEL<\/a><\/p>\n\n\n\n<div style=\"height:20px\" aria-hidden=\"true\" class=\"wp-block-spacer\"><\/div>\n\n\n\n<p><strong>Logos do Departamento de Computa\u00e7\u00e3o:<\/strong><\/p>\n\n\n\n<figure class=\"wp-block-image size-full\"><img loading=\"lazy\" decoding=\"async\" width=\"234\" height=\"73\" src=\"https:\/\/departamentos.uel.br\/computacao\/wp-content\/uploads\/2024\/09\/Logo_DC_transparente.png\" alt=\"\" class=\"wp-image-207\" \/><\/figure>\n\n\n\n<figure class=\"wp-block-image size-full\"><img loading=\"lazy\" decoding=\"async\" width=\"117\" height=\"101\" src=\"https:\/\/departamentos.uel.br\/computacao\/wp-content\/uploads\/2024\/09\/pequena.png\" alt=\"\" class=\"wp-image-206\" \/><\/figure>\n\n\n\n<p><a href=\"https:\/\/departamentos.uel.br\/computacao\/wp-content\/uploads\/2024\/09\/Logos_DC_UEL_Vetorial1.zip\">Logos do DC e UEL \u2013 Vetorial<\/a><\/p>\n\n\n\n<div style=\"height:21px\" aria-hidden=\"true\" class=\"wp-block-spacer\"><\/div>\n\n\n\n<p><strong>Manual de Identidade Visual da UEL<\/strong><\/p>\n\n\n\n<p>Ao representar a Universidade Estadual de Londrina, utilize a&nbsp;<a href=\"https:\/\/portal.uel.br\/conheca-a-uel\/pages\/marca-e-logotipo.php\" target=\"_blank\" rel=\"noreferrer noopener\">logomarca da UEL<\/a>, conforme manual abaixo:<\/p>\n\n\n\n<div data-wp-interactive=\"core\/file\" class=\"wp-block-file\"><object data-wp-bind--hidden=\"!state.hasPdfPreview\" hidden class=\"wp-block-file__embed\" data=\"https:\/\/departamentos.uel.br\/computacao\/wp-content\/uploads\/2024\/09\/MANUAL_DE_IDENTIDADE_UEL_-_2019-1.pdf\" type=\"application\/pdf\" style=\"width:100%;height:600px\" aria-label=\"Incorporado de MANUAL_DE_IDENTIDADE_UEL_-_2019 (1).\"><\/object><a id=\"wp-block-file--media-6fc6cc25-857d-48cb-b8fc-77226620c257\" href=\"https:\/\/departamentos.uel.br\/computacao\/wp-content\/uploads\/2024\/09\/MANUAL_DE_IDENTIDADE_UEL_-_2019-1.pdf\">MANUAL_DE_IDENTIDADE_UEL_-_2019 (1)<\/a><a href=\"https:\/\/departamentos.uel.br\/computacao\/wp-content\/uploads\/2024\/09\/MANUAL_DE_IDENTIDADE_UEL_-_2019-1.pdf\" class=\"wp-block-file__button wp-element-button\" download aria-describedby=\"wp-block-file--media-6fc6cc25-857d-48cb-b8fc-77226620c257\">Baixar<\/a><\/div>\n\n\n\n<div style=\"height:46px\" aria-hidden=\"true\" class=\"wp-block-spacer\"><\/div>\n\n\n\n<p>Os docentes do Departamento de Computa\u00e7\u00e3o podem adicionar suas <a href=\"https:\/\/departamentos.uel.br\/computacao\/wp-content\/uploads\/2026\/03\/Atividades-Analistas-Informatica.pdf\" data-type=\"link\" data-id=\"https:\/\/departamentos.uel.br\/computacao\/wp-content\/uploads\/2026\/03\/Atividades-Analistas-Informatica.pdf\" target=\"_blank\" rel=\"noreferrer noopener\">demandas de desenvolvimento<\/a> por meio do <a href=\"https:\/\/gdedafbc32a43ee-dcuel.adb.sa-vinhedo-1.oraclecloudapps.com\/ords\/r\/dcuel\/solicita%C3%A7%C3%B5es-dc-uel\/login\" data-type=\"link\" data-id=\"https:\/\/gdedafbc32a43ee-dcuel.adb.sa-vinhedo-1.oraclecloudapps.com\/ords\/r\/dcuel\/solicita%C3%A7%C3%B5es-dc-uel\/login\" target=\"_blank\" rel=\"noreferrer noopener\">Link para Requisi\u00e7\u00f5es de Desenvolvimento<\/a>. <\/p>\n\n\n\n<div style=\"height:35px\" aria-hidden=\"true\" class=\"wp-block-spacer\"><\/div>\n\n\n\n<p><\/p>\n","protected":false},"excerpt":{"rendered":"<p>Template ABNT para TCCs e disserta\u00e7\u00f5es Template ABNT-DC-UEL Logos do Departamento de Computa\u00e7\u00e3o: Logos do DC e UEL \u2013 Vetorial Manual de Identidade Visual da UEL Ao representar a Universidade Estadual de Londrina, utilize a&nbsp;logomarca da UEL, conforme manual abaixo: Os docentes do Departamento de Computa\u00e7\u00e3o podem adicionar suas demandas de desenvolvimento por meio do [&hellip;]<\/p>\n","protected":false},"author":6,"featured_media":0,"parent":0,"menu_order":0,"comment_status":"closed","ping_status":"closed","template":"","meta":{"_acf_changed":false,"_themeisle_gutenberg_block_has_review":false,"footnotes":""},"class_list":["post-204","page","type-page","status-publish","hentry"],"acf":[],"_links":{"self":[{"href":"https:\/\/departamentos.uel.br\/computacao\/wp-json\/wp\/v2\/pages\/204","targetHints":{"allow":["GET"]}}],"collection":[{"href":"https:\/\/departamentos.uel.br\/computacao\/wp-json\/wp\/v2\/pages"}],"about":[{"href":"https:\/\/departamentos.uel.br\/computacao\/wp-json\/wp\/v2\/types\/page"}],"author":[{"embeddable":true,"href":"https:\/\/departamentos.uel.br\/computacao\/wp-json\/wp\/v2\/users\/6"}],"replies":[{"embeddable":true,"href":"https:\/\/departamentos.uel.br\/computacao\/wp-json\/wp\/v2\/comments?post=204"}],"version-history":[{"count":19,"href":"https:\/\/departamentos.uel.br\/computacao\/wp-json\/wp\/v2\/pages\/204\/revisions"}],"predecessor-version":[{"id":315,"href":"https:\/\/departamentos.uel.br\/computacao\/wp-json\/wp\/v2\/pages\/204\/revisions\/315"}],"wp:attachment":[{"href":"https:\/\/departamentos.uel.br\/computacao\/wp-json\/wp\/v2\/media?parent=204"}],"curies":[{"name":"wp","href":"https:\/\/api.w.org\/{rel}","templated":true}]}}