{"id":47,"date":"2024-10-28T17:17:17","date_gmt":"2024-10-28T20:17:17","guid":{"rendered":"https:\/\/departamentos.uel.br\/clinicas-veterinarias\/?page_id=47"},"modified":"2025-04-14T15:10:00","modified_gmt":"2025-04-14T18:10:00","slug":"links-importantes","status":"publish","type":"page","link":"https:\/\/departamentos.uel.br\/clinicas-veterinarias\/links-importantes\/","title":{"rendered":"Links Importantes"},"content":{"rendered":"\n<h4 class=\"wp-block-heading\">Seguem links importantes da \u00e1rea:<br><br><a href=\"https:\/\/www.gov.br\/cnpq\/pt-br\"><\/a><a href=\"https:\/\/www.gov.br\/cnpq\/pt-br\">CNPq<\/a><\/h4>\n\n\n\n<p><a href=\"https:\/\/www.gov.br\/capes\/pt-br\"><strong>CAPES<\/strong><\/a><\/p>\n\n\n\n<p><a href=\"https:\/\/crmv-pr.org.br\">CRMV-PR &#8211; CONSELHO REGIONAL DE MEDICINA VETERIN\u00c1RIA DO PARAN\u00c1<\/a><\/p>\n\n\n\n<p><\/p>\n","protected":false},"excerpt":{"rendered":"<p>Seguem links importantes da \u00e1rea: CNPq CAPES CRMV-PR &#8211; CONSELHO REGIONAL DE MEDICINA VETERIN\u00c1RIA DO PARAN\u00c1<\/p>\n","protected":false},"author":6,"featured_media":0,"parent":0,"menu_order":0,"comment_status":"closed","ping_status":"closed","template":"","meta":{"_acf_changed":false,"_themeisle_gutenberg_block_has_review":false,"footnotes":""},"class_list":["post-47","page","type-page","status-publish","hentry"],"acf":[],"_links":{"self":[{"href":"https:\/\/departamentos.uel.br\/clinicas-veterinarias\/wp-json\/wp\/v2\/pages\/47","targetHints":{"allow":["GET"]}}],"collection":[{"href":"https:\/\/departamentos.uel.br\/clinicas-veterinarias\/wp-json\/wp\/v2\/pages"}],"about":[{"href":"https:\/\/departamentos.uel.br\/clinicas-veterinarias\/wp-json\/wp\/v2\/types\/page"}],"author":[{"embeddable":true,"href":"https:\/\/departamentos.uel.br\/clinicas-veterinarias\/wp-json\/wp\/v2\/users\/6"}],"replies":[{"embeddable":true,"href":"https:\/\/departamentos.uel.br\/clinicas-veterinarias\/wp-json\/wp\/v2\/comments?post=47"}],"version-history":[{"count":9,"href":"https:\/\/departamentos.uel.br\/clinicas-veterinarias\/wp-json\/wp\/v2\/pages\/47\/revisions"}],"predecessor-version":[{"id":133,"href":"https:\/\/departamentos.uel.br\/clinicas-veterinarias\/wp-json\/wp\/v2\/pages\/47\/revisions\/133"}],"wp:attachment":[{"href":"https:\/\/departamentos.uel.br\/clinicas-veterinarias\/wp-json\/wp\/v2\/media?parent=47"}],"curies":[{"name":"wp","href":"https:\/\/api.w.org\/{rel}","templated":true}]}}