{"id":41,"date":"2024-10-28T17:16:21","date_gmt":"2024-10-28T20:16:21","guid":{"rendered":"https:\/\/departamentos.uel.br\/clinicas-veterinarias\/?page_id=41"},"modified":"2026-03-16T11:24:53","modified_gmt":"2026-03-16T14:24:53","slug":"contatos","status":"publish","type":"page","link":"https:\/\/departamentos.uel.br\/clinicas-veterinarias\/contatos\/","title":{"rendered":"Administra\u00e7\u00e3o"},"content":{"rendered":"\n<p><strong>Chefe do Departamento<\/strong><br>Prof. Dr. Marcelo Marcondes Seneda<br>marcelo.seneda@uel.br<\/p>\n\n\n\n<p><strong>Vice-Chefe do Departamento<\/strong><br>Prof. Dr. F\u00e1bio Nelson Gava<br>gava@uel.br<\/p>\n\n\n\n<p><strong>Secret\u00e1rio do Departamento<\/strong><br>Emerson Gon\u00e7alves de Lima<br>dcv@uel.br<\/p>\n\n\n\n<p><strong><br><\/strong><\/p>\n","protected":false},"excerpt":{"rendered":"<p>Chefe do DepartamentoProf. Dr. Marcelo Marcondes Senedamarcelo.seneda@uel.br Vice-Chefe do DepartamentoProf. Dr. F\u00e1bio Nelson Gavagava@uel.br Secret\u00e1rio do DepartamentoEmerson Gon\u00e7alves de Limadcv@uel.br<\/p>\n","protected":false},"author":6,"featured_media":121,"parent":0,"menu_order":0,"comment_status":"closed","ping_status":"closed","template":"","meta":{"_acf_changed":false,"_themeisle_gutenberg_block_has_review":false,"footnotes":""},"class_list":["post-41","page","type-page","status-publish","has-post-thumbnail","hentry"],"acf":[],"_links":{"self":[{"href":"https:\/\/departamentos.uel.br\/clinicas-veterinarias\/wp-json\/wp\/v2\/pages\/41","targetHints":{"allow":["GET"]}}],"collection":[{"href":"https:\/\/departamentos.uel.br\/clinicas-veterinarias\/wp-json\/wp\/v2\/pages"}],"about":[{"href":"https:\/\/departamentos.uel.br\/clinicas-veterinarias\/wp-json\/wp\/v2\/types\/page"}],"author":[{"embeddable":true,"href":"https:\/\/departamentos.uel.br\/clinicas-veterinarias\/wp-json\/wp\/v2\/users\/6"}],"replies":[{"embeddable":true,"href":"https:\/\/departamentos.uel.br\/clinicas-veterinarias\/wp-json\/wp\/v2\/comments?post=41"}],"version-history":[{"count":8,"href":"https:\/\/departamentos.uel.br\/clinicas-veterinarias\/wp-json\/wp\/v2\/pages\/41\/revisions"}],"predecessor-version":[{"id":220,"href":"https:\/\/departamentos.uel.br\/clinicas-veterinarias\/wp-json\/wp\/v2\/pages\/41\/revisions\/220"}],"wp:featuredmedia":[{"embeddable":true,"href":"https:\/\/departamentos.uel.br\/clinicas-veterinarias\/wp-json\/wp\/v2\/media\/121"}],"wp:attachment":[{"href":"https:\/\/departamentos.uel.br\/clinicas-veterinarias\/wp-json\/wp\/v2\/media?parent=41"}],"curies":[{"name":"wp","href":"https:\/\/api.w.org\/{rel}","templated":true}]}}