{"id":39,"date":"2024-10-28T17:16:09","date_gmt":"2024-10-28T20:16:09","guid":{"rendered":"https:\/\/departamentos.uel.br\/clinicas-veterinarias\/?page_id=39"},"modified":"2024-10-28T17:31:20","modified_gmt":"2024-10-28T20:31:20","slug":"sobre-o-departamento","status":"publish","type":"page","link":"https:\/\/departamentos.uel.br\/clinicas-veterinarias\/sobre-o-departamento\/","title":{"rendered":"Sobre o Departamento"},"content":{"rendered":"\n<p>Nosso departamento se dedica a promover uma forma\u00e7\u00e3o de alto n\u00edvel para futuros veterin\u00e1rios, oferecendo uma base s\u00f3lida em diagn\u00f3stico, tratamento e cuidado de animais de companhia, grandes animais e animais silvestres.<\/p>\n\n\n\n<p>Com uma equipe altamente qualificada de professores, pesquisadores e profissionais, nosso departamento oferece uma infraestrutura moderna, permitindo o aprendizado pr\u00e1tico e o desenvolvimento de habilidades t\u00e9cnicas em ambientes cl\u00ednicos e laboratoriais. <\/p>\n\n\n\n<p>Nossos alunos t\u00eam a oportunidade de vivenciar o atendimento cl\u00ednico real, supervisionados por especialistas experientes, o que proporciona uma experi\u00eancia pr\u00e1tica e um compromisso com a responsabilidade \u00e9tica. <\/p>\n\n\n\n<p>A partir do Departamento de Cl\u00ednicas Veterin\u00e1rias, buscamos formar profissionais preparados para enfrentar os desafios do mercado de trabalho com \u00e9tica, empatia e compet\u00eancia, promovendo a sa\u00fade animal e, consequentemente, o bem-estar de toda a sociedade.<\/p>\n\n\n\n<p><\/p>\n","protected":false},"excerpt":{"rendered":"<p>Nosso departamento se dedica a promover uma forma\u00e7\u00e3o de alto n\u00edvel para futuros veterin\u00e1rios, oferecendo uma base s\u00f3lida em diagn\u00f3stico, tratamento e cuidado de animais de companhia, grandes animais e animais silvestres. Com uma equipe altamente qualificada de professores, pesquisadores e profissionais, nosso departamento oferece uma infraestrutura moderna, permitindo o aprendizado pr\u00e1tico e o desenvolvimento [&hellip;]<\/p>\n","protected":false},"author":6,"featured_media":0,"parent":0,"menu_order":0,"comment_status":"closed","ping_status":"closed","template":"","meta":{"_acf_changed":false,"_themeisle_gutenberg_block_has_review":false,"footnotes":""},"class_list":["post-39","page","type-page","status-publish","hentry"],"acf":[],"_links":{"self":[{"href":"https:\/\/departamentos.uel.br\/clinicas-veterinarias\/wp-json\/wp\/v2\/pages\/39","targetHints":{"allow":["GET"]}}],"collection":[{"href":"https:\/\/departamentos.uel.br\/clinicas-veterinarias\/wp-json\/wp\/v2\/pages"}],"about":[{"href":"https:\/\/departamentos.uel.br\/clinicas-veterinarias\/wp-json\/wp\/v2\/types\/page"}],"author":[{"embeddable":true,"href":"https:\/\/departamentos.uel.br\/clinicas-veterinarias\/wp-json\/wp\/v2\/users\/6"}],"replies":[{"embeddable":true,"href":"https:\/\/departamentos.uel.br\/clinicas-veterinarias\/wp-json\/wp\/v2\/comments?post=39"}],"version-history":[{"count":4,"href":"https:\/\/departamentos.uel.br\/clinicas-veterinarias\/wp-json\/wp\/v2\/pages\/39\/revisions"}],"predecessor-version":[{"id":58,"href":"https:\/\/departamentos.uel.br\/clinicas-veterinarias\/wp-json\/wp\/v2\/pages\/39\/revisions\/58"}],"wp:attachment":[{"href":"https:\/\/departamentos.uel.br\/clinicas-veterinarias\/wp-json\/wp\/v2\/media?parent=39"}],"curies":[{"name":"wp","href":"https:\/\/api.w.org\/{rel}","templated":true}]}}