{"id":35,"date":"2024-10-28T17:15:29","date_gmt":"2024-10-28T20:15:29","guid":{"rendered":"https:\/\/departamentos.uel.br\/clinicas-veterinarias\/?page_id=35"},"modified":"2024-10-29T09:36:08","modified_gmt":"2024-10-29T12:36:08","slug":"eventos","status":"publish","type":"page","link":"https:\/\/departamentos.uel.br\/clinicas-veterinarias\/eventos\/","title":{"rendered":"Eventos"},"content":{"rendered":"\n<p class=\"has-medium-font-size\"><strong>2024<\/strong><\/p>\n\n\n\n<div id=\"wp-block-themeisle-blocks-accordion-1f1e7f41\" class=\"wp-block-themeisle-blocks-accordion exclusive\">\n<details class=\"wp-block-themeisle-blocks-accordion-item\"><summary class=\"wp-block-themeisle-blocks-accordion-item__title\"><div><strong>CICLOVET 2024 &#8211; SEMANA ACAD\u00caMICA DE MEDICINA VETERIN\u00c1RIA E MOSTRA ACAD\u00caMICA DE TRABALHOS CIENT\u00cdFICOS<\/strong><br><strong>Per\u00edodo<\/strong>: 18 a 21 de Setembro<br>Informa\u00e7\u00f5es clique em <a href=\"https:\/\/www.revistaclinicaveterinaria.com.br\/evento\/ciclovet-2024-semana-academica-de-medicina-veterinaria-e-mostra-academica-de-trabalhos-cientificos\/\"><strong>saiba mais<\/strong><\/a>.<\/div><\/summary><div class=\"wp-block-themeisle-blocks-accordion-item__content\"><div class=\"wp-block-image\">\n<figure class=\"aligncenter size-full\"><img loading=\"lazy\" decoding=\"async\" width=\"618\" height=\"164\" src=\"https:\/\/departamentos.uel.br\/clinicas-veterinarias\/wp-content\/uploads\/2024\/10\/tela.png\" alt=\"\" class=\"wp-image-96\" srcset=\"https:\/\/departamentos.uel.br\/clinicas-veterinarias\/wp-content\/uploads\/2024\/10\/tela.png 618w, https:\/\/departamentos.uel.br\/clinicas-veterinarias\/wp-content\/uploads\/2024\/10\/tela-300x80.png 300w\" sizes=\"auto, (max-width: 618px) 100vw, 618px\" \/><\/figure>\n<\/div><\/div><\/details>\n<\/div>\n","protected":false},"excerpt":{"rendered":"<p>2024<\/p>\n","protected":false},"author":6,"featured_media":0,"parent":0,"menu_order":0,"comment_status":"closed","ping_status":"closed","template":"","meta":{"_acf_changed":false,"_themeisle_gutenberg_block_has_review":false,"footnotes":""},"class_list":["post-35","page","type-page","status-publish","hentry"],"acf":[],"_links":{"self":[{"href":"https:\/\/departamentos.uel.br\/clinicas-veterinarias\/wp-json\/wp\/v2\/pages\/35","targetHints":{"allow":["GET"]}}],"collection":[{"href":"https:\/\/departamentos.uel.br\/clinicas-veterinarias\/wp-json\/wp\/v2\/pages"}],"about":[{"href":"https:\/\/departamentos.uel.br\/clinicas-veterinarias\/wp-json\/wp\/v2\/types\/page"}],"author":[{"embeddable":true,"href":"https:\/\/departamentos.uel.br\/clinicas-veterinarias\/wp-json\/wp\/v2\/users\/6"}],"replies":[{"embeddable":true,"href":"https:\/\/departamentos.uel.br\/clinicas-veterinarias\/wp-json\/wp\/v2\/comments?post=35"}],"version-history":[{"count":3,"href":"https:\/\/departamentos.uel.br\/clinicas-veterinarias\/wp-json\/wp\/v2\/pages\/35\/revisions"}],"predecessor-version":[{"id":97,"href":"https:\/\/departamentos.uel.br\/clinicas-veterinarias\/wp-json\/wp\/v2\/pages\/35\/revisions\/97"}],"wp:attachment":[{"href":"https:\/\/departamentos.uel.br\/clinicas-veterinarias\/wp-json\/wp\/v2\/media?parent=35"}],"curies":[{"name":"wp","href":"https:\/\/api.w.org\/{rel}","templated":true}]}}