{"id":152,"date":"2025-04-14T15:45:24","date_gmt":"2025-04-14T18:45:24","guid":{"rendered":"https:\/\/departamentos.uel.br\/clinicas-veterinarias\/?page_id=152"},"modified":"2025-10-17T09:20:08","modified_gmt":"2025-10-17T12:20:08","slug":"selecao","status":"publish","type":"page","link":"https:\/\/departamentos.uel.br\/clinicas-veterinarias\/selecao\/","title":{"rendered":"Sele\u00e7\u00e3o 2025\/2026"},"content":{"rendered":"\n<p><strong>Divulga\u00e7\u00e3o dos Editais do Processo Seletivo das Resid\u00eancias em Medicina Veterin\u00e1ria do Departamento de Cl\u00ednicas Veterin\u00e1rias&nbsp;<\/strong><\/p>\n\n\n\n<p><strong>PROCESSO SELETIVO &#8211; TURMA 2026<\/strong><\/p>\n\n\n\n<p><strong>Informa\u00e7\u00f5es sobre o Processo Seletivo: <\/strong><a href=\"https:\/\/sites.uel.br\/proppg\/residencias\/\">https:\/\/sites.uel.br\/proppg\/residencias\/<\/a><\/p>\n\n\n\n<p>Edital do Processo Seletivo Turma 2026<\/p>\n\n\n\n<div class=\"wp-block-file\"><a id=\"wp-block-file--media-6a59cc94-4464-4376-bc3f-025c4ea9c99f\" href=\"https:\/\/departamentos.uel.br\/clinicas-veterinarias\/wp-content\/uploads\/2025\/10\/EDITALCOREMU-RV003-Residencia-em-Medicina-Veterinaria-2026_2028-.pdf\">EDITALCOREMU RV003-Reside\u0302ncia em Medicina Veterina\u0301ria 2026_2028<\/a><a href=\"https:\/\/departamentos.uel.br\/clinicas-veterinarias\/wp-content\/uploads\/2025\/10\/EDITALCOREMU-RV003-Residencia-em-Medicina-Veterinaria-2026_2028-.pdf\" class=\"wp-block-file__button wp-element-button\" download aria-describedby=\"wp-block-file--media-6a59cc94-4464-4376-bc3f-025c4ea9c99f\">Baixar<\/a><\/div>\n\n\n\n<p><strong>PONTOS e BIBLIOGRAFIA PARA AS PROVAS &nbsp;(clique na \u00e1rea desejada):<\/strong><\/p>\n\n\n\n<p><strong>\u00c1REAS DE ANIMAIS DE COMPANHA:<\/strong> <strong>Anestesiologia, Cl\u00ednica M\u00e9dica, Cl\u00ednica Cir\u00fargica, Diagn\u00f3stico por Imagem e Teriogenologia&nbsp;&nbsp;<\/strong><\/p>\n\n\n\n<div class=\"wp-block-file\"><a id=\"wp-block-file--media-590925b7-edb0-4995-bf93-c9742b082386\" href=\"https:\/\/departamentos.uel.br\/clinicas-veterinarias\/wp-content\/uploads\/2025\/04\/Programa_Animais_de_Companhia.pdf\">Programa_Animais_de_Companhia<\/a><a href=\"https:\/\/departamentos.uel.br\/clinicas-veterinarias\/wp-content\/uploads\/2025\/04\/Programa_Animais_de_Companhia.pdf\" class=\"wp-block-file__button wp-element-button\" download aria-describedby=\"wp-block-file--media-590925b7-edb0-4995-bf93-c9742b082386\">Baixar<\/a><\/div>\n\n\n\n<p><strong>CL\u00cdNICA M\u00c9DICA E CIR\u00daRGICA DE GRANDES ANIMAIS<\/strong><\/p>\n\n\n\n<div class=\"wp-block-file\"><a id=\"wp-block-file--media-fe74d19a-a28c-4ad6-a99e-49973163a25a\" href=\"https:\/\/departamentos.uel.br\/clinicas-veterinarias\/wp-content\/uploads\/2025\/04\/Programa_Med_Cir_Grandes_Animais.pdf\">Programa_Med_Cir_Grandes_Animais<\/a><a href=\"https:\/\/departamentos.uel.br\/clinicas-veterinarias\/wp-content\/uploads\/2025\/04\/Programa_Med_Cir_Grandes_Animais.pdf\" class=\"wp-block-file__button wp-element-button\" download aria-describedby=\"wp-block-file--media-fe74d19a-a28c-4ad6-a99e-49973163a25a\">Baixar<\/a><\/div>\n\n\n\n<p><strong>REPRODU\u00c7\u00c3O DE GRANDES ANIMAIS<\/strong><\/p>\n\n\n\n<div class=\"wp-block-file\"><a id=\"wp-block-file--media-bbd76df9-1ba9-4da4-acbb-2a2ae8c544c1\" href=\"https:\/\/departamentos.uel.br\/clinicas-veterinarias\/wp-content\/uploads\/2025\/04\/Programa_Reproducao_Grandes_Animais_.pdf\">Programa_Reproducao_Grandes_Animais_<\/a><a href=\"https:\/\/departamentos.uel.br\/clinicas-veterinarias\/wp-content\/uploads\/2025\/04\/Programa_Reproducao_Grandes_Animais_.pdf\" class=\"wp-block-file__button wp-element-button\" download aria-describedby=\"wp-block-file--media-bbd76df9-1ba9-4da4-acbb-2a2ae8c544c1\">Baixar<\/a><\/div>\n\n\n\n<div class=\"wp-block-columns is-layout-flex wp-container-core-columns-is-layout-9d6595d7 wp-block-columns-is-layout-flex\">\n<div class=\"wp-block-column is-layout-flow wp-block-column-is-layout-flow\"><\/div>\n\n\n\n<div class=\"wp-block-column is-layout-flow wp-block-column-is-layout-flow\"><\/div>\n<\/div>\n\n\n\n<p><\/p>\n\n\n\n<p><\/p>\n\n\n\n<p><a href=\"https:\/\/www.uel.br\/cca\/dcv\/portal\/pages\/arquivos\/Residencia_2025\/RES._FINAL__ANESTESIO.pdf\"><strong>ANESTESIOLOGIA DE ANIMAIS DE COMPANHIA<\/strong><\/a><\/p>\n\n\n\n<p><a href=\"https:\/\/www.uel.br\/cca\/dcv\/portal\/pages\/arquivos\/Residencia_2025\/RES._FINAL_GRANDES_.pdf\"><strong>CL\u00cdNICA M\u00c9DICA E CIR\u00daRGICA DE GRANDES ANIMAIS<\/strong><\/a><\/p>\n\n\n\n<p><a href=\"https:\/\/www.uel.br\/cca\/dcv\/portal\/pages\/arquivos\/Residencia_2025\/RES._FINAL_CMAC_.pdf\"><strong>CL\u00cdNICA M\u00c9DICA DE ANIMAIS DE COMPANHIA<\/strong><\/a><\/p>\n\n\n\n<p><a href=\"https:\/\/www.uel.br\/cca\/dcv\/portal\/pages\/arquivos\/Residencia_2025\/RES._FINAL_CCAC.pdf\"><strong>CL\u00cdNICA CIR\u00daRGICA DE ANIMAIS DE COMPANHIA<\/strong><\/a><\/p>\n\n\n\n<p><a href=\"https:\/\/www.uel.br\/cca\/dcv\/portal\/pages\/arquivos\/Residencia_2025\/RES._FINAL_IMAGEM.pdf\"><strong>DIAGN\u00d3STICO POR IMAGEM EM ANIMAIS DE COMPANHIA<\/strong><\/a><\/p>\n\n\n\n<p><a href=\"https:\/\/www.uel.br\/cca\/dcv\/portal\/pages\/arquivos\/Residencia_2025\/RES._FINAL_REPROA.pdf\"><strong>REPRODU\u00c7\u00c3O DE GRANDES ANIMAIS<\/strong><\/a><\/p>\n\n\n\n<p><a href=\"https:\/\/www.uel.br\/cca\/dcv\/portal\/pages\/arquivos\/Residencia_2025\/RES._FINAL_TAC.pdf\"><strong>TERIOGENOLOGIA DE ANIMAIS DE COMPANHIA<\/strong><\/a><\/p>\n\n\n\n<p><strong><a href=\"https:\/\/www.uel.br\/cca\/dcv\/portal\/pages\/arquivos\/Residencia_2025\/RESULTADO_COTISTAS_MV.pdf\">RESULTADO DA BANCA DE HETEROIDENTIFICA\u00c7\u00c3O PARA RESERVA DE VAGAS<\/a><\/strong><\/p>\n\n\n\n<p><strong>RESULTADO DA PROVA TE\u00d3RICA e AGENDA DE ENTREVISTAS &#8211; CLIQUE NA \u00c1REA DESEJADA&nbsp;<\/strong><\/p>\n\n\n\n<p><a href=\"https:\/\/www.uel.br\/cca\/dcv\/portal\/pages\/arquivos\/Residencia_2025\/RES._PROVA_CCAC_ratificado.pdf\"><strong>CL\u00cdNICA CIR\u00daRGICA DE ANIMAIS DE COMPANHIA<\/strong><\/a>&nbsp;&#8211;&nbsp;<strong>RATIFICADO<\/strong><\/p>\n\n\n\n<p><a href=\"https:\/\/www.uel.br\/cca\/dcv\/portal\/pages\/arquivos\/Residencia_2025\/RES._PROVA_ANESTESIO.pdf\"><strong>ANESTESIOLOGIA DE ANIMAIS DE COMPANHIA<\/strong><\/a><\/p>\n\n\n\n<p><a href=\"https:\/\/www.uel.br\/cca\/dcv\/portal\/pages\/arquivos\/Residencia_2025\/RES._PROVA_CCAC.pdf\"><strong>CL\u00cdNICA CIR\u00daRGICA DE ANIMAIS DE COMPANHIA<\/strong><\/a><\/p>\n\n\n\n<p><a href=\"https:\/\/www.uel.br\/cca\/dcv\/portal\/pages\/arquivos\/Residencia_2025\/RES._PROVA_CMAC_2.pdf\"><strong>CL\u00cdNICA M\u00c9DICA DE ANIMAIS DE COMPANHIA<\/strong><\/a><\/p>\n\n\n\n<p><a href=\"https:\/\/www.uel.br\/cca\/dcv\/portal\/pages\/arquivos\/Residencia_2025\/RES._PROVA_GRANDES_2.pdf\"><strong>CL\u00cdNICA M\u00c9DICA E CIR\u00daRGICA DE GRANDES ANIMAIS<\/strong><\/a><\/p>\n\n\n\n<p><a href=\"https:\/\/www.uel.br\/cca\/dcv\/portal\/pages\/arquivos\/Residencia_2025\/RES._PROVA_IMAGEM.pdf\"><strong>DIAGN\u00d3STICO POR IMAGEM EM ANIMAIS DE COMPANHIA<\/strong><\/a><\/p>\n\n\n\n<p><a href=\"https:\/\/www.uel.br\/cca\/dcv\/portal\/pages\/arquivos\/Residencia_2025\/RES._PROVA_REPROA_GRANDES_2.pdf\"><strong>REPRODU\u00c7\u00c3O DE GRANDES ANIMAIS<\/strong><\/a><\/p>\n\n\n\n<p><a href=\"https:\/\/www.uel.br\/cca\/dcv\/portal\/pages\/arquivos\/Residencia_2025\/RES._PROVA_TAC.pdf\"><strong>TERIOGENOLOGIA DE ANIMAIS DE COMPANHIA<\/strong><\/a><\/p>\n\n\n\n<p><a href=\"https:\/\/www.uel.br\/cca\/dcv\/portal\/pages\/arquivos\/Residencia_2025\/PROVA_-_ENSALAMENTO_2025.pdf\"><strong>LOCAIS DA PROVA&nbsp; TE\u00d3RICA<\/strong><\/a>&nbsp;&#8211;&nbsp;<strong>A<\/strong>&nbsp;<strong>Prova Te\u00f3rica ser\u00e1 no Campus da UEL dia 27\/01\/2025&nbsp;(SEGUNDA-FEIRA) &#8211; comparecer \u00e0s 08h10<\/strong><\/p>\n\n\n\n<p><a href=\"https:\/\/www.uel.br\/cca\/dcv\/portal\/pages\/arquivos\/Residencia_2025\/HOMOLOGAA87A83O_INSCRICAO_2025_RATIFICADO.pdf\"><strong>INSCRI\u00c7\u00d5ES HOMOLOGADAS<\/strong><strong>&nbsp;&nbsp;<\/strong>&#8211;&nbsp;<strong>RATIFICADO<\/strong><\/a><\/p>\n\n\n\n<p><a href=\"https:\/\/www.uel.br\/cca\/dcv\/portal\/pages\/arquivos\/Residencia_2025\/HOMOLOGAA87A83O_INSCRICAO_2025_.pdf\"><strong>INSCRI\u00c7\u00d5ES HOMOLOGADAS&nbsp;&nbsp;<\/strong><\/a><\/p>\n\n\n\n<p><strong>Link para inscri\u00e7\u00e3o:&nbsp;<a href=\"https:\/\/sistemas.uel.br\/portaldepos\/inscricao\/listarCursos?nvCurso=4&amp;sqNivel=2\">clique aqui<\/a><\/strong><\/p>\n\n\n\n<p><a href=\"https:\/\/www.sistemasweb.uel.br\/index.php?contents=system\/insc\/index.php&amp;pagina=view\/inscricoes\/seleciona_evento.php&amp;cod_evento=10004\"><strong>REQUERIMENTO DE ISEN\u00c7\u00c3O<\/strong><strong>&nbsp;&#8211; CadUnico&nbsp;<\/strong><\/a><\/p>\n\n\n\n<p><a href=\"https:\/\/www.sistemasweb.uel.br\/index.php?contents=system\/insc\/index.php&amp;pagina=view\/inscricoes\/seleciona_evento.php&amp;cod_evento=10004\"><\/a><a href=\"https:\/\/www.uel.br\/cca\/dcv\/portal\/pages\/arquivos\/Residencia_2025\/ISENTOS_EleiAsectApoundo_e_Doadores.pdf\"><strong>RESULTADO DE ISEN\u00c7\u00c3O DA TAXA DE INSCRI\u00c7\u00c3O: PRESTADOR DE SERVI\u00c7O ELEITORAL, DOADORES DE SANGUE E MEDULA<\/strong><\/a>&nbsp;<\/p>\n\n\n\n<p><a href=\"https:\/\/www.uel.br\/cca\/dcv\/portal\/pages\/arquivos\/Residencia_2025\/Isentos_CadA9anico.pdf\"><strong>RESULTADO DE ISEN\u00c7AO DA TAXA DE INSCRI\u00c7\u00c3O&nbsp;&nbsp;<\/strong><strong>&nbsp;&#8211; CadUnico&nbsp;<\/strong><\/a><\/p>\n\n\n\n<p><a href=\"https:\/\/www.sistemasweb.uel.br\/index.php?contents=system\/insc\/index.php&amp;pagina=view\/inscricoes\/seleciona_evento.php&amp;cod_evento=10004\"><strong>Recurso contra indeferimento de Isen\u00e7\u00e3o de Taxa de Inscri\u00e7\u00e3o &nbsp;&#8211; Vagas 2025\/1&nbsp;<\/strong><\/a><\/p>\n\n\n\n<p><a href=\"https:\/\/www.uel.br\/cca\/dcv\/portal\/pages\/arquivos\/Residencia_2025\/Resultado_do_Recurso_IsenAsectApoundo.pdf\"><strong>Resultado do Recurso contra indeferimento de Isen\u00e7\u00e3o de Taxa de Inscri\u00e7\u00e3o&nbsp;<\/strong><\/a><\/p>\n\n\n\n<p><strong>A<\/strong>&nbsp;<strong>Prova Te\u00f3rica ser\u00e1 no Campus da UEL dia 27\/01\/2025&nbsp;(SEGUNDA-FEIRA) &#8211; comparecer \u00e0s 08h10<\/strong><\/p>\n\n\n\n<p><strong>O ensalamento ser\u00e1 divulgado posteriormente<\/strong><\/p>\n\n\n\n<p><a href=\"https:\/\/www.uel.br\/cca\/dcv\/portal\/pages\/arquivos\/Residencia_2025\/RV_001-2024_Anexo_I.docx\"><strong>ANEXO I &#8211;&nbsp;REQUERIMENTO DE ISEN\u00c7\u00c3O DA TAXA DE INSCRI\u00c7\u00c3O<\/strong><\/a>&nbsp;&nbsp; &#8211;&nbsp;<strong>Doador de Sangue e Medula, Justi\u00e7a<\/strong><strong>&nbsp;Eleitoral<\/strong><\/p>\n\n\n\n<p><a href=\"https:\/\/www.uel.br\/cca\/dcv\/portal\/pages\/arquivos\/Residencia_2025\/RV_001-2024_Anexo_II.docx\"><strong>ANEXO II &#8211; ROTEIRO PONTUA\u00c7\u00c3O DO CV&nbsp;<\/strong><\/a><\/p>\n\n\n\n<p><a href=\"https:\/\/www.uel.br\/cca\/dcv\/portal\/pages\/arquivos\/Residencia_2025\/RV_001-2024_Anexo_III.pdf\"><strong>ANEXO III &#8211; INSTRU\u00c7\u00d5ES PROVA PR\u00c1TICA&nbsp;<\/strong><\/a><\/p>\n\n\n\n<p><a href=\"https:\/\/www.uel.br\/cca\/dcv\/portal\/pages\/arquivos\/Residencia_2025\/RV_001-2024_Anexo_IV.pdf\"><strong>ANEXO IV&nbsp;&#8211; FORMULARIO DE ENTREVISTA&nbsp;<\/strong><\/a><\/p>\n\n\n\n<p><\/p>\n","protected":false},"excerpt":{"rendered":"<p>Divulga\u00e7\u00e3o dos Editais do Processo Seletivo das Resid\u00eancias em Medicina Veterin\u00e1ria do Departamento de Cl\u00ednicas Veterin\u00e1rias&nbsp; PROCESSO SELETIVO &#8211; TURMA 2026 Informa\u00e7\u00f5es sobre o Processo Seletivo: https:\/\/sites.uel.br\/proppg\/residencias\/ Edital do Processo Seletivo Turma 2026 PONTOS e BIBLIOGRAFIA PARA AS PROVAS &nbsp;(clique na \u00e1rea desejada): \u00c1REAS DE ANIMAIS DE COMPANHA: Anestesiologia, Cl\u00ednica M\u00e9dica, Cl\u00ednica Cir\u00fargica, Diagn\u00f3stico por [&hellip;]<\/p>\n","protected":false},"author":6,"featured_media":0,"parent":0,"menu_order":0,"comment_status":"closed","ping_status":"closed","template":"","meta":{"_acf_changed":false,"_themeisle_gutenberg_block_has_review":false,"footnotes":""},"class_list":["post-152","page","type-page","status-publish","hentry"],"acf":[],"_links":{"self":[{"href":"https:\/\/departamentos.uel.br\/clinicas-veterinarias\/wp-json\/wp\/v2\/pages\/152","targetHints":{"allow":["GET"]}}],"collection":[{"href":"https:\/\/departamentos.uel.br\/clinicas-veterinarias\/wp-json\/wp\/v2\/pages"}],"about":[{"href":"https:\/\/departamentos.uel.br\/clinicas-veterinarias\/wp-json\/wp\/v2\/types\/page"}],"author":[{"embeddable":true,"href":"https:\/\/departamentos.uel.br\/clinicas-veterinarias\/wp-json\/wp\/v2\/users\/6"}],"replies":[{"embeddable":true,"href":"https:\/\/departamentos.uel.br\/clinicas-veterinarias\/wp-json\/wp\/v2\/comments?post=152"}],"version-history":[{"count":14,"href":"https:\/\/departamentos.uel.br\/clinicas-veterinarias\/wp-json\/wp\/v2\/pages\/152\/revisions"}],"predecessor-version":[{"id":216,"href":"https:\/\/departamentos.uel.br\/clinicas-veterinarias\/wp-json\/wp\/v2\/pages\/152\/revisions\/216"}],"wp:attachment":[{"href":"https:\/\/departamentos.uel.br\/clinicas-veterinarias\/wp-json\/wp\/v2\/media?parent=152"}],"curies":[{"name":"wp","href":"https:\/\/api.w.org\/{rel}","templated":true}]}}