{"id":141,"date":"2025-04-14T15:32:28","date_gmt":"2025-04-14T18:32:28","guid":{"rendered":"https:\/\/departamentos.uel.br\/clinicas-veterinarias\/?page_id=141"},"modified":"2025-06-02T11:21:33","modified_gmt":"2025-06-02T14:21:33","slug":"cursos","status":"publish","type":"page","link":"https:\/\/departamentos.uel.br\/clinicas-veterinarias\/cursos\/","title":{"rendered":"Cursos"},"content":{"rendered":"\n<p>Temos Curso de Resid\u00eancia em Medicina Veterin\u00e1ria nas seguintes \u00e1reas:<\/p>\n\n\n\n<p>          <strong>\u00c1reas em<\/strong> <strong>Animais de Companhia<\/strong>:<\/p>\n\n\n\n<p><strong><mark class=\"has-inline-color has-verde-color\">Anestesiologia<\/mark> &#8211;&nbsp;<\/strong>3 vagas &#8211; Resolu\u00e7\u00e3o do curso:&nbsp;<a href=\"https:\/\/www.uel.br\/cca\/dcv\/portal\/pages\/arquivos\/Res_Anestesio_145-11.pdf\">CLIQUE AQUI<\/a><\/p>\n\n\n\n<p><strong>Prof. Dr. Guilherme Schiess Cardoso<\/strong> &#8211;&nbsp;Coordenador do Curso<\/p>\n\n\n\n<p><strong>Prof.\u00aa Dr.\u00aa L\u00eddia Mitsuko Matsubara<\/strong> &#8211; Vice-coordenadora do Curso<\/p>\n\n\n\n<p><strong><mark class=\"has-inline-color has-verde-escuro-color\">Cl\u00ednica Cir\u00fargica<\/mark> &#8211;<\/strong>&nbsp;5 vagas &#8211; Resolu\u00e7\u00e3o do curso:&nbsp;<a href=\"https:\/\/www.uel.br\/cca\/dcv\/portal\/pages\/arquivos\/Res._Cirurgica_143-11.pdf\">CLIQUE AQUI<\/a><\/p>\n\n\n\n<p><strong>Prof\u00aa. Dr\u00aa. Mirian Batista Siliane de Souza<\/strong> &#8211; Coordenadora do Curso<\/p>\n\n\n\n<p><strong>Prof. Dr.\u00a0Fernando De Biasi<\/strong> &#8211;\u00a0Vice-coordenador do Curso<\/p>\n\n\n\n<p><strong><mark class=\"has-inline-color has-verde-escuro-color\">Cl\u00ednica M\u00e9dica<\/mark> &#8211;&nbsp;<\/strong>5 vagas &#8211; Resolu\u00e7\u00e3o do curso:&nbsp;<a href=\"https:\/\/www.uel.br\/cca\/dcv\/portal\/pages\/arquivos\/ResoluAsectApoundo_MAcdica_142-11.pdf\">CLIQUE AQUI<\/a><\/p>\n\n\n\n<p><strong>Prof\u00aa. Dr\u00aa.&nbsp;Patr\u00edcia Mendes Pereira<\/strong> -Coordenadora do Curso<\/p>\n\n\n\n<p><strong>Prof. Dr. Marcelo de Souza Zanutto<\/strong> &#8211; Vice-coordenador do Curso<\/p>\n\n\n\n<p><strong><mark class=\"has-inline-color has-verde-escuro-color\">Diagn\u00f3stico Por Imagem<\/mark> &#8211;&nbsp;<\/strong>1 vaga &#8211; Resolu\u00e7\u00e3o do curso:&nbsp;<a href=\"https:\/\/www.uel.br\/cca\/dcv\/portal\/pages\/arquivos\/Res._Imagem146.pdf\">CLIQUE AQUI<\/a><\/p>\n\n\n\n<p><strong>Prof. Ms.\u00a0Iago Smaili dos Santos<\/strong> &#8211;\u00a0Coordenador do Curso<\/p>\n\n\n\n<p><strong>Prof. Dr.&nbsp;Lucas Al\u00e9cio Gomes<\/strong> &#8211; Vice-coordenador do Curso<\/p>\n\n\n\n<p><strong><mark class=\"has-inline-color has-verde-escuro-color\">Teriogenologia<\/mark> &#8211;&nbsp;<\/strong>3 vagas &#8211; Resolu\u00e7\u00e3o do curso:&nbsp;<a href=\"https:\/\/www.uel.br\/cca\/dcv\/portal\/pages\/arquivos\/Res_TAC_144-11.pdf\">CLIQUE AQUI<\/a><\/p>\n\n\n\n<p><strong>Prof.\u00aa Dr.\u00aa<\/strong>&nbsp;<strong>Maria Isabel Mello Martins&nbsp;<\/strong>&#8211; Coordenadora do curso <\/p>\n\n\n\n<p><strong>Prof. Dr. Luiz Guilherme Corsi Trautwein<\/strong> &#8211; Vice-coordenador do curso<\/p>\n\n\n\n<p>          <strong>\u00c1reas em&nbsp;Grandes Animais<\/strong>:<\/p>\n\n\n\n<p><strong><mark class=\"has-inline-color has-verde-escuro-color\">Cl\u00ednica M\u00e9dica e Cir\u00fargica<\/mark>  <\/strong>&#8211; 2 vagas &#8211; Resolu\u00e7\u00e3o do curso:&nbsp;<a href=\"http:\/\/www.uel.br\/cca\/dcv\/portal\/pages\/arquivos\/Delibera%C3%A7%C3%A3o%2011%202017%20-%20Reest%20Nome%20e%20org%20curricular.pdf\">CLIQUE AQUI<\/a><\/p>\n\n\n\n<p><strong>Prof\u00aa. Dr\u00aa. Priscilla Fajardo Valente Pereira<\/strong> &#8211;&nbsp;Coordenadora do Curso<\/p>\n\n\n\n<p><strong>Prof. Dr. J\u00falio Augusto Naylor Lisb\u00f4a&nbsp;<\/strong>&#8211; Vice-coordenador do Curso<\/p>\n\n\n\n<p><strong><mark class=\"has-inline-color has-verde-escuro-color\">Reprodu\u00e7\u00e3o<\/mark> <\/strong> &#8211; 1 vaga &#8211; Resolu\u00e7\u00e3o do curso:&nbsp;<a href=\"http:\/\/www.uel.br\/cca\/dcv\/portal\/pages\/arquivos\/Resolu%C3%A7%C3%A3o%20CEPE%2081%202017%20-%20Cria%20Resid%20Med%20Vet%20Reprod%20Gdes%20Animais.pdf\">CLIQUE AQUI<\/a><\/p>\n\n\n\n<p><strong>Prof. Dr. Marcelo Marcondes Seneda<\/strong> -Coordenador do Curso<\/p>\n\n\n\n<p><strong>Prof. Dr.&nbsp;F\u00e1bio Morotti<\/strong> &#8211; Vice-Coordenador do Curso<\/p>\n\n\n\n<p><\/p>\n","protected":false},"excerpt":{"rendered":"<p>Temos Curso de Resid\u00eancia em Medicina Veterin\u00e1ria nas seguintes \u00e1reas: \u00c1reas em Animais de Companhia: Anestesiologia &#8211;&nbsp;3 vagas &#8211; Resolu\u00e7\u00e3o do curso:&nbsp;CLIQUE AQUI Prof. Dr. Guilherme Schiess Cardoso &#8211;&nbsp;Coordenador do Curso Prof.\u00aa Dr.\u00aa L\u00eddia Mitsuko Matsubara &#8211; Vice-coordenadora do Curso Cl\u00ednica Cir\u00fargica &#8211;&nbsp;5 vagas &#8211; Resolu\u00e7\u00e3o do curso:&nbsp;CLIQUE AQUI Prof\u00aa. Dr\u00aa. Mirian Batista Siliane de [&hellip;]<\/p>\n","protected":false},"author":6,"featured_media":0,"parent":0,"menu_order":0,"comment_status":"closed","ping_status":"closed","template":"","meta":{"_acf_changed":false,"_themeisle_gutenberg_block_has_review":false,"footnotes":""},"class_list":["post-141","page","type-page","status-publish","hentry"],"acf":[],"_links":{"self":[{"href":"https:\/\/departamentos.uel.br\/clinicas-veterinarias\/wp-json\/wp\/v2\/pages\/141","targetHints":{"allow":["GET"]}}],"collection":[{"href":"https:\/\/departamentos.uel.br\/clinicas-veterinarias\/wp-json\/wp\/v2\/pages"}],"about":[{"href":"https:\/\/departamentos.uel.br\/clinicas-veterinarias\/wp-json\/wp\/v2\/types\/page"}],"author":[{"embeddable":true,"href":"https:\/\/departamentos.uel.br\/clinicas-veterinarias\/wp-json\/wp\/v2\/users\/6"}],"replies":[{"embeddable":true,"href":"https:\/\/departamentos.uel.br\/clinicas-veterinarias\/wp-json\/wp\/v2\/comments?post=141"}],"version-history":[{"count":16,"href":"https:\/\/departamentos.uel.br\/clinicas-veterinarias\/wp-json\/wp\/v2\/pages\/141\/revisions"}],"predecessor-version":[{"id":203,"href":"https:\/\/departamentos.uel.br\/clinicas-veterinarias\/wp-json\/wp\/v2\/pages\/141\/revisions\/203"}],"wp:attachment":[{"href":"https:\/\/departamentos.uel.br\/clinicas-veterinarias\/wp-json\/wp\/v2\/media?parent=141"}],"curies":[{"name":"wp","href":"https:\/\/api.w.org\/{rel}","templated":true}]}}