{"id":117,"date":"2024-11-13T15:37:38","date_gmt":"2024-11-13T18:37:38","guid":{"rendered":"https:\/\/departamentos.uel.br\/clinicas-veterinarias\/?page_id=117"},"modified":"2026-03-16T13:20:51","modified_gmt":"2026-03-16T16:20:51","slug":"estagio-para-estudantes-de-outras-ies","status":"publish","type":"page","link":"https:\/\/departamentos.uel.br\/clinicas-veterinarias\/estagio-para-estudantes-de-outras-ies\/","title":{"rendered":"Est\u00e1gio para estudantes de outras IES"},"content":{"rendered":"\n<p><\/p>\n\n\n\n<p><strong>Instru\u00e7\u00f5es para Est\u00e1gio Curricular OBRIGAT\u00d3RIO para estudantes de outras Institui\u00e7\u00f5es de Ensino Superior<\/strong><\/p>\n\n\n\n<p>Para solicita\u00e7\u00e3o de est\u00e1gio \u00e9 necess\u00e1rio que o Coordenador de Est\u00e1gio ou Curso&nbsp;da sua institui\u00e7\u00e3o encaminhe&nbsp;em papel timbrado,&nbsp;pedido contendo \u00e1rea e per\u00edodo (m\u00ednimo de 30 dias) para o&nbsp;est\u00e1gio, iniciando e terminando em dia \u00fatil, preferencialmente iniciando na segunda-feira e encerrando na sexta-feira.<\/p>\n\n\n\n<p>O pedido deve ser feito ao Prof. Dr. Marcelo Marcondes Seneda &#8211; Chefe do Departamento de Cl\u00ednicas Veterin\u00e1rias.&nbsp;<\/p>\n\n\n\n<p>Para visualizar um modelo de solicita\u00e7\u00e3o de pedido,\u00a0<a href=\"https:\/\/departamentos.uel.br\/clinicas-veterinarias\/wp-content\/uploads\/2026\/03\/Solicitacao-Estagio.doc\" data-type=\"attachment\" data-id=\"233\">clique aqui<\/a><\/p>\n\n\n\n<p>N\u00e3o \u00e9 necess\u00e1rio encaminhar pelo correio, basta a Coordena\u00e7\u00e3o de Est\u00e1gio\/Curso anexar o &nbsp;documento e encaminhar no e-mail:&nbsp;<a href=\"mailto:dcv@uel.br\">dcv@uel.br<\/a><\/p>\n\n\n\n<p>Assim que tiver uma resposta encaminharemos ao Coordenador, atrav\u00e9s de e-mail tamb\u00e9m.<\/p>\n\n\n\n<p>O est\u00e1gio deve ser para o atual ou o pr\u00f3ximo semestre, podendo ser feita&nbsp;a qualquer momento por\u00e9m \u00e9 condicionado a ordem de chegadas de pedidos.<\/p>\n\n\n\n<p>Temos est\u00e1gio nas seguintes \u00e1reas de Animais de Companhia. Cl\u00ednica\u00a0M\u00e9dica, Cl\u00ednica Cir\u00fargica,\u00a0Anestesiologia, Diagn\u00f3stico por Imagem e\u00a0Teriogenologia.<\/p>\n\n\n\n<p>Na \u00e1rea de Grandes Animais temos apenas uma: Cl\u00ednica M\u00e9dica e Cir\u00fargica de Grandes Animais.<\/p>\n\n\n\n<p>\u00c9&nbsp;necess\u00e1rio existir convenio entre as institui\u00e7\u00f5es. Para verificar esta quest\u00e3o verifique na&nbsp;sua IES ou entre&nbsp; no site da&nbsp;<strong><a href=\"https:\/\/www.uel.br\/prograd\/?content=divisao-central-estagios-intercambios\/convenios_estagios_graduacao.html\">PROGRAD-UEL<\/a><\/strong>.&nbsp;Se precisar de maiores informa\u00e7\u00f5es sobre conv\u00eanio entre em contato no&nbsp;tel:43-3371-4900 ou e-mail: estagios@uel.br&nbsp;&nbsp; &nbsp; &nbsp; &nbsp;<\/p>\n\n\n\n<p><strong>Aprovada a solicita\u00e7\u00e3o de est\u00e1gio, caso o aluno n\u00e3o protocole\u00a0 os documentos solicitados e os formul\u00e1rios (Requerimento\/Plano de Est\u00e1gio, Carta de Encaminhamento e Termo de Compromisso) \u00a0preenchidos e assinados no site do E-protocolo-PR , pr\u00f3ximo da data de in\u00edcio, \u00a0n\u00e3o ser\u00e1 poss\u00edvel a realiza\u00e7\u00e3o do est\u00e1gio.<\/strong><\/p>\n\n\n\n<p>S\u00f3 aceitamos e assinamos documentos da UEL, exceto documentos de avalia\u00e7\u00e3o.<\/p>\n\n\n\n<p><strong>O n\u00e3o comparecimento do aluno na UEL na data marcada para o in\u00edcio do est\u00e1gio implica &nbsp;em cancelamento autom\u00e1tico do est\u00e1gio.<\/strong><\/p>\n\n\n\n<p><strong>INDUMENT\u00c1RIA para realiza\u00e7\u00e3o do est\u00e1gio:<\/strong><\/p>\n\n\n\n<p><strong>a) \u00c1rea de Cl\u00ednica M\u00e9dica, e, Diagn\u00f3stico por Imagem de Animais de Companhia:<\/strong><br>roupa branca, jaleco, estetosc\u00f3pio, term\u00f4metro,&nbsp;calculadora, 1 cadeado pequeno,&nbsp;2&nbsp;caixas de luvas de procedimento.&nbsp;<br><strong>b) \u00c1rea de Anestesiologia, Cl\u00ednica Cir\u00fargica e Teriogenologia de Animais de Companhia:<\/strong><br>roupa branca, jaleco, pijama cir\u00fargico, gorro e m\u00e1scara, estetosc\u00f3pio, term\u00f4metro, calculadora,&nbsp;1 cadeado pequeno,&nbsp;1 caixa de luvas de procedimento, 1 caixa de m\u00e1scara e 1 caixa de gorro descart\u00e1veis.<\/p>\n\n\n\n<p><strong>c) \u00c1rea de Cl\u00ednica M\u00e9dica e Cir\u00fargica de Grandes Animais:<\/strong><br>jaleco (sobre cal\u00e7a comprida) ou macac\u00e3o, sapatos fechados ou botas, estetosc\u00f3pio, term\u00f4metro, pijama cir\u00fargico, 1 caixa de luva de procedimento e 1 caixa de m\u00e1scara descart\u00e1vel.<\/p>\n","protected":false},"excerpt":{"rendered":"<p>Instru\u00e7\u00f5es para Est\u00e1gio Curricular OBRIGAT\u00d3RIO para estudantes de outras Institui\u00e7\u00f5es de Ensino Superior Para solicita\u00e7\u00e3o de est\u00e1gio \u00e9 necess\u00e1rio que o Coordenador de Est\u00e1gio ou Curso&nbsp;da sua institui\u00e7\u00e3o encaminhe&nbsp;em papel timbrado,&nbsp;pedido contendo \u00e1rea e per\u00edodo (m\u00ednimo de 30 dias) para o&nbsp;est\u00e1gio, iniciando e terminando em dia \u00fatil, preferencialmente iniciando na segunda-feira e encerrando na sexta-feira. [&hellip;]<\/p>\n","protected":false},"author":7,"featured_media":121,"parent":0,"menu_order":0,"comment_status":"closed","ping_status":"closed","template":"","meta":{"_acf_changed":false,"_themeisle_gutenberg_block_has_review":false,"footnotes":""},"class_list":["post-117","page","type-page","status-publish","has-post-thumbnail","hentry"],"acf":[],"_links":{"self":[{"href":"https:\/\/departamentos.uel.br\/clinicas-veterinarias\/wp-json\/wp\/v2\/pages\/117","targetHints":{"allow":["GET"]}}],"collection":[{"href":"https:\/\/departamentos.uel.br\/clinicas-veterinarias\/wp-json\/wp\/v2\/pages"}],"about":[{"href":"https:\/\/departamentos.uel.br\/clinicas-veterinarias\/wp-json\/wp\/v2\/types\/page"}],"author":[{"embeddable":true,"href":"https:\/\/departamentos.uel.br\/clinicas-veterinarias\/wp-json\/wp\/v2\/users\/7"}],"replies":[{"embeddable":true,"href":"https:\/\/departamentos.uel.br\/clinicas-veterinarias\/wp-json\/wp\/v2\/comments?post=117"}],"version-history":[{"count":11,"href":"https:\/\/departamentos.uel.br\/clinicas-veterinarias\/wp-json\/wp\/v2\/pages\/117\/revisions"}],"predecessor-version":[{"id":237,"href":"https:\/\/departamentos.uel.br\/clinicas-veterinarias\/wp-json\/wp\/v2\/pages\/117\/revisions\/237"}],"wp:featuredmedia":[{"embeddable":true,"href":"https:\/\/departamentos.uel.br\/clinicas-veterinarias\/wp-json\/wp\/v2\/media\/121"}],"wp:attachment":[{"href":"https:\/\/departamentos.uel.br\/clinicas-veterinarias\/wp-json\/wp\/v2\/media?parent=117"}],"curies":[{"name":"wp","href":"https:\/\/api.w.org\/{rel}","templated":true}]}}