{"id":34,"date":"2024-09-26T14:15:02","date_gmt":"2024-09-26T17:15:02","guid":{"rendered":"https:\/\/departamentos.uel.br\/clinica-medica\/?page_id=34"},"modified":"2024-10-07T16:06:55","modified_gmt":"2024-10-07T19:06:55","slug":"links-importantes","status":"publish","type":"page","link":"https:\/\/departamentos.uel.br\/clinica-medica\/links-importantes\/","title":{"rendered":"Links Importantes"},"content":{"rendered":"\n<p><a href=\"https:\/\/www.gov.br\/cnpq\/pt-br\">CNPq<\/a><\/p>\n\n\n\n<p><a href=\"https:\/\/www.gov.br\/capes\/pt-br\">CAPES<\/a><\/p>\n\n\n\n<p><a href=\"https:\/\/www.gov.br\/saude\/pt-br\">Minist\u00e9rio da Sa\u00fade<\/a><\/p>\n\n\n\n<p><a href=\"https:\/\/www.saude.pr.gov.br\/\">Secretaria da Sa\u00fade<\/a><\/p>\n\n\n\n<p><a href=\"https:\/\/www.gov.br\/conselho-nacional-de-saude\/pt-br\">Conselho Nacional de Sa\u00fade<\/a><\/p>\n\n\n\n<p><\/p>\n\n\n\n<p class=\"has-medium-font-size\"><strong>Manual de Identidade Visual da UEL<\/strong><\/p>\n\n\n\n<p>Ao representar a Universidade Estadual de Londrina, utilize a&nbsp;<a href=\"https:\/\/portal.uel.br\/conheca-a-uel\/pages\/marca-e-logotipo.php\" target=\"_blank\" rel=\"noreferrer noopener\">logomarca da UEL<\/a>, conforme manual abaixo:<\/p>\n\n\n\n<div data-wp-interactive=\"core\/file\" class=\"wp-block-file\"><object data-wp-bind--hidden=\"!state.hasPdfPreview\" hidden class=\"wp-block-file__embed\" data=\"https:\/\/departamentos.uel.br\/clinica-medica\/wp-content\/uploads\/2024\/10\/MANUAL_DE_IDENTIDADE_UEL_-_2019-1.pdf\" type=\"application\/pdf\" style=\"width:100%;height:600px\" aria-label=\"Incorporado de MANUAL_DE_IDENTIDADE_UEL_-_2019 (1).\"><\/object><a id=\"wp-block-file--media-c611ec17-4bb3-40f8-8202-df97d6bdff90\" href=\"https:\/\/departamentos.uel.br\/clinica-medica\/wp-content\/uploads\/2024\/10\/MANUAL_DE_IDENTIDADE_UEL_-_2019-1.pdf\">MANUAL_DE_IDENTIDADE_UEL_-_2019 (1)<\/a><a href=\"https:\/\/departamentos.uel.br\/clinica-medica\/wp-content\/uploads\/2024\/10\/MANUAL_DE_IDENTIDADE_UEL_-_2019-1.pdf\" class=\"wp-block-file__button wp-element-button\" download aria-describedby=\"wp-block-file--media-c611ec17-4bb3-40f8-8202-df97d6bdff90\">Baixar<\/a><\/div>\n","protected":false},"excerpt":{"rendered":"<p>CNPq CAPES Minist\u00e9rio da Sa\u00fade Secretaria da Sa\u00fade Conselho Nacional de Sa\u00fade Manual de Identidade Visual da UEL Ao representar a Universidade Estadual de Londrina, utilize a&nbsp;logomarca da UEL, conforme manual abaixo:<\/p>\n","protected":false},"author":6,"featured_media":0,"parent":0,"menu_order":0,"comment_status":"closed","ping_status":"closed","template":"","meta":{"_acf_changed":false,"_themeisle_gutenberg_block_has_review":false,"footnotes":""},"class_list":["post-34","page","type-page","status-publish","hentry"],"acf":[],"_links":{"self":[{"href":"https:\/\/departamentos.uel.br\/clinica-medica\/wp-json\/wp\/v2\/pages\/34","targetHints":{"allow":["GET"]}}],"collection":[{"href":"https:\/\/departamentos.uel.br\/clinica-medica\/wp-json\/wp\/v2\/pages"}],"about":[{"href":"https:\/\/departamentos.uel.br\/clinica-medica\/wp-json\/wp\/v2\/types\/page"}],"author":[{"embeddable":true,"href":"https:\/\/departamentos.uel.br\/clinica-medica\/wp-json\/wp\/v2\/users\/6"}],"replies":[{"embeddable":true,"href":"https:\/\/departamentos.uel.br\/clinica-medica\/wp-json\/wp\/v2\/comments?post=34"}],"version-history":[{"count":3,"href":"https:\/\/departamentos.uel.br\/clinica-medica\/wp-json\/wp\/v2\/pages\/34\/revisions"}],"predecessor-version":[{"id":78,"href":"https:\/\/departamentos.uel.br\/clinica-medica\/wp-json\/wp\/v2\/pages\/34\/revisions\/78"}],"wp:attachment":[{"href":"https:\/\/departamentos.uel.br\/clinica-medica\/wp-json\/wp\/v2\/media?parent=34"}],"curies":[{"name":"wp","href":"https:\/\/api.w.org\/{rel}","templated":true}]}}