{"id":50,"date":"2024-10-23T09:08:05","date_gmt":"2024-10-23T12:08:05","guid":{"rendered":"https:\/\/departamentos.uel.br\/clinica-cirurgica\/?page_id=50"},"modified":"2025-01-12T13:50:05","modified_gmt":"2025-01-12T16:50:05","slug":"links-importantes","status":"publish","type":"page","link":"https:\/\/departamentos.uel.br\/clinica-cirurgica\/links-importantes\/","title":{"rendered":"Hist\u00f3ria"},"content":{"rendered":"\n<h2 class=\"wp-block-heading\">Cria\u00e7\u00e3o da Faculdade de&nbsp;Medicina e o in\u00edcio&nbsp;do Curso de Medicina<\/h2>\n\n\n\n<p>No in\u00edcio da d\u00e9cada de 60 Londrina contava com 4 faculdades: A Faculdade Estadual de Odontologia, a Faculdade Estadual de Filosofia e Letras, a Faculdade Estadual de Direito e a Faculdade Estadual de Ci\u00eancias Econ\u00f4micas e Cont\u00e1beis.<\/p>\n\n\n\n<p>Nessa \u00e9poca lideran\u00e7as m\u00e9dicas da cidade, conduzidas pelo Dr. Asc\u00eancio Garcia Lopes (na \u00e9poca presidente da Associa\u00e7\u00e3o M\u00e9dica de Londrina), preocupadas, entre outros fatos, com a grande evas\u00e3o de jovens para os grandes centros em busca de cursos superiores,&nbsp;&nbsp;iniciaram o ousado projeto de montar uma Faculdade de Medicina.<\/p>\n\n\n\n<p>Faziam parte desse grupo de m\u00e9dicos pioneiros&nbsp;Jonas de Faria Castro Filho, Heber Soares Vargas, Rom\u00e3o Sessak, Raul Infante Lessa, Dalton Fonseca Paranagu\u00e1, Jo\u00e3o Henrique Steffen Junior, Afonso Nacle Haikal, Jo\u00e3o Dias Ayres, Vicente Jos\u00e9 Lorenzo Isquierdo, Carlos Costa Branco, dentre outros.<\/p>\n\n\n\n<p>Ap\u00f3s o empenho desse incans\u00e1vel grupo, em 21 de dezembro de 1965, o Governador Ney Braga sancionou a Lei 5.216, que criava a Funda\u00e7\u00e3o Estadual de Ensino Superior de Londrina (FESULON, que seria a mantenedora da Faculdade de Medicina) e junto, a Faculdade de Medicina do Norte do Paran\u00e1, cujo primeiro diretor seria o Dr. Asc\u00eancio Garcia Lopes.<\/p>\n\n\n\n<p>O Curso de Medicina iniciou-se oficialmente em 15\/02\/1967. Nos seus primeiros meses, a Faculdade de Medicina funcionou provisoriamente na AML, enquanto as aulas de laborat\u00f3rio eram ministradas nas primeiras instala\u00e7\u00f5es da Faculdade de Odontologia, nas depend\u00eancias da Catedral de Londrina. Em dezembro de 1968, a Faculdade de Medicina mudou-se para os pavilh\u00f5es do atual Centro de Ci\u00eancias Biol\u00f3gicas (CCB), no campus universit\u00e1rio.<\/p>\n\n\n\n<p>O ciclo cl\u00ednico iniciou-se na Santa Casa, em 1969, que foi utilizada ent\u00e3o como primeiro hospital escola, recebendo os&nbsp;professores e alunos durante os primeiros quatro anos das primeiras turmas. Em 1971, mudou-se provisoriamente para as antigas instala\u00e7\u00f5es do Hospital Evang\u00e9lico, na regi\u00e3o central de Londrina. Em 1975 o Hospital Universit\u00e1rio foi transferido para o antigo Sanat\u00f3rio de Tuberculose da Secretaria Estadual de Sa\u00fade, Noel Nutels, ganhando estrutura pr\u00f3pria, onde encontra-se hoje definitivamente implantado como org\u00e3o suplementar da UEL.<\/p>\n\n\n\n<p>O Dr. Asc\u00eancio teve o cuidado de&nbsp;reunir um corpo docente de primeira linha, buscando profissionais nas mais expressivas escolas m\u00e9dicas da \u00e9poca no Brasil. O Corpo Docente era contratado anualmente de acordo com a Disciplina a ser ministrada, a partir de 1967.<\/p>\n\n\n\n<figure class=\"wp-block-gallery has-nested-images columns-default is-cropped wp-block-gallery-1 is-layout-flex wp-block-gallery-is-layout-flex\">\n<figure class=\"wp-block-image size-large\"><img loading=\"lazy\" decoding=\"async\" width=\"200\" height=\"266\" data-id=\"220\" src=\"https:\/\/departamentos.uel.br\/clinica-cirurgica\/wp-content\/uploads\/2025\/01\/d1e4cf_24004f9d49be4d5f8624878dd5cb09d4mv2-2.webp\" alt=\"\" class=\"wp-image-220\" \/><figcaption class=\"wp-element-caption\">Dr. Asc\u00eancio Garcia Lopes<\/figcaption><\/figure>\n\n\n\n<figure class=\"wp-block-image size-large\"><img loading=\"lazy\" decoding=\"async\" width=\"1024\" height=\"768\" data-id=\"221\" src=\"https:\/\/departamentos.uel.br\/clinica-cirurgica\/wp-content\/uploads\/2025\/01\/d1e4cf_7c32ec93d82844babf966d5d18929a95mv2-2-1024x768.webp\" alt=\"\" class=\"wp-image-221\" srcset=\"https:\/\/departamentos.uel.br\/clinica-cirurgica\/wp-content\/uploads\/2025\/01\/d1e4cf_7c32ec93d82844babf966d5d18929a95mv2-2-1024x768.webp 1024w, https:\/\/departamentos.uel.br\/clinica-cirurgica\/wp-content\/uploads\/2025\/01\/d1e4cf_7c32ec93d82844babf966d5d18929a95mv2-2-300x225.webp 300w, https:\/\/departamentos.uel.br\/clinica-cirurgica\/wp-content\/uploads\/2025\/01\/d1e4cf_7c32ec93d82844babf966d5d18929a95mv2-2-768x576.webp 768w, https:\/\/departamentos.uel.br\/clinica-cirurgica\/wp-content\/uploads\/2025\/01\/d1e4cf_7c32ec93d82844babf966d5d18929a95mv2-2-1536x1152.webp 1536w, https:\/\/departamentos.uel.br\/clinica-cirurgica\/wp-content\/uploads\/2025\/01\/d1e4cf_7c32ec93d82844babf966d5d18929a95mv2-2.webp 1538w\" sizes=\"auto, (max-width: 1024px) 100vw, 1024px\" \/><figcaption class=\"wp-element-caption\">Faculdade de Odontologia<\/figcaption><\/figure>\n\n\n\n<figure class=\"wp-block-image size-large\"><img loading=\"lazy\" decoding=\"async\" width=\"800\" height=\"533\" data-id=\"212\" src=\"https:\/\/departamentos.uel.br\/clinica-cirurgica\/wp-content\/uploads\/2025\/01\/d1e4cf_d893d7a0fb054c50912151bcbd34a9f0mv2.webp\" alt=\"\" class=\"wp-image-212\" srcset=\"https:\/\/departamentos.uel.br\/clinica-cirurgica\/wp-content\/uploads\/2025\/01\/d1e4cf_d893d7a0fb054c50912151bcbd34a9f0mv2.webp 800w, https:\/\/departamentos.uel.br\/clinica-cirurgica\/wp-content\/uploads\/2025\/01\/d1e4cf_d893d7a0fb054c50912151bcbd34a9f0mv2-300x200.webp 300w, https:\/\/departamentos.uel.br\/clinica-cirurgica\/wp-content\/uploads\/2025\/01\/d1e4cf_d893d7a0fb054c50912151bcbd34a9f0mv2-768x512.webp 768w\" sizes=\"auto, (max-width: 800px) 100vw, 800px\" \/><figcaption class=\"wp-element-caption\">Primeiro Hospital Universit\u00e1rio<\/figcaption><\/figure>\n<\/figure>\n\n\n\n<div style=\"height:12px\" aria-hidden=\"true\" class=\"wp-block-spacer\"><\/div>\n\n\n\n<h2 class=\"wp-block-heading\">A&nbsp;Funda\u00e7\u00e3o da Universidade Estadual de Londrina<\/h2>\n\n\n\n<p>Em 1969, por iniciativa do Dr. Asc\u00eancio Garcia Lopes, come\u00e7ou o sonho de se criar uma Universidade, unificando todos os cursos de ensino superior existentes em Londrina.<\/p>\n\n\n\n<p>Reuniram-se os professores Ot\u00e1vio Mazziotti, Nilo Ferraz de Carvalho, Iran Martins Sanches, Aldo Luis Hille, Od\u00e9sio Franciscon e o Dr. Asc\u00eancio, constituindo uma comiss\u00e3o que agrupou dados para convencer o ent\u00e3o Governador do Estado, Paulo Pimentel, a criar a Universidade Estadual de Londrina (UEL).<\/p>\n\n\n\n<p>A UEL foi criada pelo Decreto n\u00ba 18.110, de 28 de janeiro de 1970 com a jun\u00e7\u00e3o das Faculdades Estadual de Filosofia, Ci\u00eancias e Letras de Londrina, da Faculdade Estadual de Direito de Londrina, da Faculdade Estadual de Odontologia de Londrina, da Faculdade de Medicina do Norte do Paran\u00e1 e da Faculdade de Ci\u00eancias Econ\u00f4micas e Cont\u00e1beis.<\/p>\n\n\n\n<p>O Dr. Asc\u00eancio Garcia Lopes e o professor Iran Sanches foram empossados, respectivamente, Reitor e Vice-Reitor, em 29 de maio de 1970.<\/p>\n\n\n\n<p>Desde a sua funda\u00e7\u00e3o, a Universidade j\u00e1 teve como reitores: Asc\u00eancio Garcia Lopes (1970\u20131974); Oscar Alves (1974\u20131978); Jos\u00e9 Carlos Pinotti (1978\u20131982); Marco Antonio Fiori (1982\u20131986); Jorge Bounassar Filho (1986\u20131990); Jo\u00e3o Carlos Thomson (1990\u20131994); Jackson Proen\u00e7a Testa (1994\u20131998\/1998\u20132001); Pedro Alejandro Gordan (2001\u20132002); Lygia Lumina Pupatto (2002\u20132006), Wilmar Sachetin Mar\u00e7al (2006\u20132010), N\u00e1dina Aparecida Moreno (2010\u20132014), Berenice Quinzani Jord\u00e3o (2014-2018) e o atual S\u00e9rgio Carlos de Carvalho, &nbsp;com mandato at\u00e9 2022.<\/p>\n\n\n\n<p>A UEL completou&nbsp;48&nbsp;anos de atividades em outubro de 2019,&nbsp;destacando-se nacionalmente em ensino, pesquisa e extens\u00e3o e se solidificando no cen\u00e1rio internacional pelo impacto das pesquisas desenvolvidas.<\/p>\n\n\n\n<p>Fontes:<\/p>\n\n\n\n<p>1. Chenso, Paulo Andr\u00e9. 50 Anos do Curso de&nbsp;Medicina de Londrina [Livro Eletr\u00f4nico]\/Paulo Andr\u00e9 Chenso. &#8211; Londrina: Eduel, 2018. Dispon\u00edvel em&nbsp;<a href=\"https:\/\/www.eduel.com.br\/ISBN\" target=\"_blank\" rel=\"noreferrer noopener\">https:\/\/www.eduel.com.br\/ISBN<\/a>&nbsp;978-85-7216-933-2<\/p>\n\n\n\n<p>2. Cuidar, curar, lembrar &#8211; mem\u00f3ria da sa\u00fade em Londrina\/Museu Hist\u00f3rico de Londrina,&nbsp;Universidade Estadual de Londrina; projeto Cura e cuidados: uma hist\u00f3ria dos procedimentos e tratamentos de sa\u00fade em Londrina, organiza\u00e7\u00e3o Regina C\u00e9lia Alegro. &#8211; Londrina: UEL, 2012. ISBN 978-85-7846-148-5<\/p>\n\n\n\n<p>3. Passagens da Uel. Universidade Estadual de Londrina (Cat\u00e1logo de Fotos). Dispon\u00edvel na Biblioteca BS\/HU&nbsp;<\/p>\n\n\n\n<p>5. Site da Universidade Estadual de Londrina:&nbsp;<a href=\"http:\/\/portal.uel.br\/conheca-a-uel\/S\/HU\" target=\"_blank\" rel=\"noreferrer noopener\">http:\/\/portal.uel.br\/conheca-a-uel\/S\/HU<\/a><\/p>\n\n\n\n<div style=\"height:33px\" aria-hidden=\"true\" class=\"wp-block-spacer\"><\/div>\n\n\n\n<h2 class=\"wp-block-heading\">A cria\u00e7\u00e3o do Departamento de Cl\u00ednica Cir\u00fargica<\/h2>\n\n\n\n<p>O Departamento de Cl\u00ednica Cir\u00fargica teve como&nbsp;embri\u00e3o um seleto grupo de cirurgi\u00f5es&nbsp;contratado para ministrar aulas na&nbsp;ent\u00e3o Faculdade de Medicina do Norte do Paran\u00e1, em meados de 1969\/1970: Dr. Humberto de Moraes Novaes,&nbsp;Dr. Jo\u00e3o Carlos Thomson, Dr. Lucio Tedesco Marchese, Dr. Jo\u00e3o Amorim Filho, Dr. Jos\u00e9 Carlos Pareja, Dr. Jos\u00e9 Manella Neto, Dr. Luis Carlos Coelho Neto Jeol\u00e1s e Dr. Jos\u00e9 Mario Marcondes dos Reis. Nessa \u00e9poca, o&nbsp;Dr. Humberto foi designado&nbsp;primeiro chefe da&nbsp;ent\u00e3o disciplina de&nbsp;Cl\u00ednica Cir\u00fargica, que permaneceu com esse nome at\u00e9 1972.<\/p>\n\n\n\n<p>Com a funda\u00e7\u00e3o da UEL em 1970, foram formados novos departamentos, e entre 1972 e 1973, &nbsp;o nome Cl\u00ednica Cir\u00fargica desaparece, sendo seus docentes incorporados ao Departamento de Gastro-Pneumo-Cardio-Angiologia. O Dr. Lucio Tedesco Marchese, Cirurgi\u00e3o Pedi\u00e1trico, foi transferido para Departamento de Pediatria, enquanto&nbsp;o Dr. Humberto de Moraes Novaes assumiu a&nbsp;superintend\u00eancia do Hospital Universit\u00e1rio.<\/p>\n\n\n\n<p>O Departamento de Gastro-Pneumo-Cardio-Angiologia teve como primeiro chefe o Dr. Nelson Morrone, que deu lugar ao Dr. Jo\u00e3o Amorim Filho (1976) e a seguir ao Dr. Jos\u00e9 Eduardo de&nbsp;Siqueira, em 1977. Como curiosidade, um&nbsp;dos primeiros estagi\u00e1rios desse departamento foi o ilustr\u00edssimo Dr. Asc\u00eancio Garcia Lopes!<\/p>\n\n\n\n<p>Em 1978 ocorre uma&nbsp;nova&nbsp;redistribui\u00e7\u00e3o dos Departamentos&nbsp;e, em meio a um per\u00edodo&nbsp;conturbado e caracterizado por&nbsp;interfer\u00eancias politicas na&nbsp;administra\u00e7\u00e3o da Universidade, mudan\u00e7as bruscas&nbsp;e imposi\u00e7\u00e3o&nbsp;de&nbsp;cargos, cria-se o novo Departamento de Cirurgia.&nbsp;<\/p>\n\n\n\n<div class=\"wp-block-uel-card\"><div class=\"wp-block-image\">\n<figure class=\"alignleft size-full is-resized\"><img loading=\"lazy\" decoding=\"async\" width=\"478\" height=\"612\" src=\"https:\/\/departamentos.uel.br\/clinica-cirurgica\/wp-content\/uploads\/2025\/01\/Captura-de-Tela-2025-01-12-as-13.30.50.png\" alt=\"\" class=\"wp-image-226\" style=\"width:187px;height:auto\" srcset=\"https:\/\/departamentos.uel.br\/clinica-cirurgica\/wp-content\/uploads\/2025\/01\/Captura-de-Tela-2025-01-12-as-13.30.50.png 478w, https:\/\/departamentos.uel.br\/clinica-cirurgica\/wp-content\/uploads\/2025\/01\/Captura-de-Tela-2025-01-12-as-13.30.50-234x300.png 234w\" sizes=\"auto, (max-width: 478px) 100vw, 478px\" \/><\/figure>\n<\/div><\/div>\n\n\n\n<p>Na&nbsp;primeira&nbsp;reuni\u00e3o do Departamento de Cl\u00ednica Cir\u00fargica do ano de 1978, no dia 11 de fevereiro, o Dr. Jo\u00e3o Carlos Thomson foi eleito pelos colegas Chefe do Departamento, sendo o Vice-Chefe o Dr. Axel Werner Hulsmeyer. Nessa mesma reuni\u00e3o,&nbsp;o Dr. Thomson encaminha&nbsp;solicita\u00e7\u00e3o urgente&nbsp;ao Reitor, na \u00e9poca o Sr.&nbsp;Jos\u00e9 Carlos Pinotti, para que se estabele\u00e7a uma defini\u00e7\u00e3o clara quanto \u00e0&nbsp;composi\u00e7\u00e3o das disciplinas que fariam parte dos&nbsp;departamentos e para a&nbsp;regulamenta\u00e7\u00e3o do ano letivo do Curso de Medicina, o que de fato se conseguiu, &nbsp;permitindo o&nbsp;in\u00edcio regular&nbsp;do curso em mar\u00e7o daquele ano.<\/p>\n\n\n\n<p>A&nbsp;administra\u00e7\u00e3o do Dr. Jo\u00e3o Carlos Thomson ficou marcada por uma profunda&nbsp;reestrutura\u00e7\u00e3o no Departamento de Cl\u00ednica Cir\u00fargica, caracterizada por uma&nbsp;melhor distribui\u00e7\u00e3o e&nbsp;adequa\u00e7\u00e3o das disciplinas da \u00e1rea cir\u00fargica, investimentos em&nbsp;capacita\u00e7\u00e3o pessoal e&nbsp;est\u00edmulo ao ensino e pesquisa. Reuniu-se um grupo&nbsp;incompar\u00e1vel de profissionais, contando com nomes como: Pedro Garcia Lopes, Alo\u00edsio Ribeiro de Lima, Antonio&nbsp;Marcos Arnulf Fraga, Jesus Roberto Ceribelli, Jo\u00e3o Amorim Filho, Jos\u00e9 Carlos Pareja, Jos\u00e9 Manella Neto, Jos\u00e9 M\u00e1rio S. Marcondes dos Reis,&nbsp;Lauro Brandina, Luiz Carlos C. N. Jeol\u00e1s, Osman B. Ferraz, L\u00edcio H\u00e9lio Francisconi, Rui Viana Junior, Axel Werner Hulsmeyer, Sakukiti Uehara, Lamartine Correa de Moraes Filho, Jos\u00e9 Adaulto T. Rocha, Francisco Pereira Silva, Edivaldo Macedo de Brito,&nbsp;Manuel&nbsp;Maria V. Calland, Jose Carlos Lacerda de Souza,&nbsp;Mauro Roberto Bergonse, Mario Tadaiti Iria, M\u00e1ximo Gonzalez Donoso, Murilo H. Carvalho, Nelson B. F. Pimp\u00e3o, Orley B. Ferraz, Paschoal Jos\u00e9 Imperatriz, Pl\u00e1cido Arrabal. Ronald S. Peixoto, Wilson G. Campos, Yoshihiro Fujii&nbsp;dentre muitos outros.<\/p>\n\n\n\n<p>&nbsp;&nbsp;&nbsp;Durante sua&nbsp;gest\u00e3o, a ado\u00e7\u00e3o de&nbsp;posi\u00e7\u00f5es firmes e bem fundamentadas&nbsp;pavimentou as bases para o protagonismo e lideran\u00e7a do Departamento de Cl\u00ednica&nbsp;Cir\u00fargica, cujo exemplo garantiu que essa&nbsp;posi\u00e7\u00e3o &nbsp;fosse assegurada e mantida pelos Chefes subsequentes.&nbsp;&nbsp;&nbsp;&nbsp;<\/p>\n\n\n\n<p>A coragem, determina\u00e7\u00e3o e credibilidade desses grandes&nbsp;mestres, que dedicaram grande parte de sua vida ao Departamento de Cl\u00ednica Cir\u00fargica, sempre com o objetivo de ensinar e garantir uma&nbsp;forma\u00e7\u00e3o \u00e9tica e de qualidade aos novos&nbsp;cirurgi\u00f5es, \u00e9 a&nbsp;motiva\u00e7\u00e3o que deve nortear o empenho&nbsp;dos mais jovens&nbsp;a seguir o exemplo e manter esse legado.<\/p>\n\n\n\n<p>Abaixo entrevista com o Dr. Ascencio Garcia Lopes, onde ele conta toda a sua trajet\u00f3ria de luta, pioneirismo e inova\u00e7\u00e3o, feita pela jornalista Cl\u00e1udia Costa, do\u00a0<a href=\"https:\/\/ideiadelas.com.br\/\" target=\"_blank\" rel=\"noreferrer noopener\">portal Id\u00e9ia Delas<\/a>, em 2020:<\/p>\n\n\n\n<p>Parte 1:<\/p>\n\n\n\n<figure class=\"wp-block-embed is-type-video is-provider-youtube wp-block-embed-youtube wp-embed-aspect-16-9 wp-has-aspect-ratio\"><div class=\"wp-block-embed__wrapper\">\n<iframe loading=\"lazy\" title=\"Dr. Ascencio Garcia Lopes -parte 1\" width=\"500\" height=\"281\" src=\"https:\/\/www.youtube.com\/embed\/MeB44LuR3BY?start=3&#038;feature=oembed\" frameborder=\"0\" allow=\"accelerometer; autoplay; clipboard-write; encrypted-media; gyroscope; picture-in-picture; web-share\" referrerpolicy=\"strict-origin-when-cross-origin\" allowfullscreen><\/iframe>\n<\/div><\/figure>\n\n\n\n<p>Parte 2:<\/p>\n\n\n\n<figure class=\"wp-block-embed is-type-video is-provider-youtube wp-block-embed-youtube wp-embed-aspect-16-9 wp-has-aspect-ratio\"><div class=\"wp-block-embed__wrapper\">\n<iframe loading=\"lazy\" title=\"Dr. Ascencio Garcia Lopes -parte 2\" width=\"500\" height=\"281\" src=\"https:\/\/www.youtube.com\/embed\/xqy2aOlTfzo?feature=oembed\" frameborder=\"0\" allow=\"accelerometer; autoplay; clipboard-write; encrypted-media; gyroscope; picture-in-picture; web-share\" referrerpolicy=\"strict-origin-when-cross-origin\" allowfullscreen><\/iframe>\n<\/div><\/figure>\n\n\n\n<p>Assista\u00a0 tamb\u00e9m as entrevistas com os Drs. L\u00facio Tedesco Marchese e Flair Jos\u00e9 Carrilho, destacando o protagonismo do Dr. Ascencio\u00a0\u00e0 frente da hist\u00f3ria da Associa\u00e7\u00e3o M\u00e9dica de Londrina, da Faculdade de Medicina, da Universidade\u00a0Estadual de Londrina (UEL) e do Departamento de Cir\u00fargica da UEL.<\/p>\n\n\n\n<p>Dr, L\u00facio Tedesco Marchese fala sobre o Dr. Ascencio:<\/p>\n\n\n\n<figure class=\"wp-block-embed is-type-video is-provider-youtube wp-block-embed-youtube wp-embed-aspect-16-9 wp-has-aspect-ratio\"><div class=\"wp-block-embed__wrapper\">\n<iframe loading=\"lazy\" title=\"Dr. L\u00facio Tedesco Marchese fala sobre a import\u00e2ncia do dr. Asc\u00eancio Garcia Lopes\" width=\"500\" height=\"281\" src=\"https:\/\/www.youtube.com\/embed\/O75cEEcAaxI?feature=oembed\" frameborder=\"0\" allow=\"accelerometer; autoplay; clipboard-write; encrypted-media; gyroscope; picture-in-picture; web-share\" referrerpolicy=\"strict-origin-when-cross-origin\" allowfullscreen><\/iframe>\n<\/div><\/figure>\n\n\n\n<p>Dr. Flair Jos\u00e9 Carrilho fala sobre o Dr. Ascencio:<\/p>\n\n\n\n<figure class=\"wp-block-embed is-type-video is-provider-youtube wp-block-embed-youtube wp-embed-aspect-16-9 wp-has-aspect-ratio\"><div class=\"wp-block-embed__wrapper\">\n<iframe loading=\"lazy\" title=\"Prof. Flair Jos\u00e9 Carrilho, ex-aluno da UEL, fala sobre dr. Asc\u00eancio Garcia Lopes\" width=\"500\" height=\"281\" src=\"https:\/\/www.youtube.com\/embed\/61z1eVsCz8c?feature=oembed\" frameborder=\"0\" allow=\"accelerometer; autoplay; clipboard-write; encrypted-media; gyroscope; picture-in-picture; web-share\" referrerpolicy=\"strict-origin-when-cross-origin\" allowfullscreen><\/iframe>\n<\/div><\/figure>\n","protected":false},"excerpt":{"rendered":"<p>Cria\u00e7\u00e3o da Faculdade de&nbsp;Medicina e o in\u00edcio&nbsp;do Curso de Medicina No in\u00edcio da d\u00e9cada de 60 Londrina contava com 4 faculdades: A Faculdade Estadual de Odontologia, a Faculdade Estadual de Filosofia e Letras, a Faculdade Estadual de Direito e a Faculdade Estadual de Ci\u00eancias Econ\u00f4micas e Cont\u00e1beis. Nessa \u00e9poca lideran\u00e7as m\u00e9dicas da cidade, conduzidas pelo [&hellip;]<\/p>\n","protected":false},"author":6,"featured_media":0,"parent":0,"menu_order":0,"comment_status":"closed","ping_status":"closed","template":"","meta":{"_acf_changed":false,"_themeisle_gutenberg_block_has_review":false,"footnotes":""},"class_list":["post-50","page","type-page","status-publish","hentry"],"acf":[],"_links":{"self":[{"href":"https:\/\/departamentos.uel.br\/clinica-cirurgica\/wp-json\/wp\/v2\/pages\/50","targetHints":{"allow":["GET"]}}],"collection":[{"href":"https:\/\/departamentos.uel.br\/clinica-cirurgica\/wp-json\/wp\/v2\/pages"}],"about":[{"href":"https:\/\/departamentos.uel.br\/clinica-cirurgica\/wp-json\/wp\/v2\/types\/page"}],"author":[{"embeddable":true,"href":"https:\/\/departamentos.uel.br\/clinica-cirurgica\/wp-json\/wp\/v2\/users\/6"}],"replies":[{"embeddable":true,"href":"https:\/\/departamentos.uel.br\/clinica-cirurgica\/wp-json\/wp\/v2\/comments?post=50"}],"version-history":[{"count":17,"href":"https:\/\/departamentos.uel.br\/clinica-cirurgica\/wp-json\/wp\/v2\/pages\/50\/revisions"}],"predecessor-version":[{"id":236,"href":"https:\/\/departamentos.uel.br\/clinica-cirurgica\/wp-json\/wp\/v2\/pages\/50\/revisions\/236"}],"wp:attachment":[{"href":"https:\/\/departamentos.uel.br\/clinica-cirurgica\/wp-json\/wp\/v2\/media?parent=50"}],"curies":[{"name":"wp","href":"https:\/\/api.w.org\/{rel}","templated":true}]}}