{"id":44,"date":"2024-10-23T09:07:02","date_gmt":"2024-10-23T12:07:02","guid":{"rendered":"https:\/\/departamentos.uel.br\/clinica-cirurgica\/?page_id=44"},"modified":"2025-01-12T12:34:45","modified_gmt":"2025-01-12T15:34:45","slug":"administracao","status":"publish","type":"page","link":"https:\/\/departamentos.uel.br\/clinica-cirurgica\/administracao\/","title":{"rendered":"Administra\u00e7\u00e3o 2024\/2026"},"content":{"rendered":"\n<div style=\"height:24px\" aria-hidden=\"true\" class=\"wp-block-spacer\"><\/div>\n\n\n\n<figure class=\"wp-block-image size-large\"><img loading=\"lazy\" decoding=\"async\" width=\"1024\" height=\"139\" src=\"https:\/\/departamentos.uel.br\/clinica-cirurgica\/wp-content\/uploads\/2025\/01\/eb1e1c5ab5cb4b289e110f234051208f-1-1024x139.jpg\" alt=\"\" class=\"wp-image-202\" srcset=\"https:\/\/departamentos.uel.br\/clinica-cirurgica\/wp-content\/uploads\/2025\/01\/eb1e1c5ab5cb4b289e110f234051208f-1-1024x139.jpg 1024w, https:\/\/departamentos.uel.br\/clinica-cirurgica\/wp-content\/uploads\/2025\/01\/eb1e1c5ab5cb4b289e110f234051208f-1-300x41.jpg 300w, https:\/\/departamentos.uel.br\/clinica-cirurgica\/wp-content\/uploads\/2025\/01\/eb1e1c5ab5cb4b289e110f234051208f-1-768x105.jpg 768w, https:\/\/departamentos.uel.br\/clinica-cirurgica\/wp-content\/uploads\/2025\/01\/eb1e1c5ab5cb4b289e110f234051208f-1-1536x209.jpg 1536w, https:\/\/departamentos.uel.br\/clinica-cirurgica\/wp-content\/uploads\/2025\/01\/eb1e1c5ab5cb4b289e110f234051208f-1-2048x279.jpg 2048w\" sizes=\"auto, (max-width: 1024px) 100vw, 1024px\" \/><\/figure>\n\n\n\n<p><strong>Chefe do Departamento<\/strong><br>Carlos Eduardo Sanches Vaz<br>carvaz@uel.br<\/p>\n\n\n\n<p><strong>Vice-Chefe do Departamento<\/strong><br>Luiz J\u00f3ia Neto<br>luizjoia7@uel.br<\/p>\n\n\n\n<div style=\"height:24px\" aria-hidden=\"true\" class=\"wp-block-spacer\"><\/div>\n\n\n\n<h2 class=\"wp-block-heading\">Comiss\u00e3o de Extens\u00e3o<\/h2>\n\n\n\n<p>Professor Dr. Marco Antonio Batista (Coordenador)<\/p>\n\n\n\n<p>Professor Dr. Jos\u00e9 Manuel da Silva Silvestre<\/p>\n\n\n\n<p>Professor Dr. Asc\u00eancio Garcia Lopes Junior<\/p>\n\n\n\n<h2 class=\"wp-block-heading\">Comiss\u00e3o de Pesquisa<\/h2>\n\n\n\n<p>Professor Emanuel Gois Junior (Coordenador)<\/p>\n\n\n\n<p>Professor Dr.&nbsp;Antonio Marcello Barbante Casella<\/p>\n\n\n\n<p>Professor Dr. Marco Aur\u00e9lio Fornazieri<\/p>\n\n\n\n<h2 class=\"wp-block-heading\">Comiss\u00e3o de P\u00f3s-Gradua\u00e7\u00e3o<\/h2>\n\n\n\n<p>Professor Dr. Silvio Henrique Maia de Almeida (Coordenador)<\/p>\n\n\n\n<p>Professor Dr. Antonio Marcello Barbante Casella<\/p>\n\n\n\n<p>Professor Dr. Marco Aur\u00e9lio Fornazieri<\/p>\n\n\n\n<h2 class=\"wp-block-heading\">Representantes do Departamento no Colegiado de Medicina<\/h2>\n\n\n\n<p>Professora Rosana Emiko Heshiki (primeira representante)<\/p>\n\n\n\n<p>Professor Dr. Andr\u00e9 Armani (segundo representante)<\/p>\n\n\n\n<p>Professor Dr. S\u00e9rgio Murillo Georgeto (terceiro representante)<\/p>\n\n\n\n<h2 class=\"wp-block-heading\">Representantes do Departamento no CD-HU<\/h2>\n\n\n\n<p>Professor Ot\u00e1vio Goulart Fan<\/p>\n\n\n\n<p>Professor Emanuel G\u00f3is Junior<\/p>\n\n\n\n<p><\/p>\n","protected":false},"excerpt":{"rendered":"<p>Chefe do DepartamentoCarlos Eduardo Sanches Vazcarvaz@uel.br Vice-Chefe do DepartamentoLuiz J\u00f3ia Netoluizjoia7@uel.br Comiss\u00e3o de Extens\u00e3o Professor Dr. Marco Antonio Batista (Coordenador) Professor Dr. Jos\u00e9 Manuel da Silva Silvestre Professor Dr. Asc\u00eancio Garcia Lopes Junior Comiss\u00e3o de Pesquisa Professor Emanuel Gois Junior (Coordenador) Professor Dr.&nbsp;Antonio Marcello Barbante Casella Professor Dr. Marco Aur\u00e9lio Fornazieri Comiss\u00e3o de P\u00f3s-Gradua\u00e7\u00e3o Professor [&hellip;]<\/p>\n","protected":false},"author":7,"featured_media":0,"parent":0,"menu_order":0,"comment_status":"closed","ping_status":"closed","template":"","meta":{"_acf_changed":false,"_themeisle_gutenberg_block_has_review":false,"footnotes":""},"class_list":["post-44","page","type-page","status-publish","hentry"],"acf":[],"_links":{"self":[{"href":"https:\/\/departamentos.uel.br\/clinica-cirurgica\/wp-json\/wp\/v2\/pages\/44","targetHints":{"allow":["GET"]}}],"collection":[{"href":"https:\/\/departamentos.uel.br\/clinica-cirurgica\/wp-json\/wp\/v2\/pages"}],"about":[{"href":"https:\/\/departamentos.uel.br\/clinica-cirurgica\/wp-json\/wp\/v2\/types\/page"}],"author":[{"embeddable":true,"href":"https:\/\/departamentos.uel.br\/clinica-cirurgica\/wp-json\/wp\/v2\/users\/7"}],"replies":[{"embeddable":true,"href":"https:\/\/departamentos.uel.br\/clinica-cirurgica\/wp-json\/wp\/v2\/comments?post=44"}],"version-history":[{"count":17,"href":"https:\/\/departamentos.uel.br\/clinica-cirurgica\/wp-json\/wp\/v2\/pages\/44\/revisions"}],"predecessor-version":[{"id":203,"href":"https:\/\/departamentos.uel.br\/clinica-cirurgica\/wp-json\/wp\/v2\/pages\/44\/revisions\/203"}],"wp:attachment":[{"href":"https:\/\/departamentos.uel.br\/clinica-cirurgica\/wp-json\/wp\/v2\/media?parent=44"}],"curies":[{"name":"wp","href":"https:\/\/api.w.org\/{rel}","templated":true}]}}