{"id":39,"date":"2024-10-23T09:02:46","date_gmt":"2024-10-23T12:02:46","guid":{"rendered":"https:\/\/departamentos.uel.br\/clinica-cirurgica\/?page_id=39"},"modified":"2025-01-23T08:41:40","modified_gmt":"2025-01-23T11:41:40","slug":"sobre-o-departamento","status":"publish","type":"page","link":"https:\/\/departamentos.uel.br\/clinica-cirurgica\/sobre-o-departamento\/","title":{"rendered":"Miss\u00e3o, vis\u00e3o e valores"},"content":{"rendered":"\n<div style=\"height:37px\" aria-hidden=\"true\" class=\"wp-block-spacer\"><\/div>\n\n\n<div class=\"wp-block-image wp-duotone-unset-1\">\n<figure class=\"aligncenter size-large\"><img loading=\"lazy\" decoding=\"async\" width=\"1024\" height=\"139\" src=\"https:\/\/departamentos.uel.br\/clinica-cirurgica\/wp-content\/uploads\/2025\/01\/11062b_affad36e3187404f8a2dbe0ea8796676mv2_d_4000_2158_s_2-1024x139.jpg\" alt=\"\" class=\"wp-image-204\" srcset=\"https:\/\/departamentos.uel.br\/clinica-cirurgica\/wp-content\/uploads\/2025\/01\/11062b_affad36e3187404f8a2dbe0ea8796676mv2_d_4000_2158_s_2-1024x139.jpg 1024w, https:\/\/departamentos.uel.br\/clinica-cirurgica\/wp-content\/uploads\/2025\/01\/11062b_affad36e3187404f8a2dbe0ea8796676mv2_d_4000_2158_s_2-300x41.jpg 300w, https:\/\/departamentos.uel.br\/clinica-cirurgica\/wp-content\/uploads\/2025\/01\/11062b_affad36e3187404f8a2dbe0ea8796676mv2_d_4000_2158_s_2-768x105.jpg 768w, https:\/\/departamentos.uel.br\/clinica-cirurgica\/wp-content\/uploads\/2025\/01\/11062b_affad36e3187404f8a2dbe0ea8796676mv2_d_4000_2158_s_2-1536x209.jpg 1536w, https:\/\/departamentos.uel.br\/clinica-cirurgica\/wp-content\/uploads\/2025\/01\/11062b_affad36e3187404f8a2dbe0ea8796676mv2_d_4000_2158_s_2-2048x279.jpg 2048w\" sizes=\"auto, (max-width: 1024px) 100vw, 1024px\" \/><\/figure>\n<\/div>\n\n\n<div style=\"height:37px\" aria-hidden=\"true\" class=\"wp-block-spacer\"><\/div>\n\n\n\n<p class=\"has-text-align-left\">O Departamento de Cl\u00ednica Cir\u00fargica da Universidade Estadual de Londrina (UEL) busca formar profissionais m\u00e9dicos altamente qualificados, capazes de oferecer atendimento de excel\u00eancia, com base na \u00e9tica, na ci\u00eancia e na inova\u00e7\u00e3o. <\/p>\n\n\n\n<p class=\"has-text-align-left\">Por meio do ensino diferenciado, pesquisa e projetos de extens\u00e3o, buscamos impactar positivamente a sa\u00fade da sociedade, promovendo acesso a tratamentos eficazes e humanizados.<\/p>\n\n\n\n<p class=\"has-text-align-left\">O Departamento de Cl\u00ednica Cir\u00fargica orgulha-se de seu papel como agente transformador na Medicina, esfor\u00e7ando-se para oferecer excel\u00eancia acad\u00eamica e assist\u00eancia m\u00e9dica de qualidade, sempre em benef\u00edcio da sociedade. <\/p>\n\n\n\n<p class=\"has-text-align-left\">Valorizamos os ensinamentos dos professores fundadores, cuja dedica\u00e7\u00e3o e vis\u00e3o estabeleceram os alicerces de nosso trabalho, e seguimos em frente honrando essa hist\u00f3ria enquanto constru\u00edmos um futuro ainda mais inovador e comprometido com a sa\u00fade.<\/p>\n\n\n\n<div style=\"height:37px\" aria-hidden=\"true\" class=\"wp-block-spacer\"><\/div>\n\n\n\n<h2 class=\"wp-block-heading\">Declara\u00e7\u00e3o de Miss\u00e3o, Vis\u00e3o e Valores<\/h2>\n\n\n<div class=\"wp-block-image\">\n<figure class=\"aligncenter is-resized\"><img decoding=\"async\" src=\"https:\/\/static.wixstatic.com\/media\/d1e4cf_76c293fb34a84b5892ad0d25cc818605~mv2.png\/v1\/fill\/w_138,h_138,al_c,lg_1,q_85,enc_avif,quality_auto\/iconfinder_story_4077352.png\" alt=\"iconfinder_story_4077352.png\" style=\"width:114px;height:auto\" \/><\/figure>\n<\/div>\n\n\n<p><em><strong>MISS\u00c3O<\/strong>: &#8220;Promover a forma\u00e7\u00e3o de profissionais capacitados e com conhecimento diferenciado, por meio de um ensino de excel\u00eancia, sustentado pelo incentivo \u00e0 educa\u00e7\u00e3o continuada e \u00e0 cultura da inova\u00e7\u00e3o, valorizando a pesquisa e os projetos de extens\u00e3o, visando assim promover a melhoria da sa\u00fade e o bem-estar da comunidade&#8221;.<\/em><\/p>\n\n\n\n<p><br><em><strong>VIS\u00c3O<\/strong>: &#8220;Ser reconhecido como um dos principais centros de ensino a n\u00edvel de excel\u00eancia na \u00e1rea da Cl\u00ednica Cir\u00fargica, em nosso pa\u00eds e no exterior&#8221;.<\/em><br>&nbsp;<\/p>\n\n\n\n<p><em><strong>VALORES<\/strong>: &#8220;Est\u00edmulo \u00e0 busca de aprimoramento cont\u00ednuo, visando o desenvolvimento pessoal e profissional; promo\u00e7\u00e3o da criatividade e do trabalho em equipe; incentivo \u00e0 pesquisa e \u00e0 produ\u00e7\u00e3o cient\u00edfica; atualiza\u00e7\u00e3o tecnol\u00f3gica cont\u00ednua; comportamento \u00e9tico; valoriza\u00e7\u00e3o do potencial humano; preserva\u00e7\u00e3o e divulga\u00e7\u00e3o da nossa hist\u00f3ria; responsabilidade social com a comunidade&#8221;.<\/em><\/p>\n","protected":false},"excerpt":{"rendered":"<p>O Departamento de Cl\u00ednica Cir\u00fargica da Universidade Estadual de Londrina (UEL) busca formar profissionais m\u00e9dicos altamente qualificados, capazes de oferecer atendimento de excel\u00eancia, com base na \u00e9tica, na ci\u00eancia e na inova\u00e7\u00e3o. Por meio do ensino diferenciado, pesquisa e projetos de extens\u00e3o, buscamos impactar positivamente a sa\u00fade da sociedade, promovendo acesso a tratamentos eficazes e [&hellip;]<\/p>\n","protected":false},"author":7,"featured_media":0,"parent":0,"menu_order":0,"comment_status":"closed","ping_status":"closed","template":"","meta":{"_acf_changed":false,"_themeisle_gutenberg_block_has_review":false,"footnotes":""},"class_list":["post-39","page","type-page","status-publish","hentry"],"acf":[],"_links":{"self":[{"href":"https:\/\/departamentos.uel.br\/clinica-cirurgica\/wp-json\/wp\/v2\/pages\/39","targetHints":{"allow":["GET"]}}],"collection":[{"href":"https:\/\/departamentos.uel.br\/clinica-cirurgica\/wp-json\/wp\/v2\/pages"}],"about":[{"href":"https:\/\/departamentos.uel.br\/clinica-cirurgica\/wp-json\/wp\/v2\/types\/page"}],"author":[{"embeddable":true,"href":"https:\/\/departamentos.uel.br\/clinica-cirurgica\/wp-json\/wp\/v2\/users\/7"}],"replies":[{"embeddable":true,"href":"https:\/\/departamentos.uel.br\/clinica-cirurgica\/wp-json\/wp\/v2\/comments?post=39"}],"version-history":[{"count":15,"href":"https:\/\/departamentos.uel.br\/clinica-cirurgica\/wp-json\/wp\/v2\/pages\/39\/revisions"}],"predecessor-version":[{"id":260,"href":"https:\/\/departamentos.uel.br\/clinica-cirurgica\/wp-json\/wp\/v2\/pages\/39\/revisions\/260"}],"wp:attachment":[{"href":"https:\/\/departamentos.uel.br\/clinica-cirurgica\/wp-json\/wp\/v2\/media?parent=39"}],"curies":[{"name":"wp","href":"https:\/\/api.w.org\/{rel}","templated":true}]}}