{"id":34,"date":"2024-11-10T20:00:50","date_gmt":"2024-11-10T23:00:50","guid":{"rendered":"https:\/\/departamentos.uel.br\/ciencias-sociais\/?page_id=34"},"modified":"2024-11-10T22:12:51","modified_gmt":"2024-11-11T01:12:51","slug":"eventos","status":"publish","type":"page","link":"https:\/\/departamentos.uel.br\/ciencias-sociais\/eventos\/","title":{"rendered":"Eventos"},"content":{"rendered":"\n<p class=\"has-medium-font-size\"><strong>2024<\/strong><\/p>\n\n\n\n<div id=\"wp-block-themeisle-blocks-accordion-52012838\" class=\"wp-block-themeisle-blocks-accordion exclusive\">\n<details class=\"wp-block-themeisle-blocks-accordion-item\"><summary class=\"wp-block-themeisle-blocks-accordion-item__title\"><div><strong>II Simp\u00f3sio sobre feminic\u00eddios: reflex\u00f5es sobre incid\u00eancias e (in)visibilidades<\/strong><br><strong>Per\u00edodo:<\/strong> 23 a 25 de Outubro<br><strong>Local<\/strong>: Universidade Estadual de Londrina (Londrina\/PR, Brasil).\u00a0<br>O evento \u00e9 realizado pelo Laborat\u00f3rio de Estudos de Feminic\u00eddios (LESFEM), criado em 2022, a partir da articula\u00e7\u00e3o entre pesquisadoras e pesquisadores da Universidade Estadual de Londrina (UEL), Universidade Federal da Bahia (UFBA) e Universidade Federal de Uberl\u00e2ndia (UFU).\u00a0<\/div><\/summary><div class=\"wp-block-themeisle-blocks-accordion-item__content\"><div class=\"wp-block-image\">\n<figure class=\"aligncenter size-full is-resized\"><img loading=\"lazy\" decoding=\"async\" width=\"1024\" height=\"512\" src=\"https:\/\/departamentos.uel.br\/ciencias-sociais\/wp-content\/uploads\/2024\/11\/imagem_2024-11-10_221251111.png\" alt=\"\" class=\"wp-image-102\" style=\"width:650px;height:auto\" srcset=\"https:\/\/departamentos.uel.br\/ciencias-sociais\/wp-content\/uploads\/2024\/11\/imagem_2024-11-10_221251111.png 1024w, https:\/\/departamentos.uel.br\/ciencias-sociais\/wp-content\/uploads\/2024\/11\/imagem_2024-11-10_221251111-300x150.png 300w, https:\/\/departamentos.uel.br\/ciencias-sociais\/wp-content\/uploads\/2024\/11\/imagem_2024-11-10_221251111-768x384.png 768w\" sizes=\"auto, (max-width: 1024px) 100vw, 1024px\" \/><\/figure>\n<\/div><\/div><\/details>\n<\/div>\n","protected":false},"excerpt":{"rendered":"<p>2024<\/p>\n","protected":false},"author":6,"featured_media":0,"parent":0,"menu_order":0,"comment_status":"closed","ping_status":"closed","template":"","meta":{"_acf_changed":false,"_themeisle_gutenberg_block_has_review":false,"footnotes":""},"class_list":["post-34","page","type-page","status-publish","hentry"],"acf":[],"_links":{"self":[{"href":"https:\/\/departamentos.uel.br\/ciencias-sociais\/wp-json\/wp\/v2\/pages\/34","targetHints":{"allow":["GET"]}}],"collection":[{"href":"https:\/\/departamentos.uel.br\/ciencias-sociais\/wp-json\/wp\/v2\/pages"}],"about":[{"href":"https:\/\/departamentos.uel.br\/ciencias-sociais\/wp-json\/wp\/v2\/types\/page"}],"author":[{"embeddable":true,"href":"https:\/\/departamentos.uel.br\/ciencias-sociais\/wp-json\/wp\/v2\/users\/6"}],"replies":[{"embeddable":true,"href":"https:\/\/departamentos.uel.br\/ciencias-sociais\/wp-json\/wp\/v2\/comments?post=34"}],"version-history":[{"count":4,"href":"https:\/\/departamentos.uel.br\/ciencias-sociais\/wp-json\/wp\/v2\/pages\/34\/revisions"}],"predecessor-version":[{"id":106,"href":"https:\/\/departamentos.uel.br\/ciencias-sociais\/wp-json\/wp\/v2\/pages\/34\/revisions\/106"}],"wp:attachment":[{"href":"https:\/\/departamentos.uel.br\/ciencias-sociais\/wp-json\/wp\/v2\/media?parent=34"}],"curies":[{"name":"wp","href":"https:\/\/api.w.org\/{rel}","templated":true}]}}