{"id":42,"date":"2024-11-06T10:50:45","date_gmt":"2024-11-06T13:50:45","guid":{"rendered":"https:\/\/departamentos.uel.br\/ciencias-patologicas\/?page_id=42"},"modified":"2024-11-06T13:59:41","modified_gmt":"2024-11-06T16:59:41","slug":"corpo-docente","status":"publish","type":"page","link":"https:\/\/departamentos.uel.br\/ciencias-patologicas\/corpo-docente\/","title":{"rendered":"Corpo Docente"},"content":{"rendered":"\n<p><strong>IMUNOLOGIA<\/strong><\/p>\n\n\n\n<p><strong>Profa. Dra. Eiko Nakagawa Itano<\/strong><br>Laborat\u00f3rio de Imunologia Aplicada<br>itanoeiko@hotmail.com<br>(43) 3371-4469<\/p>\n\n\n\n<p><strong>Prof. Dr. Emerson Jos\u00e9 Venancio<\/strong><br>Laborat\u00f3rio de Imunologia IV<br>emersonj@uel.br<br>(43) 3371-5766<\/p>\n\n\n\n<p><strong>Prof. Dr. F\u00e1bio Henrique Kwasniewski<\/strong><br>Laborat\u00f3rio de Imunologia Experimental<br>fhkwas@uel.br<br>(43) 3371-4616<\/p>\n\n\n\n<p><strong>Profa. Dra. Karen Braj\u00e3o de Oliveira<\/strong><br>Laborat\u00f3rio de Gen\u00e9tica Molecular e Imunologia<br>karen.brajao@uel.br<br>(43) 3371-5728<\/p>\n\n\n\n<p><strong>Prof. Dr. M\u00e1rio Augusto Ono<\/strong><br>Laborat\u00f3rio de Imunologia Animal<br>marioono@uel.br<br>(43) 3371-4982<\/p>\n\n\n\n<p><strong>Prof. Dr. Phileno Pinge Filho<\/strong><br>Laborat\u00f3rio de Imunopatologia Experimental<br>pingefilho@uel.br<br>(43) 3371-4978<\/p>\n\n\n\n<p><strong>PARASITOLOGIA<\/strong><\/p>\n\n\n\n<p><strong>Prof. Dr. Francisco Jos\u00e9 de Abreu Oliveira<\/strong><br>Laborat\u00f3rio de Parasitologia Experimental<br>abreu@uel.br<br>(43) 3371-4502<\/p>\n\n\n\n<p><strong>Profa. Dra. Idessania Nazareth Costa<\/strong><br>Laborat\u00f3rio de Protozoologia Experimental<br>idessania@uel.br<br>(43) 3371-4539<\/p>\n\n\n\n<p><strong>Prof. Dr. Wander Rog\u00e9rio Pavanelli<\/strong><br>Laborat\u00f3rio de Protozoologia Experimental<br>wanderpavanelli@uel.br<br>(43) 3371-4539<\/p>\n\n\n\n<p><strong>PATOLOGIA<\/strong><\/p>\n\n\n\n<p><strong>Profa. Dra. Alessandra Louren\u00e7o Cecchini Armani<\/strong><br>Laborat\u00f3rio de Patologia Molecular<br>alcecchini@uel.br<br>(43) 3371-4529<\/p>\n\n\n\n<p><strong>Profa. Dra. Fl\u00e1via Alessandra Guarnier<\/strong><br>Laborat\u00f3rio de Histopatologia e Laborat\u00f3rio de Fisiopatologia de Adapta\u00e7\u00f5es Musculares<br>faguarnier@uel.br<br>(43) 3371-4496<\/p>\n\n\n\n<p><strong>Prof. Dr. Rodrigo Cabral Luiz<\/strong><br>Laborat\u00f3rio de Patologia Molecular<br>rc.luiz@uel.br<br>(43) 3371-4529<\/p>\n\n\n\n<p><strong>Prof. Dr. Waldiceu Aparecido Verri Junior<\/strong><br>Laborat\u00f3rio de Pesquisa em Dor, Neuropatia e Inflama\u00e7\u00e3o<br>waverri@uel.br<br>(43) 3371-4979<\/p>\n\n\n\n<p><strong>DOCENTES TEMPOR\u00c1RIOS DO DEPARTAMENTO<\/strong><\/p>\n\n\n\n<p><strong>Profa.&nbsp;Dra. Danielle Lazarin Bidoia (PARASITOLOGIA)<\/strong><br>dlbidoia@uel.br<\/p>\n\n\n\n<p><strong>Prof. Dr. Fernando Pinheiro de Souza Neto&nbsp;(PATOLOGIA)<\/strong><br>fernandoneto@uel.br<\/p>\n\n\n\n<p><strong>Profa. Dra.&nbsp; Larissa Rodrigues Bosqui (PARASITOLOGIA)<\/strong><br>larissabosqui@uel.br<\/p>\n\n\n\n<p><strong>Profa. Dra.&nbsp; Maria Isabel Lovo Martins (PATOLOGIA)<\/strong><br>misabel@uel.br<\/p>\n\n\n\n<p><strong>Profa. Dra. Nathalia de Sousa Pereira (PATOLOGIA)<\/strong><br>nathaliasousa@uel.br<\/p>\n\n\n\n<p><strong>Profa. Dra.\u00a0 Ros\u00e1lia Hernandes Fernandes Vivan\u00a0(PATOLOGIA)<\/strong><br>rohfvivan@uel.br<\/p>\n","protected":false},"excerpt":{"rendered":"<p>IMUNOLOGIA Profa. Dra. Eiko Nakagawa ItanoLaborat\u00f3rio de Imunologia Aplicadaitanoeiko@hotmail.com(43) 3371-4469 Prof. Dr. Emerson Jos\u00e9 VenancioLaborat\u00f3rio de Imunologia IVemersonj@uel.br(43) 3371-5766 Prof. Dr. F\u00e1bio Henrique KwasniewskiLaborat\u00f3rio de Imunologia Experimentalfhkwas@uel.br(43) 3371-4616 Profa. Dra. Karen Braj\u00e3o de OliveiraLaborat\u00f3rio de Gen\u00e9tica Molecular e Imunologiakaren.brajao@uel.br(43) 3371-5728 Prof. Dr. M\u00e1rio Augusto OnoLaborat\u00f3rio de Imunologia Animalmarioono@uel.br(43) 3371-4982 Prof. Dr. Phileno Pinge FilhoLaborat\u00f3rio de [&hellip;]<\/p>\n","protected":false},"author":6,"featured_media":0,"parent":0,"menu_order":0,"comment_status":"closed","ping_status":"closed","template":"","meta":{"_acf_changed":false,"_themeisle_gutenberg_block_has_review":false,"footnotes":""},"class_list":["post-42","page","type-page","status-publish","hentry"],"acf":[],"_links":{"self":[{"href":"https:\/\/departamentos.uel.br\/ciencias-patologicas\/wp-json\/wp\/v2\/pages\/42","targetHints":{"allow":["GET"]}}],"collection":[{"href":"https:\/\/departamentos.uel.br\/ciencias-patologicas\/wp-json\/wp\/v2\/pages"}],"about":[{"href":"https:\/\/departamentos.uel.br\/ciencias-patologicas\/wp-json\/wp\/v2\/types\/page"}],"author":[{"embeddable":true,"href":"https:\/\/departamentos.uel.br\/ciencias-patologicas\/wp-json\/wp\/v2\/users\/6"}],"replies":[{"embeddable":true,"href":"https:\/\/departamentos.uel.br\/ciencias-patologicas\/wp-json\/wp\/v2\/comments?post=42"}],"version-history":[{"count":8,"href":"https:\/\/departamentos.uel.br\/ciencias-patologicas\/wp-json\/wp\/v2\/pages\/42\/revisions"}],"predecessor-version":[{"id":91,"href":"https:\/\/departamentos.uel.br\/ciencias-patologicas\/wp-json\/wp\/v2\/pages\/42\/revisions\/91"}],"wp:attachment":[{"href":"https:\/\/departamentos.uel.br\/ciencias-patologicas\/wp-json\/wp\/v2\/media?parent=42"}],"curies":[{"name":"wp","href":"https:\/\/api.w.org\/{rel}","templated":true}]}}