{"id":36,"date":"2024-11-06T10:50:00","date_gmt":"2024-11-06T13:50:00","guid":{"rendered":"https:\/\/departamentos.uel.br\/ciencias-patologicas\/?page_id=36"},"modified":"2024-11-06T11:06:03","modified_gmt":"2024-11-06T14:06:03","slug":"sobre-o-departamento","status":"publish","type":"page","link":"https:\/\/departamentos.uel.br\/ciencias-patologicas\/sobre-o-departamento\/","title":{"rendered":"Sobre o Departamento"},"content":{"rendered":"\n<p>O Departamento de Ci\u00eancias Patol\u00f3gicas foi criado em 1968 e est\u00e1 localizado no Centro de Ci\u00eancias Biol\u00f3gicas (CCB), no Campus da UEL.<\/p>\n\n\n\n<p>No Departamento est\u00e3o&nbsp;agrupadas as \u00e1reas de Imunologia, Parasitologia e Patologia Geral, que atendem os cursos de&nbsp;Biomedicina,&nbsp;Biologia, Biotecnologia, Enfermagem, Farm\u00e1cia, Fisioterapia, Medicina, Nutri\u00e7\u00e3o, Odontologia, Veterin\u00e1ria e Zootecnia.<\/p>\n\n\n\n<p>Nossa miss\u00e3o \u00e9 formar profissionais altamente capacitados para a investiga\u00e7\u00e3o, diagn\u00f3stico e tratamento de doen\u00e7as, bem como para o desenvolvimento de pesquisa e tecnologia que promovam a sa\u00fade e o bem-estar da sociedade.<\/p>\n\n\n\n<p>Com uma equipe de professores, pesquisadores especializados, oferecemos uma forma\u00e7\u00e3o abrangente que combina teoria e pr\u00e1tica nos mais diversos campos das Ci\u00eancias Patol\u00f3gicas, incluindo patologia geral, anatomia patol\u00f3gica, microbiologia, imunologia e t\u00e9cnicas laboratoriais avan\u00e7adas. <\/p>\n\n\n\n<p>Al\u00e9m disso, nosso departamento valoriza a colabora\u00e7\u00e3o interdisciplinar, buscando integrar conhecimentos de \u00e1reas como biologia molecular, gen\u00e9tica e medicina, criando um ambiente acad\u00eamico que promove a inova\u00e7\u00e3o e o pensamento cr\u00edtico. <\/p>\n\n\n\n<p>Nossa estrutura e nossos programas de ensino, pesquisa e extens\u00e3o, est\u00e3o voltados para preparar nossos estudantes para enfrentar os desafios da pr\u00e1tica cl\u00ednica, da pesquisa cient\u00edfica e do desenvolvimento de novas tecnologias de diagn\u00f3stico.<\/p>\n\n\n\n<p>Acreditamos que, ao formar profissionais qualificados e ao promover pesquisas, estamos contribuindo ativamente para a melhoria da qualidade de vida e para o progresso cient\u00edfico e tecnol\u00f3gico na \u00e1rea da sa\u00fade. <\/p>\n\n\n\n<p>Convidamos voc\u00ea a conhecer mais sobre nosso trabalho e a se juntar a n\u00f3s nessa jornada de descoberta e aprendizado.<\/p>\n","protected":false},"excerpt":{"rendered":"<p>O Departamento de Ci\u00eancias Patol\u00f3gicas foi criado em 1968 e est\u00e1 localizado no Centro de Ci\u00eancias Biol\u00f3gicas (CCB), no Campus da UEL. No Departamento est\u00e3o&nbsp;agrupadas as \u00e1reas de Imunologia, Parasitologia e Patologia Geral, que atendem os cursos de&nbsp;Biomedicina,&nbsp;Biologia, Biotecnologia, Enfermagem, Farm\u00e1cia, Fisioterapia, Medicina, Nutri\u00e7\u00e3o, Odontologia, Veterin\u00e1ria e Zootecnia. Nossa miss\u00e3o \u00e9 formar profissionais altamente capacitados [&hellip;]<\/p>\n","protected":false},"author":6,"featured_media":0,"parent":0,"menu_order":0,"comment_status":"closed","ping_status":"closed","template":"","meta":{"_acf_changed":false,"_themeisle_gutenberg_block_has_review":false,"footnotes":""},"class_list":["post-36","page","type-page","status-publish","hentry"],"acf":[],"_links":{"self":[{"href":"https:\/\/departamentos.uel.br\/ciencias-patologicas\/wp-json\/wp\/v2\/pages\/36","targetHints":{"allow":["GET"]}}],"collection":[{"href":"https:\/\/departamentos.uel.br\/ciencias-patologicas\/wp-json\/wp\/v2\/pages"}],"about":[{"href":"https:\/\/departamentos.uel.br\/ciencias-patologicas\/wp-json\/wp\/v2\/types\/page"}],"author":[{"embeddable":true,"href":"https:\/\/departamentos.uel.br\/ciencias-patologicas\/wp-json\/wp\/v2\/users\/6"}],"replies":[{"embeddable":true,"href":"https:\/\/departamentos.uel.br\/ciencias-patologicas\/wp-json\/wp\/v2\/comments?post=36"}],"version-history":[{"count":3,"href":"https:\/\/departamentos.uel.br\/ciencias-patologicas\/wp-json\/wp\/v2\/pages\/36\/revisions"}],"predecessor-version":[{"id":55,"href":"https:\/\/departamentos.uel.br\/ciencias-patologicas\/wp-json\/wp\/v2\/pages\/36\/revisions\/55"}],"wp:attachment":[{"href":"https:\/\/departamentos.uel.br\/ciencias-patologicas\/wp-json\/wp\/v2\/media?parent=36"}],"curies":[{"name":"wp","href":"https:\/\/api.w.org\/{rel}","templated":true}]}}