{"id":40,"date":"2024-11-05T15:50:28","date_gmt":"2024-11-05T18:50:28","guid":{"rendered":"https:\/\/departamentos.uel.br\/ciencias-fisiologicas\/?page_id=40"},"modified":"2024-11-05T16:12:13","modified_gmt":"2024-11-05T19:12:13","slug":"corpo-tecnico","status":"publish","type":"page","link":"https:\/\/departamentos.uel.br\/ciencias-fisiologicas\/corpo-tecnico\/","title":{"rendered":"Corpo T\u00e9cnico"},"content":{"rendered":"\n<p><strong>Chefe do Departamento<\/strong><br>Ernane Torres Uch\u00f4a<br>euchoa@uel.br<\/p>\n\n\n\n<p><strong>Vice-Chefe do Departamento<\/strong><br>Mauro Leonelli<br>mauroleonelli@uel.br<\/p>\n\n\n\n<p><strong>Secretaria do Departamento<\/strong><br>E-mail: cif@uel.br<\/p>\n\n\n\n<p><strong>Secret\u00e1ria da P\u00f3s-Gradua\u00e7\u00e3o<\/strong> (8:00 \u00e0s 12:00h)<br>Thialla Fernandes <br>thialla@uel.br<\/p>\n\n\n\n<p><strong>T\u00e9cnicos dos Laborat\u00f3rios<\/strong><br>Afonso de Azevado Saiz<br>saiz@uel.br<\/p>\n\n\n\n<p>Fujiko Eliana Morinaga<br>fumorinaga@uel.br<\/p>\n\n\n\n<p>Wagner Ezequiel Risso<br>wagner@uel.br<\/p>\n\n\n\n<p><\/p>\n","protected":false},"excerpt":{"rendered":"<p>Chefe do DepartamentoErnane Torres Uch\u00f4aeuchoa@uel.br Vice-Chefe do DepartamentoMauro Leonellimauroleonelli@uel.br Secretaria do DepartamentoE-mail: cif@uel.br Secret\u00e1ria da P\u00f3s-Gradua\u00e7\u00e3o (8:00 \u00e0s 12:00h)Thialla Fernandes thialla@uel.br T\u00e9cnicos dos Laborat\u00f3riosAfonso de Azevado Saizsaiz@uel.br Fujiko Eliana Morinagafumorinaga@uel.br Wagner Ezequiel Rissowagner@uel.br<\/p>\n","protected":false},"author":6,"featured_media":0,"parent":0,"menu_order":0,"comment_status":"closed","ping_status":"closed","template":"","meta":{"_acf_changed":false,"_themeisle_gutenberg_block_has_review":false,"footnotes":""},"class_list":["post-40","page","type-page","status-publish","hentry"],"acf":[],"_links":{"self":[{"href":"https:\/\/departamentos.uel.br\/ciencias-fisiologicas\/wp-json\/wp\/v2\/pages\/40","targetHints":{"allow":["GET"]}}],"collection":[{"href":"https:\/\/departamentos.uel.br\/ciencias-fisiologicas\/wp-json\/wp\/v2\/pages"}],"about":[{"href":"https:\/\/departamentos.uel.br\/ciencias-fisiologicas\/wp-json\/wp\/v2\/types\/page"}],"author":[{"embeddable":true,"href":"https:\/\/departamentos.uel.br\/ciencias-fisiologicas\/wp-json\/wp\/v2\/users\/6"}],"replies":[{"embeddable":true,"href":"https:\/\/departamentos.uel.br\/ciencias-fisiologicas\/wp-json\/wp\/v2\/comments?post=40"}],"version-history":[{"count":4,"href":"https:\/\/departamentos.uel.br\/ciencias-fisiologicas\/wp-json\/wp\/v2\/pages\/40\/revisions"}],"predecessor-version":[{"id":60,"href":"https:\/\/departamentos.uel.br\/ciencias-fisiologicas\/wp-json\/wp\/v2\/pages\/40\/revisions\/60"}],"wp:attachment":[{"href":"https:\/\/departamentos.uel.br\/ciencias-fisiologicas\/wp-json\/wp\/v2\/media?parent=40"}],"curies":[{"name":"wp","href":"https:\/\/api.w.org\/{rel}","templated":true}]}}