{"id":33,"date":"2024-10-17T11:02:19","date_gmt":"2024-10-17T14:02:19","guid":{"rendered":"https:\/\/departamentos.uel.br\/ciencias-farmaceuticas\/?page_id=33"},"modified":"2024-10-17T16:22:46","modified_gmt":"2024-10-17T19:22:46","slug":"sobre-o-departamento","status":"publish","type":"page","link":"https:\/\/departamentos.uel.br\/ciencias-farmaceuticas\/sobre-o-departamento\/","title":{"rendered":"Sobre o Departamento"},"content":{"rendered":"\n<p>Nosso Departamento \u00e9 um centro de excel\u00eancia acad\u00eamica, cient\u00edfica e profissional, comprometido com a forma\u00e7\u00e3o de profissionais altamente qualificados e com o avan\u00e7o da pesquisa na \u00e1rea farmac\u00eautica.<\/p>\n\n\n\n<p>Nossa miss\u00e3o \u00e9 proporcionar uma educa\u00e7\u00e3o de qualidade, promovendo o desenvolvimento de conhecimentos e habilidades fundamentais para o exerc\u00edcio das ci\u00eancias farmac\u00eauticas, abrangendo desde a pesquisa e desenvolvimento de novos medicamentos at\u00e9 a sua produ\u00e7\u00e3o, controle de qualidade, regula\u00e7\u00e3o e uso seguro. <\/p>\n\n\n\n<p>Formamos farmac\u00eauticos e pesquisadores preparados para enfrentar os desafios contempor\u00e2neos da sa\u00fade e da ind\u00fastria farmac\u00eautica, com um forte compromisso com a \u00e9tica e a responsabilidade social.<\/p>\n\n\n\n<p>O Departamento oferece cursos de gradua\u00e7\u00e3o, p\u00f3s-gradua\u00e7\u00e3o (mestrado e doutorado). Nosso corpo docente \u00e9 formado por professores altamente qualificados, muitos dos quais com reconhecida produ\u00e7\u00e3o cient\u00edfica.<\/p>\n\n\n\n<p>Estamos comprometidos em ser protagonistas no desenvolvimento de novas tecnologias e solu\u00e7\u00f5es que contribuam para o avan\u00e7o da sa\u00fade p\u00fablica e do bem-estar da sociedade.<\/p>\n\n\n\n<p>Seja na forma\u00e7\u00e3o acad\u00eamica ou na pesquisa, o Departamento de Ci\u00eancias Farmac\u00eauticas da UEL \u00e9 um espa\u00e7o de inova\u00e7\u00e3o, compromisso e transforma\u00e7\u00e3o.<\/p>\n\n\n\n<p><\/p>\n","protected":false},"excerpt":{"rendered":"<p>Nosso Departamento \u00e9 um centro de excel\u00eancia acad\u00eamica, cient\u00edfica e profissional, comprometido com a forma\u00e7\u00e3o de profissionais altamente qualificados e com o avan\u00e7o da pesquisa na \u00e1rea farmac\u00eautica. Nossa miss\u00e3o \u00e9 proporcionar uma educa\u00e7\u00e3o de qualidade, promovendo o desenvolvimento de conhecimentos e habilidades fundamentais para o exerc\u00edcio das ci\u00eancias farmac\u00eauticas, abrangendo desde a pesquisa e [&hellip;]<\/p>\n","protected":false},"author":6,"featured_media":0,"parent":0,"menu_order":0,"comment_status":"closed","ping_status":"closed","template":"","meta":{"_acf_changed":false,"_themeisle_gutenberg_block_has_review":false,"footnotes":""},"class_list":["post-33","page","type-page","status-publish","hentry"],"acf":[],"_links":{"self":[{"href":"https:\/\/departamentos.uel.br\/ciencias-farmaceuticas\/wp-json\/wp\/v2\/pages\/33","targetHints":{"allow":["GET"]}}],"collection":[{"href":"https:\/\/departamentos.uel.br\/ciencias-farmaceuticas\/wp-json\/wp\/v2\/pages"}],"about":[{"href":"https:\/\/departamentos.uel.br\/ciencias-farmaceuticas\/wp-json\/wp\/v2\/types\/page"}],"author":[{"embeddable":true,"href":"https:\/\/departamentos.uel.br\/ciencias-farmaceuticas\/wp-json\/wp\/v2\/users\/6"}],"replies":[{"embeddable":true,"href":"https:\/\/departamentos.uel.br\/ciencias-farmaceuticas\/wp-json\/wp\/v2\/comments?post=33"}],"version-history":[{"count":2,"href":"https:\/\/departamentos.uel.br\/ciencias-farmaceuticas\/wp-json\/wp\/v2\/pages\/33\/revisions"}],"predecessor-version":[{"id":98,"href":"https:\/\/departamentos.uel.br\/ciencias-farmaceuticas\/wp-json\/wp\/v2\/pages\/33\/revisions\/98"}],"wp:attachment":[{"href":"https:\/\/departamentos.uel.br\/ciencias-farmaceuticas\/wp-json\/wp\/v2\/media?parent=33"}],"curies":[{"name":"wp","href":"https:\/\/api.w.org\/{rel}","templated":true}]}}