{"id":31,"date":"2024-10-17T11:01:06","date_gmt":"2024-10-17T14:01:06","guid":{"rendered":"https:\/\/departamentos.uel.br\/ciencias-farmaceuticas\/?page_id=31"},"modified":"2024-10-17T15:51:56","modified_gmt":"2024-10-17T18:51:56","slug":"eventos","status":"publish","type":"page","link":"https:\/\/departamentos.uel.br\/ciencias-farmaceuticas\/eventos\/","title":{"rendered":"Eventos"},"content":{"rendered":"\n<p><\/p>\n\n\n\n<p class=\"has-medium-font-size\"><strong>2023<\/strong><\/p>\n\n\n\n<div id=\"wp-block-themeisle-blocks-accordion-6267e406\" class=\"wp-block-themeisle-blocks-accordion exclusive\">\n<details class=\"wp-block-themeisle-blocks-accordion-item\"><summary class=\"wp-block-themeisle-blocks-accordion-item__title\"><div><strong>III SIMP\u00d3SIO DE QU\u00cdMICA FARMAC\u00caUTICA &amp; MEDIEVAL<\/strong><br>O evento, de forma remota, \u00e9 organizado por acad\u00eamicos da UEL vinculados \u00e0 Liga Acad\u00eamica de Qu\u00edmica Farmac\u00eautica e Medicinal (LAQFAM) e tem o objetivo de promover discuss\u00f5es sobre temas relacionados \u00e0 descoberta de desenvolvimento de novos f\u00e1rmacos, explorando diferentes estrat\u00e9gias e ferramentas utilizadas por profissionais das \u00e1reas de Farm\u00e1cia, Qu\u00edmica, Medicina, Biomedicina, Biologia e Biotecnologia.\u00a0<\/div><\/summary><div class=\"wp-block-themeisle-blocks-accordion-item__content\"><div class=\"wp-block-image\">\n<figure class=\"aligncenter size-full\"><img loading=\"lazy\" decoding=\"async\" width=\"719\" height=\"176\" src=\"https:\/\/departamentos.uel.br\/ciencias-farmaceuticas\/wp-content\/uploads\/2024\/10\/evento5.png\" alt=\"\" class=\"wp-image-84\" srcset=\"https:\/\/departamentos.uel.br\/ciencias-farmaceuticas\/wp-content\/uploads\/2024\/10\/evento5.png 719w, https:\/\/departamentos.uel.br\/ciencias-farmaceuticas\/wp-content\/uploads\/2024\/10\/evento5-300x73.png 300w\" sizes=\"auto, (max-width: 719px) 100vw, 719px\" \/><figcaption class=\"wp-element-caption\">Para maiores informa\u00e7\u00f5es clique em <strong><a href=\"https:\/\/lasmmed.com.br\/iii-simqfam\/\">saiba mais<\/a><\/strong><\/figcaption><\/figure>\n<\/div><\/div><\/details>\n<\/div>\n","protected":false},"excerpt":{"rendered":"<p>2023<\/p>\n","protected":false},"author":6,"featured_media":0,"parent":0,"menu_order":0,"comment_status":"closed","ping_status":"closed","template":"","meta":{"_acf_changed":false,"_themeisle_gutenberg_block_has_review":false,"footnotes":""},"class_list":["post-31","page","type-page","status-publish","hentry"],"acf":[],"_links":{"self":[{"href":"https:\/\/departamentos.uel.br\/ciencias-farmaceuticas\/wp-json\/wp\/v2\/pages\/31","targetHints":{"allow":["GET"]}}],"collection":[{"href":"https:\/\/departamentos.uel.br\/ciencias-farmaceuticas\/wp-json\/wp\/v2\/pages"}],"about":[{"href":"https:\/\/departamentos.uel.br\/ciencias-farmaceuticas\/wp-json\/wp\/v2\/types\/page"}],"author":[{"embeddable":true,"href":"https:\/\/departamentos.uel.br\/ciencias-farmaceuticas\/wp-json\/wp\/v2\/users\/6"}],"replies":[{"embeddable":true,"href":"https:\/\/departamentos.uel.br\/ciencias-farmaceuticas\/wp-json\/wp\/v2\/comments?post=31"}],"version-history":[{"count":4,"href":"https:\/\/departamentos.uel.br\/ciencias-farmaceuticas\/wp-json\/wp\/v2\/pages\/31\/revisions"}],"predecessor-version":[{"id":87,"href":"https:\/\/departamentos.uel.br\/ciencias-farmaceuticas\/wp-json\/wp\/v2\/pages\/31\/revisions\/87"}],"wp:attachment":[{"href":"https:\/\/departamentos.uel.br\/ciencias-farmaceuticas\/wp-json\/wp\/v2\/media?parent=31"}],"curies":[{"name":"wp","href":"https:\/\/api.w.org\/{rel}","templated":true}]}}