{"id":29,"date":"2024-10-17T11:00:28","date_gmt":"2024-10-17T14:00:28","guid":{"rendered":"https:\/\/departamentos.uel.br\/ciencias-farmaceuticas\/?page_id=29"},"modified":"2024-10-17T15:02:18","modified_gmt":"2024-10-17T18:02:18","slug":"infraestrutura","status":"publish","type":"page","link":"https:\/\/departamentos.uel.br\/ciencias-farmaceuticas\/infraestrutura\/","title":{"rendered":"Infraestrutura"},"content":{"rendered":"\n<p>O Departamento de Ci\u00eancias Farmac\u00eauticas da UEL faz parte da estrutura administrativa e f\u00edsica do Centro de Ci\u00eancias da Sa\u00fade (CCS).<\/p>\n\n\n\n<iframe src=\"https:\/\/www.google.com\/maps\/embed?pb=!1m18!1m12!1m3!1d3663.693896539395!2d-51.1313486248339!3d-23.32686245301878!2m3!1f0!2f0!3f0!3m2!1i1024!2i768!4f13.1!3m3!1m2!1s0x94eb43a28a9ac085%3A0x151ac1eebbb119ea!2sCCS%20-%20Centro%20de%20Ci%C3%AAncias%20da%20Sa%C3%BAde!5e0!3m2!1spt-BR!2sbr!4v1729188079498!5m2!1spt-BR!2sbr\" width=\"1000\" height=\"600\" style=\"border:0;\" allowfullscreen=\"\" loading=\"lazy\" referrerpolicy=\"no-referrer-when-downgrade\"><\/iframe>\n","protected":false},"excerpt":{"rendered":"<p>O Departamento de Ci\u00eancias Farmac\u00eauticas da UEL faz parte da estrutura administrativa e f\u00edsica do Centro de Ci\u00eancias da Sa\u00fade (CCS).<\/p>\n","protected":false},"author":6,"featured_media":0,"parent":0,"menu_order":0,"comment_status":"closed","ping_status":"closed","template":"","meta":{"_acf_changed":false,"_themeisle_gutenberg_block_has_review":false,"footnotes":""},"class_list":["post-29","page","type-page","status-publish","hentry"],"acf":[],"_links":{"self":[{"href":"https:\/\/departamentos.uel.br\/ciencias-farmaceuticas\/wp-json\/wp\/v2\/pages\/29","targetHints":{"allow":["GET"]}}],"collection":[{"href":"https:\/\/departamentos.uel.br\/ciencias-farmaceuticas\/wp-json\/wp\/v2\/pages"}],"about":[{"href":"https:\/\/departamentos.uel.br\/ciencias-farmaceuticas\/wp-json\/wp\/v2\/types\/page"}],"author":[{"embeddable":true,"href":"https:\/\/departamentos.uel.br\/ciencias-farmaceuticas\/wp-json\/wp\/v2\/users\/6"}],"replies":[{"embeddable":true,"href":"https:\/\/departamentos.uel.br\/ciencias-farmaceuticas\/wp-json\/wp\/v2\/comments?post=29"}],"version-history":[{"count":3,"href":"https:\/\/departamentos.uel.br\/ciencias-farmaceuticas\/wp-json\/wp\/v2\/pages\/29\/revisions"}],"predecessor-version":[{"id":69,"href":"https:\/\/departamentos.uel.br\/ciencias-farmaceuticas\/wp-json\/wp\/v2\/pages\/29\/revisions\/69"}],"wp:attachment":[{"href":"https:\/\/departamentos.uel.br\/ciencias-farmaceuticas\/wp-json\/wp\/v2\/media?parent=29"}],"curies":[{"name":"wp","href":"https:\/\/api.w.org\/{rel}","templated":true}]}}