{"id":42,"date":"2024-09-27T14:32:51","date_gmt":"2024-09-27T17:32:51","guid":{"rendered":"https:\/\/departamentos.uel.br\/ciencias-do-esporte\/?page_id=42"},"modified":"2024-10-03T10:19:01","modified_gmt":"2024-10-03T13:19:01","slug":"corpo-tecnico","status":"publish","type":"page","link":"https:\/\/departamentos.uel.br\/ciencias-do-esporte\/corpo-tecnico\/","title":{"rendered":"Corpo T\u00e9cnico"},"content":{"rendered":"\n<p><strong>Chefe do Departamento<\/strong><br>H\u00e9lio Serassuelo Junior<br>heliojr@uel.br<\/p>\n\n\n\n<p><strong>Vice-chefe do Departamento<\/strong><br>H\u00e9lcio Rossi Gon\u00e7alves<br>helcio@uel.br<\/p>\n\n\n\n<p><strong>Comiss\u00e3o de Extens\u00e3o<\/strong><br>Coordenadora: \u00c2ngela Farah Mar\u00e7al<br>amarcal@uel.br<br>Membro1: Marcos Augusto Rocha<br>rocha@uel.br<br>Membro2: Evanil Ant\u00f4nio Guarido<br>evanil@uel.br<\/p>\n\n\n\n<p><strong>Comiss\u00e3o de Pesquisa<\/strong><br>Coordenadora: M\u00e1rcia Greguol<br>mgreguol@uel.br<br>Membro1: Arli Ramos de Oliveira<br>arli@uel.br<br>Membro2: Felipe Arruda Moura<br>felipemoura@uel.br<\/p>\n\n\n\n<p><strong>Comiss\u00e3o de P\u00f3s-Gradua\u00e7\u00e3o<\/strong><br>Coordenador: Felipe Arruda Moura<br>felipemoura@uel.br<br>Membro1: M\u00e1rcia Greguol<br>mgreguol@uel.br<br>Membro2: Arli Ramos de Oliveira<br>arli@uel.br<\/p>\n\n\n\n<p><strong>Comiss\u00e3o de Apoio para Acompanhamento de Estudantes com Defici\u00eancia (CAEED\/UEL)<\/strong><br>Representante: M\u00e1rcia Greguol<br>mgreguol@uel.br<\/p>\n\n\n\n<p><\/p>\n\n\n\n<p><\/p>\n\n\n\n<p><\/p>\n\n\n\n<p><br><\/p>\n","protected":false},"excerpt":{"rendered":"<p>Chefe do DepartamentoH\u00e9lio Serassuelo Juniorheliojr@uel.br Vice-chefe do DepartamentoH\u00e9lcio Rossi Gon\u00e7alveshelcio@uel.br Comiss\u00e3o de Extens\u00e3oCoordenadora: \u00c2ngela Farah Mar\u00e7alamarcal@uel.brMembro1: Marcos Augusto Rocharocha@uel.brMembro2: Evanil Ant\u00f4nio Guaridoevanil@uel.br Comiss\u00e3o de PesquisaCoordenadora: M\u00e1rcia Greguolmgreguol@uel.brMembro1: Arli Ramos de Oliveiraarli@uel.brMembro2: Felipe Arruda Mourafelipemoura@uel.br Comiss\u00e3o de P\u00f3s-Gradua\u00e7\u00e3oCoordenador: Felipe Arruda Mourafelipemoura@uel.brMembro1: M\u00e1rcia Greguolmgreguol@uel.brMembro2: Arli Ramos de Oliveiraarli@uel.br Comiss\u00e3o de Apoio para Acompanhamento de Estudantes com Defici\u00eancia [&hellip;]<\/p>\n","protected":false},"author":6,"featured_media":0,"parent":0,"menu_order":0,"comment_status":"closed","ping_status":"closed","template":"","meta":{"_acf_changed":false,"_themeisle_gutenberg_block_has_review":false,"footnotes":""},"class_list":["post-42","page","type-page","status-publish","hentry"],"acf":[],"_links":{"self":[{"href":"https:\/\/departamentos.uel.br\/ciencias-do-esporte\/wp-json\/wp\/v2\/pages\/42","targetHints":{"allow":["GET"]}}],"collection":[{"href":"https:\/\/departamentos.uel.br\/ciencias-do-esporte\/wp-json\/wp\/v2\/pages"}],"about":[{"href":"https:\/\/departamentos.uel.br\/ciencias-do-esporte\/wp-json\/wp\/v2\/types\/page"}],"author":[{"embeddable":true,"href":"https:\/\/departamentos.uel.br\/ciencias-do-esporte\/wp-json\/wp\/v2\/users\/6"}],"replies":[{"embeddable":true,"href":"https:\/\/departamentos.uel.br\/ciencias-do-esporte\/wp-json\/wp\/v2\/comments?post=42"}],"version-history":[{"count":8,"href":"https:\/\/departamentos.uel.br\/ciencias-do-esporte\/wp-json\/wp\/v2\/pages\/42\/revisions"}],"predecessor-version":[{"id":85,"href":"https:\/\/departamentos.uel.br\/ciencias-do-esporte\/wp-json\/wp\/v2\/pages\/42\/revisions\/85"}],"wp:attachment":[{"href":"https:\/\/departamentos.uel.br\/ciencias-do-esporte\/wp-json\/wp\/v2\/media?parent=42"}],"curies":[{"name":"wp","href":"https:\/\/api.w.org\/{rel}","templated":true}]}}