{"id":38,"date":"2024-09-27T14:31:46","date_gmt":"2024-09-27T17:31:46","guid":{"rendered":"https:\/\/departamentos.uel.br\/ciencias-do-esporte\/?page_id=38"},"modified":"2024-10-02T11:02:47","modified_gmt":"2024-10-02T14:02:47","slug":"sobre-o-departamento","status":"publish","type":"page","link":"https:\/\/departamentos.uel.br\/ciencias-do-esporte\/sobre-o-departamento\/","title":{"rendered":"Sobre o Departamento"},"content":{"rendered":"\n<p>O Curso de Esporte pretende formar um profissional que possa atuar no campo profissional e acad\u00eamico nas dimens\u00f5es do Esporte: rendimento, lazer, educa\u00e7\u00e3o e sa\u00fade, nos diferentes contextos da sociedade contempor\u00e2nea. Progressivamente o aprofundamento dos conhecimentos ao longo do curso, levar\u00e1 o estudante a uma conscientiza\u00e7\u00e3o da import\u00e2ncia de seu futuro na sociedade.<\/p>\n\n\n\n<p>O estudante do Curso de Esporte ter\u00e1 uma forma\u00e7\u00e3o human\u00edstica, cr\u00edtica, reflexiva e com base no rigor cient\u00edfico. Pautado no princ\u00edpio \u00e9tico, dever\u00e1 estudar, pesquisar, esclarecer e intervir profissional e academicamente no contexto do esporte. A partir de conhecimentos de natureza t\u00e9cnica, cient\u00edfica e s\u00f3cio cultural, o estudante ser\u00e1 preparado para intervir nas diferentes dimens\u00f5es e express\u00f5es do esporte.&nbsp;<\/p>\n","protected":false},"excerpt":{"rendered":"<p>O Curso de Esporte pretende formar um profissional que possa atuar no campo profissional e acad\u00eamico nas dimens\u00f5es do Esporte: rendimento, lazer, educa\u00e7\u00e3o e sa\u00fade, nos diferentes contextos da sociedade contempor\u00e2nea. Progressivamente o aprofundamento dos conhecimentos ao longo do curso, levar\u00e1 o estudante a uma conscientiza\u00e7\u00e3o da import\u00e2ncia de seu futuro na sociedade. O estudante [&hellip;]<\/p>\n","protected":false},"author":6,"featured_media":0,"parent":0,"menu_order":0,"comment_status":"closed","ping_status":"closed","template":"","meta":{"_acf_changed":false,"_themeisle_gutenberg_block_has_review":false,"footnotes":""},"class_list":["post-38","page","type-page","status-publish","hentry"],"acf":[],"_links":{"self":[{"href":"https:\/\/departamentos.uel.br\/ciencias-do-esporte\/wp-json\/wp\/v2\/pages\/38","targetHints":{"allow":["GET"]}}],"collection":[{"href":"https:\/\/departamentos.uel.br\/ciencias-do-esporte\/wp-json\/wp\/v2\/pages"}],"about":[{"href":"https:\/\/departamentos.uel.br\/ciencias-do-esporte\/wp-json\/wp\/v2\/types\/page"}],"author":[{"embeddable":true,"href":"https:\/\/departamentos.uel.br\/ciencias-do-esporte\/wp-json\/wp\/v2\/users\/6"}],"replies":[{"embeddable":true,"href":"https:\/\/departamentos.uel.br\/ciencias-do-esporte\/wp-json\/wp\/v2\/comments?post=38"}],"version-history":[{"count":4,"href":"https:\/\/departamentos.uel.br\/ciencias-do-esporte\/wp-json\/wp\/v2\/pages\/38\/revisions"}],"predecessor-version":[{"id":61,"href":"https:\/\/departamentos.uel.br\/ciencias-do-esporte\/wp-json\/wp\/v2\/pages\/38\/revisions\/61"}],"wp:attachment":[{"href":"https:\/\/departamentos.uel.br\/ciencias-do-esporte\/wp-json\/wp\/v2\/media?parent=38"}],"curies":[{"name":"wp","href":"https:\/\/api.w.org\/{rel}","templated":true}]}}