{"id":33,"date":"2024-09-27T14:29:32","date_gmt":"2024-09-27T17:29:32","guid":{"rendered":"https:\/\/departamentos.uel.br\/ciencias-do-esporte\/?page_id=33"},"modified":"2024-10-03T17:08:59","modified_gmt":"2024-10-03T20:08:59","slug":"eventos","status":"publish","type":"page","link":"https:\/\/departamentos.uel.br\/ciencias-do-esporte\/eventos\/","title":{"rendered":"Eventos"},"content":{"rendered":"\n<div class=\"wp-block-columns is-layout-flex wp-container-core-columns-is-layout-9d6595d7 wp-block-columns-is-layout-flex\">\n<div class=\"wp-block-column is-layout-flow wp-block-column-is-layout-flow\"><\/div>\n<\/div>\n\n\n\n<p><strong>2023<\/strong><\/p>\n\n\n\n<div id=\"wp-block-themeisle-blocks-accordion-a6339748\" class=\"wp-block-themeisle-blocks-accordion exclusive\">\n<details class=\"wp-block-themeisle-blocks-accordion-item\"><summary class=\"wp-block-themeisle-blocks-accordion-item__title\"><div><strong>CONBRAMENE\u00a0\u2013 Congresso Brasileiro de Metabolismo, Nutri\u00e7\u00e3o e Exerc\u00edcio<br><\/strong>De 17 a 20 de Maio de 2023, para maiores informa\u00e7\u00f5es clique no\u00a0<strong><a href=\"https:\/\/conbramene.com.br\/#modal\">link<\/a><\/strong>.<\/div><\/summary><div class=\"wp-block-themeisle-blocks-accordion-item__content\"><div class=\"wp-block-image\">\n<figure class=\"aligncenter size-large is-resized\"><img loading=\"lazy\" decoding=\"async\" width=\"1024\" height=\"418\" src=\"https:\/\/departamentos.uel.br\/ciencias-do-esporte\/wp-content\/uploads\/2024\/10\/evento-edu-1024x418.png\" alt=\"\" class=\"wp-image-105\" style=\"width:732px;height:auto\" srcset=\"https:\/\/departamentos.uel.br\/ciencias-do-esporte\/wp-content\/uploads\/2024\/10\/evento-edu-1024x418.png 1024w, https:\/\/departamentos.uel.br\/ciencias-do-esporte\/wp-content\/uploads\/2024\/10\/evento-edu-300x122.png 300w, https:\/\/departamentos.uel.br\/ciencias-do-esporte\/wp-content\/uploads\/2024\/10\/evento-edu-768x313.png 768w, https:\/\/departamentos.uel.br\/ciencias-do-esporte\/wp-content\/uploads\/2024\/10\/evento-edu.png 1410w\" sizes=\"auto, (max-width: 1024px) 100vw, 1024px\" \/><\/figure>\n<\/div><\/div><\/details>\n<\/div>\n","protected":false},"excerpt":{"rendered":"<p>2023<\/p>\n","protected":false},"author":6,"featured_media":0,"parent":0,"menu_order":0,"comment_status":"closed","ping_status":"closed","template":"","meta":{"_acf_changed":false,"_themeisle_gutenberg_block_has_review":false,"footnotes":""},"class_list":["post-33","page","type-page","status-publish","hentry"],"acf":[],"_links":{"self":[{"href":"https:\/\/departamentos.uel.br\/ciencias-do-esporte\/wp-json\/wp\/v2\/pages\/33","targetHints":{"allow":["GET"]}}],"collection":[{"href":"https:\/\/departamentos.uel.br\/ciencias-do-esporte\/wp-json\/wp\/v2\/pages"}],"about":[{"href":"https:\/\/departamentos.uel.br\/ciencias-do-esporte\/wp-json\/wp\/v2\/types\/page"}],"author":[{"embeddable":true,"href":"https:\/\/departamentos.uel.br\/ciencias-do-esporte\/wp-json\/wp\/v2\/users\/6"}],"replies":[{"embeddable":true,"href":"https:\/\/departamentos.uel.br\/ciencias-do-esporte\/wp-json\/wp\/v2\/comments?post=33"}],"version-history":[{"count":4,"href":"https:\/\/departamentos.uel.br\/ciencias-do-esporte\/wp-json\/wp\/v2\/pages\/33\/revisions"}],"predecessor-version":[{"id":107,"href":"https:\/\/departamentos.uel.br\/ciencias-do-esporte\/wp-json\/wp\/v2\/pages\/33\/revisions\/107"}],"wp:attachment":[{"href":"https:\/\/departamentos.uel.br\/ciencias-do-esporte\/wp-json\/wp\/v2\/media?parent=33"}],"curies":[{"name":"wp","href":"https:\/\/api.w.org\/{rel}","templated":true}]}}