{"id":31,"date":"2024-10-25T15:16:26","date_gmt":"2024-10-25T18:16:26","guid":{"rendered":"https:\/\/departamentos.uel.br\/ciencias-contabeis\/?page_id=31"},"modified":"2024-10-25T15:55:54","modified_gmt":"2024-10-25T18:55:54","slug":"infraestrutura","status":"publish","type":"page","link":"https:\/\/departamentos.uel.br\/ciencias-contabeis\/infraestrutura\/","title":{"rendered":"Infraestrutura"},"content":{"rendered":"\n<p>O Departamento de Ci\u00eancias Cont\u00e1beis faz parte da estrutura administrativa e f\u00edsica dos Centros de Estudos Sociais Aplicados (CESA).<\/p>\n\n\n\n<iframe src=\"https:\/\/www.google.com\/maps\/embed?pb=!1m18!1m12!1m3!1d3663.7084140844972!2d-51.20724272483407!3d-23.326335952999546!2m3!1f0!2f0!3f0!3m2!1i1024!2i768!4f13.1!3m3!1m2!1s0x94eb5c9e6edb06cb%3A0xad650f515f9a4cd2!2sCESA%20-%20Centro%20de%20Estudos%20Sociais%20Aplicados!5e0!3m2!1spt-BR!2sbr!4v1729882399633!5m2!1spt-BR!2sbr\" width=\"1000\" height=\"600\" style=\"border:0;\" allowfullscreen=\"\" loading=\"lazy\" referrerpolicy=\"no-referrer-when-downgrade\"><\/iframe>\n","protected":false},"excerpt":{"rendered":"<p>O Departamento de Ci\u00eancias Cont\u00e1beis faz parte da estrutura administrativa e f\u00edsica dos Centros de Estudos Sociais Aplicados (CESA).<\/p>\n","protected":false},"author":6,"featured_media":0,"parent":0,"menu_order":0,"comment_status":"closed","ping_status":"closed","template":"","meta":{"_acf_changed":false,"_themeisle_gutenberg_block_has_review":false,"footnotes":""},"class_list":["post-31","page","type-page","status-publish","hentry"],"acf":[],"_links":{"self":[{"href":"https:\/\/departamentos.uel.br\/ciencias-contabeis\/wp-json\/wp\/v2\/pages\/31","targetHints":{"allow":["GET"]}}],"collection":[{"href":"https:\/\/departamentos.uel.br\/ciencias-contabeis\/wp-json\/wp\/v2\/pages"}],"about":[{"href":"https:\/\/departamentos.uel.br\/ciencias-contabeis\/wp-json\/wp\/v2\/types\/page"}],"author":[{"embeddable":true,"href":"https:\/\/departamentos.uel.br\/ciencias-contabeis\/wp-json\/wp\/v2\/users\/6"}],"replies":[{"embeddable":true,"href":"https:\/\/departamentos.uel.br\/ciencias-contabeis\/wp-json\/wp\/v2\/comments?post=31"}],"version-history":[{"count":3,"href":"https:\/\/departamentos.uel.br\/ciencias-contabeis\/wp-json\/wp\/v2\/pages\/31\/revisions"}],"predecessor-version":[{"id":77,"href":"https:\/\/departamentos.uel.br\/ciencias-contabeis\/wp-json\/wp\/v2\/pages\/31\/revisions\/77"}],"wp:attachment":[{"href":"https:\/\/departamentos.uel.br\/ciencias-contabeis\/wp-json\/wp\/v2\/media?parent=31"}],"curies":[{"name":"wp","href":"https:\/\/api.w.org\/{rel}","templated":true}]}}